{"id":11,"date":"2014-06-11T23:16:15","date_gmt":"2014-06-11T20:16:15","guid":{"rendered":"http:\/\/skotlanninhirvikoirat.fi\/?page_id=11"},"modified":"2024-06-11T22:19:19","modified_gmt":"2024-06-11T19:19:19","slug":"kasvattajat-ja-pentuja","status":"publish","type":"page","link":"https:\/\/skotlanninhirvikoirat.fi\/?page_id=11","title":{"rendered":"Kasvattajat"},"content":{"rendered":"<p>Kasvattajaluetteloon p\u00e4\u00e4semiseksi ole yhteydess\u00e4 jalostustoimikuntaan: jalostustoimikunta(at)<span data-ft=\"{&quot;tn&quot;:&quot;K&quot;}\"><span class=\"UFICommentBody _1n4g\">skotlanninhirvikoirat.fi<\/span><\/span><\/p>\n<p><span style=\"color: #682b30;\">Kasvattajia Suomessa:<\/span><\/p>\n<p style=\"padding-left: 30px;\"><span style=\"color: #682b30;\">BLIXTEN<\/span><br \/>\nMarja-Leena Arhima-Oinonen, Kantvik<br \/>\npuh. 0400-862 126<br \/>\nemail: blixten(at)netti.fi<br \/>\n<a title=\"Kennel Blixten\" href=\"http:\/\/www.freewebs.com\/mlao\/\" target=\"_blank\" rel=\"noopener noreferrer\">http:\/\/www.freewebs.com\/mlao\/<\/a><\/p>\n<p style=\"padding-left: 30px;\"><span style=\"color: #682b30;\">DIREWOLF<\/span><br \/>\nTapio Hellman<br \/>\nTampereentie 793,\u00a066450 JAKKULA<br \/>\npuh +358 40 752 4436<br \/>\n<a href=\"http:\/\/www.direwolf.fi\/\" target=\"_blank\" rel=\"noopener noreferrer\">http:\/\/www.direwolf.fi<\/a><\/p>\n<p style=\"padding-left: 30px;\"><span style=\"color: #682b30;\">KERSLAKE<\/span><br \/>\nCarina Engman, Helsingby<br \/>\npuh. 041-446 3261<br \/>\nemail: carina.engman(at)netikka.fi<\/p>\n<p style=\"padding-left: 30px;\"><span style=\"color: #682b30;\">OLD COBBLER&#8217;S<\/span><br \/>\nSatu Hakanurmi, Raisio<br \/>\npuh.\u00a0+358 40 7434 011<br \/>\nemail: satujatarina(at)<span class=\"skimlinks-unlinked\">icloud.com<br \/>\n<a href=\"https:\/\/oldcobblers.wordpress.com\">https:\/\/oldcobblers.wordpress.com<\/a><\/span><\/p>\n<p style=\"padding-left: 30px;\"><span style=\"color: #682b30;\">SANDMANSCOT&#8217;S<\/span><br \/>\nKielo Oksanen, Kellokoski<br \/>\nPuh. 040-833 6272<br \/>\nemail:\u00a0sandmanscots@gmail.com<br \/>\n<a href=\"http:\/\/sandmanscots.net\/\">http:\/\/sandmanscots.net\/<\/a><\/p>\n<p style=\"padding-left: 30px;\"><span style=\"color: #682b30;\">SASSATOWN<\/span><br \/>\nNora Stockmari, P\u00e4iv\u00f6l\u00e4<br \/>\npuh. 0445749850<br \/>\nemail: nora_c_m_s(at)hotmail.com<br \/>\n<a title=\"Kennel Sassatown\" href=\"http:\/\/www.stockmari.fi\/\" target=\"_blank\" rel=\"noopener noreferrer\">http:\/\/www.stockmari.fi\/<\/a><\/p>\n<p style=\"padding-left: 30px;\"><span style=\"color: #682b30;\">STRANGER&#8217;S<\/span><br \/>\nTanya Ahlman-Stockmari, Koski TL<br \/>\npuh. 02-484 1092, 050-533 4237<br \/>\nemail: stockmari(at)koski.fi<br \/>\n<a title=\"Kennel Stranger's\" href=\"http:\/\/www.stockmari.fi\/\" target=\"_blank\" rel=\"noopener noreferrer\">http:\/\/www.stockmari.fi\/<\/a><\/p>\n<p style=\"padding-left: 30px;\"><span style=\"color: #682b30;\">TIMBERMAN&#8217;s<\/span><br \/>\nSarri ja Riikka Alanne, Hurttala<br \/>\npuh. 050-4696095<br \/>\nemail: timbermans@gmail.com<br \/>\n<a href=\"http:\/\/www.saskanpoppoo.com\">www.saskanpoppoo.com<\/a><\/p>\n<h2><span style=\"color: #682b30;\">Kasvattajia Ruotsissa:<\/span><\/h2>\n<p style=\"padding-left: 30px;\"><span style=\"color: #682b30;\">HVITAS STJERNA<\/span><br \/>\nSusanne &amp; Ulf Sj\u00f6berg<br \/>\nG\u00e4rdesv\u00e4gen 19<br \/>\n19145 Sollentuna, Ruotsi<br \/>\nemail: susanne.sjoberg60(at)gmail.com<\/p>\n","protected":false},"excerpt":{"rendered":"<p>Kasvattajaluetteloon p\u00e4\u00e4semiseksi ole yhteydess\u00e4 jalostustoimikuntaan: jalostustoimikunta(at)skotlanninhirvikoirat.fi Kasvattajia Suomessa: BLIXTEN Marja-Leena Arhima-Oinonen, Kantvik puh. 0400-862 126 email: blixten(at)netti.fi http:\/\/www.freewebs.com\/mlao\/ DIREWOLF Tapio Hellman Tampereentie 793,\u00a066450 JAKKULA puh +358 40 752 4436 http:\/\/www.direwolf.fi KERSLAKE Carina Engman, Helsingby puh. 041-446 3261 email: carina.engman(at)netikka.fi OLD COBBLER&#8217;S Satu Hakanurmi, Raisio puh.\u00a0+358 40 7434 011 email: satujatarina(at)icloud.com https:\/\/oldcobblers.wordpress.com SANDMANSCOT&#8217;S Kielo Oksanen, Kellokoski &hellip; <\/p>\n<p class=\"link-more\"><a href=\"https:\/\/skotlanninhirvikoirat.fi\/?page_id=11\" class=\"more-link\">Continue reading<span class=\"screen-reader-text\"> &#8221;Kasvattajat&#8221;<\/span><\/a><\/p>\n","protected":false},"author":1,"featured_media":0,"parent":9,"menu_order":0,"comment_status":"closed","ping_status":"open","template":"","meta":{"footnotes":""},"class_list":["post-11","page","type-page","status-publish","hentry"],"_links":{"self":[{"href":"https:\/\/skotlanninhirvikoirat.fi\/index.php?rest_route=\/wp\/v2\/pages\/11","targetHints":{"allow":["GET"]}}],"collection":[{"href":"https:\/\/skotlanninhirvikoirat.fi\/index.php?rest_route=\/wp\/v2\/pages"}],"about":[{"href":"https:\/\/skotlanninhirvikoirat.fi\/index.php?rest_route=\/wp\/v2\/types\/page"}],"author":[{"embeddable":true,"href":"https:\/\/skotlanninhirvikoirat.fi\/index.php?rest_route=\/wp\/v2\/users\/1"}],"replies":[{"embeddable":true,"href":"https:\/\/skotlanninhirvikoirat.fi\/index.php?rest_route=%2Fwp%2Fv2%2Fcomments&post=11"}],"version-history":[{"count":25,"href":"https:\/\/skotlanninhirvikoirat.fi\/index.php?rest_route=\/wp\/v2\/pages\/11\/revisions"}],"predecessor-version":[{"id":4500,"href":"https:\/\/skotlanninhirvikoirat.fi\/index.php?rest_route=\/wp\/v2\/pages\/11\/revisions\/4500"}],"up":[{"embeddable":true,"href":"https:\/\/skotlanninhirvikoirat.fi\/index.php?rest_route=\/wp\/v2\/pages\/9"}],"wp:attachment":[{"href":"https:\/\/skotlanninhirvikoirat.fi\/index.php?rest_route=%2Fwp%2Fv2%2Fmedia&parent=11"}],"curies":[{"name":"wp","href":"https:\/\/api.w.org\/{rel}","templated":true}]}}