{"id":1101,"date":"2014-12-23T20:16:52","date_gmt":"2014-12-23T18:16:52","guid":{"rendered":"http:\/\/skotlanninhirvikoirat.fi\/?page_id=1101"},"modified":"2014-12-23T20:25:26","modified_gmt":"2014-12-23T18:25:26","slug":"vuosi-2013","status":"publish","type":"page","link":"https:\/\/skotlanninhirvikoirat.fi\/?page_id=1101","title":{"rendered":"Vuosi 2013"},"content":{"rendered":"<h1><span style=\"color: #682b30;\">Maastokoetuloksia\u00a02013<\/span><\/h1>\n<p>&nbsp;<\/p>\n<h2><span style=\"color: #682b30;\">Suomi-Cup listaus 2013<\/span><\/h2>\n<p>Skotlanninhirvikoiria 15 kpl, joista SUOMI-CUP listalle 5 kpl. Kutsutaan 2 kpl.<br \/>\nSuomi Cup CVM-14 kutsukilpailu j\u00e4rjestettiin <a href=\"http:\/\/www.suomenvinttikoiraliitto.fi\/files\/tulokset\/MA030514.htm\" target=\"_blank\">3.5.2014 Liedossa<\/a>.<br \/>\n<a href=\"http:\/\/koti.mbnet.fi\/sirke\/2013\/suomicup2013.htm\" target=\"_blank\">Suomi-Cup listaus roduittain<\/a><\/p>\n<p style=\"padding-left: 30px;\">1. Sandmanscot&#8217;s Tighearnach Kerhon maastomestari 2013<br \/>\n2. Black Jade&#8217;s Good Luck Charm SVKLMM-13<br \/>\n&#8212;&#8212;&#8212;&#8212;&#8212;&#8212;&#8212;&#8212;&#8212;&#8212;<br \/>\n3. Black Jade&#8217;s Fame and Fortune<br \/>\n4. Black Jade&#8217;s Brayden<br \/>\n5. Sandmanscot&#8217;s Triatmor<br \/>\n6. Black Jade&#8217;s Kentucky Rain<br \/>\n7. Black Jade&#8217;s Anwell<br \/>\n8. Black Jade&#8217;s Bradleah<br \/>\n9. Sweetscot Machrie Moor<br \/>\n10. Vaikonniemen Wild Rose<br \/>\n11. Blixten Big Boy Baron<br \/>\n12. Black Jade&#8217;s Cassidy<br \/>\n13. Chic Choix Arwen to Blixten<br \/>\n14. Vaikonniemen Wake Me Up<br \/>\n15. Vaikonniemen Wonderful Stardust<\/p>\n<p>&nbsp;<\/p>\n<h2><span style=\"color: #682b30;\">19.10.2013 Hailuoto<\/span><\/h2>\n<p style=\"padding-left: 30px;\">1. Black Jade&#8217;s Kentucky Rain 246 + 227 = 473p. SERTK<br \/>\n2. Black Jade&#8217;s Brayden 154 + 148 = 302p.<br \/>\n3. Vaikonniemen Wonderful Stardust 222p. DISK FIN.<\/p>\n<figure id=\"attachment_1104\" aria-describedby=\"caption-attachment-1104\" style=\"width: 416px\" class=\"wp-caption alignnone\"><img loading=\"lazy\" decoding=\"async\" class=\"wp-image-1104 size-full\" src=\"http:\/\/skotlanninhirvikoirat.fi\/wp-content\/uploads\/2014\/12\/hailuoto2013_2.jpg\" alt=\"hailuoto2013_2\" width=\"416\" height=\"371\" srcset=\"https:\/\/skotlanninhirvikoirat.fi\/wp-content\/uploads\/2014\/12\/hailuoto2013_2.jpg 416w, https:\/\/skotlanninhirvikoirat.fi\/wp-content\/uploads\/2014\/12\/hailuoto2013_2-303x270.jpg 303w, https:\/\/skotlanninhirvikoirat.fi\/wp-content\/uploads\/2014\/12\/hailuoto2013_2-300x268.jpg 300w\" sizes=\"auto, (max-width: 416px) 100vw, 416px\" \/><figcaption id=\"caption-attachment-1104\" class=\"wp-caption-text\">Black Jade&#8217;s Kentucky Rain<\/figcaption><\/figure>\n<h2><span style=\"color: #682b30;\"><br \/>\n12.10. Sein\u00e4joki<\/span><\/h2>\n<p style=\"padding-left: 30px;\">1. Black Jade&#8217;s Fame and Fortune 224 + 246 = 470 SERTK<br \/>\n2. Black Jade&#8217;s Good Luck Charm 226 + 236 = 462 SA<\/p>\n<h2><span style=\"color: #682b30;\"><br \/>\n29.9.2013 Helsinki<\/span><\/h2>\n<p style=\"padding-left: 30px;\">1. Sandmanscot&#8217;s Tighearnach 218 + 204 = 422p. SA<br \/>\n2. Black Jade&#8217;s Good Luck Charm 205 + 211 = 416p. SERTK<br \/>\n3. Black Jade&#8217;s Fame and Fortune 227 + 186 = 413p. SA HSKP-I<br \/>\n4. Sandmanscot&#8217;s Triatmor 180 + 201 = 381p. HSKP-II<br \/>\n5. Blixten Big Boy Baron 65p.<\/p>\n<figure id=\"attachment_1105\" aria-describedby=\"caption-attachment-1105\" style=\"width: 550px\" class=\"wp-caption alignnone\"><img loading=\"lazy\" decoding=\"async\" class=\"wp-image-1105\" src=\"http:\/\/skotlanninhirvikoirat.fi\/wp-content\/uploads\/2014\/12\/HVK2013-1024x355.jpg\" alt=\"HVK2013\" width=\"550\" height=\"191\" \/><figcaption id=\"caption-attachment-1105\" class=\"wp-caption-text\">1. Sandmanscot&#8217;s Tighearnach 2. Black Jade&#8217;s Good Luck Charm 3. Black Jade&#8217;s Fame and Fortune 4. Sandmanscot&#8217;s Triatmor<\/figcaption><\/figure>\n<p>&nbsp;<\/p>\n<h2><span style=\"color: #682b30;\">21.9.2013 Jaala ajuekoe<\/span><\/h2>\n<p style=\"padding-left: 30px;\">1. Black Jade&#8217;s Fame and Fortune 260 + 257 = 517p. SERTK<br \/>\nBlack Jade&#8217;s Good Luck Charm 260 + 257 = 517p. SERTK<br \/>\nSandmanscot&#8217;s Triatmor 260 + 257 = 517p. SERTK<br \/>\n15. Blixten Big Boy Baron 90p.<br \/>\nBlixten The Great Scott 90p.<\/p>\n<figure id=\"attachment_1107\" aria-describedby=\"caption-attachment-1107\" style=\"width: 450px\" class=\"wp-caption alignnone\"><img loading=\"lazy\" decoding=\"async\" class=\"wp-image-1107\" src=\"http:\/\/skotlanninhirvikoirat.fi\/wp-content\/uploads\/2014\/12\/ajue.jpg\" alt=\"ajue\" width=\"450\" height=\"281\" srcset=\"https:\/\/skotlanninhirvikoirat.fi\/wp-content\/uploads\/2014\/12\/ajue.jpg 520w, https:\/\/skotlanninhirvikoirat.fi\/wp-content\/uploads\/2014\/12\/ajue-432x270.jpg 432w, https:\/\/skotlanninhirvikoirat.fi\/wp-content\/uploads\/2014\/12\/ajue-300x188.jpg 300w\" sizes=\"auto, (max-width: 450px) 100vw, 450px\" \/><figcaption id=\"caption-attachment-1107\" class=\"wp-caption-text\">Sandmanscot&#8217;s Triatmor, Black Jade&#8217;s Fame and Fortune &amp; Black Jade&#8217;s Good Luck Charm<\/figcaption><\/figure>\n<h2><span style=\"color: #682b30;\"><br \/>\n15.9.2013 Nilsi\u00e4<\/span><\/h2>\n<p style=\"padding-left: 30px;\">1. Black Jade&#8217;s Brayden 198 + 109 = 307p.<br \/>\n2. Black Jade&#8217;s Bradleah 161 + 14 = 175p.<br \/>\n3. Vaikonniemen Wild Rose 146p.<br \/>\nVaikonniemen Wake Me Up DISK<\/p>\n<h3><\/h3>\n<h2><span style=\"color: #682b30;\">25.8.2013 Jyv\u00e4skyl\u00e4<\/span><\/h2>\n<h3><span style=\"color: #682b30;\">Suomen Maastomestaruus ja Vinttikoiraliiton Maastomestaruus 2013<\/span><\/h3>\n<p style=\"padding-left: 30px;\">1. Black Jade&#8217;s Good Luck Charm 231 + 211 = 442p. SERTK SVKLMM-13<br \/>\n2. Black Jade&#8217;s Fame and Fortune 217 + 215 = 432p. SA<br \/>\n3. Black Jade&#8217;s Brayden 183 + 179 = 362p.<\/p>\n<figure id=\"attachment_1108\" aria-describedby=\"caption-attachment-1108\" style=\"width: 450px\" class=\"wp-caption alignnone\"><img loading=\"lazy\" decoding=\"async\" class=\"wp-image-1108\" src=\"http:\/\/skotlanninhirvikoirat.fi\/wp-content\/uploads\/2014\/12\/SM2013.jpg\" alt=\"SM2013\" width=\"450\" height=\"265\" srcset=\"https:\/\/skotlanninhirvikoirat.fi\/wp-content\/uploads\/2014\/12\/SM2013.jpg 600w, https:\/\/skotlanninhirvikoirat.fi\/wp-content\/uploads\/2014\/12\/SM2013-459x270.jpg 459w, https:\/\/skotlanninhirvikoirat.fi\/wp-content\/uploads\/2014\/12\/SM2013-300x177.jpg 300w\" sizes=\"auto, (max-width: 450px) 100vw, 450px\" \/><figcaption id=\"caption-attachment-1108\" class=\"wp-caption-text\">Black Jade&#8217;s Good Luck Charm, Black Jade&#8217;s Fame and Fortune &amp; Black Jade&#8217;s Brayden<\/figcaption><\/figure>\n<p>&nbsp;<\/p>\n<h2><span style=\"color: #682b30;\">18.8.2013 Heinola<\/span><\/h2>\n<h3><span style=\"color: #682b30;\">Skotlanninhirvikoirakerhon Maastomestaruus 2013<\/span><\/h3>\n<p style=\"padding-left: 30px;\">1. Sandmanscot&#8217;s Tighearnach 208 + 235 = 443p SERTK -&gt; FI KVA-M\u00a0SHKK:n Maastomestari 2013<br \/>\n2. Black Jade&#8217;s Brayden 200p.<\/p>\n<p>Alkuer\u00e4n pistelaskussa tapahtuneen virheen vuoksi kilpailussa toiseksi sijoittuneelta koiralta (Black Jade&#8217;s Brayden) ev\u00e4ttiin p\u00e4\u00e4sy finaalikierrokselle. Pistelaskussa oli huomioitu vain kahden tuomarin pisteet, joiden yhteissummaksi tuli 128 pistett\u00e4. Oikea pistem\u00e4\u00e4r\u00e4 oli 200, jolla koira olisi ollut oikeutettu finaalikierrokselle. Kilpailun ylituomarin kommentit <a href=\"http:\/\/koti.mbnet.fi\/sirke\/2013\/heinola.htm\" target=\"_blank\">linkiss\u00e4<\/a>.<\/p>\n<p>&nbsp;<\/p>\n<h2><span style=\"color: #682b30;\">3.8.2013 Hyvink\u00e4\u00e4<\/span><\/h2>\n<p style=\"padding-left: 30px;\">1. Black Jade&#8217;s Fame and Fortune 202 + 225 = 427p. SERTK<br \/>\n2. Sandmanscot&#8217;s Tighearnach 199p.<br \/>\nSandmanscot&#8217;s Triatmor 0p.&#8217;<\/p>\n<figure id=\"attachment_1112\" aria-describedby=\"caption-attachment-1112\" style=\"width: 450px\" class=\"wp-caption alignnone\"><img loading=\"lazy\" decoding=\"async\" class=\"wp-image-1112\" src=\"http:\/\/skotlanninhirvikoirat.fi\/wp-content\/uploads\/2014\/12\/hyvinkaamaasto.jpg\" alt=\"hyvinkaamaasto\" width=\"450\" height=\"299\" srcset=\"https:\/\/skotlanninhirvikoirat.fi\/wp-content\/uploads\/2014\/12\/hyvinkaamaasto.jpg 520w, https:\/\/skotlanninhirvikoirat.fi\/wp-content\/uploads\/2014\/12\/hyvinkaamaasto-407x270.jpg 407w, https:\/\/skotlanninhirvikoirat.fi\/wp-content\/uploads\/2014\/12\/hyvinkaamaasto-300x199.jpg 300w\" sizes=\"auto, (max-width: 450px) 100vw, 450px\" \/><figcaption id=\"caption-attachment-1112\" class=\"wp-caption-text\">Sandmanscot&#8217;s Tighearnach &amp; Black Jade&#8217;s Fame and Fortune<\/figcaption><\/figure>\n<p>&nbsp;<\/p>\n<h2><span style=\"color: #682b30;\">14.7.2013 Tampere KV <\/span><\/h2>\n<h3><span style=\"color: #682b30;\">Pohjoismaiden Maastomestaruus PMM-13<\/span><\/h3>\n<p style=\"padding-left: 30px;\">1 Black Jade&#8217;s Brayden 217 + 195 = 412p. SA<br \/>\n2. Sandmanscot&#8217;s Tighearnach 119p.<br \/>\n3. Black Jade&#8217;s Fame and Fortune 90p.<\/p>\n<h2><span style=\"color: #682b30;\"><br \/>\n15.6.2013 Mustiala KV<\/span><\/h2>\n<p style=\"padding-left: 30px;\">1. Sandmanscot&#8217;s Tighearnach 251 + 223 = 474p. SERTK<br \/>\n2. Black Jade&#8217;s Good Luck Charm 213 + 245 = 458p. SA<br \/>\n3. Sandmanscot&#8217;s Triatmor 216 + 203 = 419p. SA<br \/>\n4. Black Jade&#8217;s Brayden 85p.<\/p>\n<h2><span style=\"color: #682b30;\"><br \/>\n19.5.2013 Iitti<\/span><\/h2>\n<p style=\"padding-left: 30px;\">1. Sandmanscot&#8217;s Tighearnach 217 + 197 = 414p. SERTK<br \/>\n2. Black Jade&#8217;s Good Luck Charm 176 + 203 = 379p.<br \/>\n3. Sweetscot Machrie Moor 153p.<br \/>\nBlack Jade&#8217;s Cassidy 0p.<\/p>\n<h2><span style=\"color: #682b30;\"><br \/>\n11.5.2013 Lieto<\/span><\/h2>\n<p style=\"padding-left: 30px;\">1. Black Jade&#8217;s Good Luck Charm 233 + 247 = 480p. SERTK<br \/>\n2. Sandmanscot&#8217;s Tighearnach 210 + 222 = 432p. SA<br \/>\n3. Sweetscot Machrie Moor 93p.<br \/>\n4. Black Jade&#8217;s Anwell 51p.<\/p>\n<h2><span style=\"color: #682b30;\"><br \/>\n10.3.2013 Mustiala<\/span><\/h2>\n<p style=\"padding-left: 30px;\">1. Sandmanscot&#8217;s Tighearnach 253 + 266 = 519p. SERTK<br \/>\n2. Sandmanscot&#8217;s Triatmor 263 + 96 = 359p.<br \/>\n3. Black Jade&#8217;s Anwell 219p.<br \/>\n4. Sweetscot Machrie Moor 10p.<br \/>\nBlack Jade&#8217;s Cassidy 0p.<br \/>\nChic Choix Arwen To Blixten DISK<\/p>\n","protected":false},"excerpt":{"rendered":"<p>Maastokoetuloksia\u00a02013 &nbsp; Suomi-Cup listaus 2013 Skotlanninhirvikoiria 15 kpl, joista SUOMI-CUP listalle 5 kpl. Kutsutaan 2 kpl. Suomi Cup CVM-14 kutsukilpailu j\u00e4rjestettiin 3.5.2014 Liedossa. Suomi-Cup listaus roduittain 1. Sandmanscot&#8217;s Tighearnach Kerhon maastomestari 2013 2. Black Jade&#8217;s Good Luck Charm SVKLMM-13 &#8212;&#8212;&#8212;&#8212;&#8212;&#8212;&#8212;&#8212;&#8212;&#8212; 3. Black Jade&#8217;s Fame and Fortune 4. Black Jade&#8217;s Brayden 5. Sandmanscot&#8217;s Triatmor 6. Black &hellip; <\/p>\n<p class=\"link-more\"><a href=\"https:\/\/skotlanninhirvikoirat.fi\/?page_id=1101\" class=\"more-link\">Continue reading<span class=\"screen-reader-text\"> &#8221;Vuosi 2013&#8221;<\/span><\/a><\/p>\n","protected":false},"author":6,"featured_media":0,"parent":0,"menu_order":0,"comment_status":"closed","ping_status":"open","template":"","meta":{"footnotes":""},"class_list":["post-1101","page","type-page","status-publish","hentry"],"_links":{"self":[{"href":"https:\/\/skotlanninhirvikoirat.fi\/index.php?rest_route=\/wp\/v2\/pages\/1101","targetHints":{"allow":["GET"]}}],"collection":[{"href":"https:\/\/skotlanninhirvikoirat.fi\/index.php?rest_route=\/wp\/v2\/pages"}],"about":[{"href":"https:\/\/skotlanninhirvikoirat.fi\/index.php?rest_route=\/wp\/v2\/types\/page"}],"author":[{"embeddable":true,"href":"https:\/\/skotlanninhirvikoirat.fi\/index.php?rest_route=\/wp\/v2\/users\/6"}],"replies":[{"embeddable":true,"href":"https:\/\/skotlanninhirvikoirat.fi\/index.php?rest_route=%2Fwp%2Fv2%2Fcomments&post=1101"}],"version-history":[{"count":0,"href":"https:\/\/skotlanninhirvikoirat.fi\/index.php?rest_route=\/wp\/v2\/pages\/1101\/revisions"}],"wp:attachment":[{"href":"https:\/\/skotlanninhirvikoirat.fi\/index.php?rest_route=%2Fwp%2Fv2%2Fmedia&parent=1101"}],"curies":[{"name":"wp","href":"https:\/\/api.w.org\/{rel}","templated":true}]}}