{"id":1164,"date":"2014-12-27T23:05:54","date_gmt":"2014-12-27T21:05:54","guid":{"rendered":"http:\/\/skotlanninhirvikoirat.fi\/?page_id=1164"},"modified":"2019-07-30T11:34:34","modified_gmt":"2019-07-30T08:34:34","slug":"club-show-2013","status":"publish","type":"page","link":"https:\/\/skotlanninhirvikoirat.fi\/?page_id=1164","title":{"rendered":"Club Show 2013"},"content":{"rendered":"<h2><span style=\"color: #682b30;\">21.7.2013 Helsinki (8+23, 1 pentu)<\/span><\/h2>\n<p>Tuomari: Gunnar Nyman, Tanska<\/p>\n<p>Pennut:<br \/>\nNartut:, pentuluokka 5-7kk<br \/>\nPEN Vaikonniemen Zimazuu PEK1 KP ROP-pentu BIS-pentu<\/p>\n<p>Urokset:<br \/>\nVAL Chic Choix Dhulert Arathorn ERI1 PU1 SA BIS-VSP BIS2<br \/>\nAVO Sandmanscot&#8217;s Triatmor ERI1 PU2 SA ROP-avo<br \/>\nJUN Erewhon Smoke in Your Eyes EH3<br \/>\nJUN Kerslake Douglass EH2<br \/>\nJUN Scottclan&#8217;s Andy EH1<br \/>\nNUO&nbsp;Black Jade&#8217;s Follow That Dream EH1<br \/>\nAVO&nbsp;Brisley Brae Druid ERI2<br \/>\nAVO Sandmanscot&#8217;s Toirdhealbharch ERI3<br \/>\nJUN Black Jade&#8217;s Raven to Swordgrove POISSA<br \/>\nJUN &nbsp;Scottclan&#8217;s Andrew for Blixten POISSA<br \/>\nVAL&nbsp;Ben Wyvis McGrain Caoinlan POISSA<br \/>\nVAL Black Jade\u00b4s Bohann POISSA<br \/>\nVAL Fritzen&#8217;s Tiziano Vecellio POISSA<br \/>\nVAL Miliy Zver Timon POISSA<\/p>\n<p>Nartut:<br \/>\nJUN Kerslake Doreen ERI1 PN1 SA ROP-jun ROP BIS1 &nbsp;PARAS ALLE 3-VUOTIAS NARTTU<br \/>\nPARAS LIIKKUJA<br \/>\nVAL&nbsp;Brokenwheel Mc Bronach ERI1 PN2 SA ROP-val<br \/>\nVAL&nbsp;Black Jade&#8217;s Coffey ERI2 PN3 SA<br \/>\nNUO Black Jade&#8217;s Fame and Fortune ERI1 PN4 SA ROP-nuo PARAS P\u00c4\u00c4 JA ILME<br \/>\nJUN Black Jade&#8217;s Stargazer&nbsp; EH<br \/>\nJUN Kerslake Deirdre ERI<br \/>\nJUN Lodhainn Brydie ERI3<br \/>\nJUN Royal Flash von der Oelm\u00fchle EH<br \/>\nJUN Scottclan&#8217;s Angel ERI4<br \/>\nJUN Scottclan&#8217;s Audrey for Blixten ERI2 SA<br \/>\nNUO Black Jade&#8217;s Good Luck Charm ERI2<br \/>\nAVO Black Jade&#8217;s Aithne EH1<br \/>\nAVO Black Jade&#8217;s Cayleigh EH2<br \/>\nVAL&nbsp;Chic Choix Dhulert Aesthetic EH3<br \/>\nVAL&nbsp;Chic Choix Dhulert Ambrosia ERI3 SA<br \/>\nVAL&nbsp;Black Jade&#8217;s Cassidy ERI4 SA<br \/>\nVAL&nbsp;Blixten Briliant Star ERI<br \/>\nVAL&nbsp;Chic Choix Arwen to Blixten EH<br \/>\nVAL&nbsp;Chic Choix Dhulert Aurora ERI<br \/>\nVAL&nbsp;Dita von der Oelm\u00fchle EH<br \/>\nVAL&nbsp;Flower Power von der Oelm\u00fchle ERI<br \/>\nVAL&nbsp;Sweetscot Amazing Race ERI<br \/>\nVET Swordgrove Gia ERI1 SA BIS-VET<br \/>\nNUO Black Jade&#8217;s Burning Love POISSA<br \/>\nAVO Black Jade&#8217;s Cliodhna POISSA<br \/>\nVAL&nbsp;Black Jade&#8217;s Catriona POISSA<\/p>\n<p>Kasvattajaluokka:<br \/>\nKASV&nbsp;Black Jade&#8217;s \u2013 R\u00e4s\u00e4nen Aino KASV1 KP BIS-KAS<br \/>\nKASV Oelm\u00fchle &#8211; R\u00f6sner J. &amp; Papenfuss J. KASV2 KP<br \/>\nKASV Chic Choix \u2013 Kares Juha KASV3 KP<br \/>\nKASV Kerslake \u2013 Engman Carina KASV4 KP<br \/>\nKASV Scottclan&#8217;s \u2013 J\u00e4n\u00f6nen Anna &nbsp;KASV &#8211;<\/p>\n<p>J\u00e4lkel\u00e4isluokka:<br \/>\nJ\u00c4L Dita von der Oelm\u00fchle J\u00c4LK1 BIS-j\u00e4lk<br \/>\n*Chic Choix Dhulert Arathorn,<br \/>\n*Chic Choix Dhulert Aesthetic,<br \/>\n*Chic Choix Dhulert Ambrosia,<br \/>\n*Chic Choix Arwen to Blixten,<br \/>\n*Chic Choix Dhulert Aurora<br \/>\nJ\u00c4L Blixten Briliant Star J\u00c4LK2<br \/>\n*Scottclan&#8217;s Andy<br \/>\n*Scottclan&#8217;s Angel<br \/>\n*Audrey for Blixten<\/p>\n<p>Paras p\u00e4\u00e4 ja ilme:<br \/>\nBlack Jade&#8217;s Fame and Fortune<\/p>\n<p>Paras liikkuja:<br \/>\nKerslake Doreen<\/p>\n<p>Paras pari:<br \/>\nKerslake Douglass<br \/>\nKerslake Dreidre<\/p>\n<figure id=\"attachment_1172\" aria-describedby=\"caption-attachment-1172\" style=\"width: 550px\" class=\"wp-caption alignnone\"><img loading=\"lazy\" decoding=\"async\" class=\"wp-image-1172\" src=\"http:\/\/skotlanninhirvikoirat.fi\/wp-content\/uploads\/2014\/12\/ROP_VSP-1024x535.jpg\" alt=\"ROP_VSP\" width=\"550\" height=\"288\"><figcaption id=\"caption-attachment-1172\" class=\"wp-caption-text\">ROP BIS1 Kerslake Doreen &amp; VSP BIS2 Chic Choix Dhulert Arathorn <br \/> Kuva: Riikka Alanne<\/figcaption><\/figure>\n<figure id=\"attachment_1167\" aria-describedby=\"caption-attachment-1167\" style=\"width: 550px\" class=\"wp-caption alignnone\"><img loading=\"lazy\" decoding=\"async\" class=\"wp-image-1167\" src=\"http:\/\/skotlanninhirvikoirat.fi\/wp-content\/uploads\/2014\/12\/bis_pentu-1024x698.jpg\" alt=\"bis_pentu\" width=\"550\" height=\"375\"><figcaption id=\"caption-attachment-1167\" class=\"wp-caption-text\">ROP-pentu BIS-pentu Vaikonniemen Zimazuu<br \/> Kuva: Riikka Alanne<\/figcaption><\/figure>\n<figure id=\"attachment_1173\" aria-describedby=\"caption-attachment-1173\" style=\"width: 550px\" class=\"wp-caption alignnone\"><img loading=\"lazy\" decoding=\"async\" class=\"wp-image-1173\" src=\"http:\/\/skotlanninhirvikoirat.fi\/wp-content\/uploads\/2014\/12\/ROP-avo-1024x961.jpg\" alt=\"ROP-avo\" width=\"550\" height=\"517\"><figcaption id=\"caption-attachment-1173\" class=\"wp-caption-text\">ROP-avo Sandmanscot&#8217;s Triatmor <br \/> Kuva: Riikka Alanne<\/figcaption><\/figure>\n<figure id=\"attachment_1174\" aria-describedby=\"caption-attachment-1174\" style=\"width: 550px\" class=\"wp-caption alignnone\"><img loading=\"lazy\" decoding=\"async\" class=\"wp-image-1174\" src=\"http:\/\/skotlanninhirvikoirat.fi\/wp-content\/uploads\/2014\/12\/ROP-jun-1024x930.jpg\" alt=\"ROP-jun\" width=\"550\" height=\"500\"><figcaption id=\"caption-attachment-1174\" class=\"wp-caption-text\">ROP-jun Kerslake Doreen <br \/> Riikka Alanne<\/figcaption><\/figure>\n<figure id=\"attachment_1175\" aria-describedby=\"caption-attachment-1175\" style=\"width: 550px\" class=\"wp-caption alignnone\"><img loading=\"lazy\" decoding=\"async\" class=\"wp-image-1175\" src=\"http:\/\/skotlanninhirvikoirat.fi\/wp-content\/uploads\/2014\/12\/ROP-nuo-1024x823.jpg\" alt=\"ROP-nuo\" width=\"550\" height=\"442\"><figcaption id=\"caption-attachment-1175\" class=\"wp-caption-text\">ROP-nuo Black Jade&#8217;s Fame and Fortune<\/figcaption><\/figure>\n<figure id=\"attachment_1176\" aria-describedby=\"caption-attachment-1176\" style=\"width: 550px\" class=\"wp-caption alignnone\"><img loading=\"lazy\" decoding=\"async\" class=\"wp-image-1176\" src=\"http:\/\/skotlanninhirvikoirat.fi\/wp-content\/uploads\/2014\/12\/ROP-val-1024x939.jpg\" alt=\"ROP-val\" width=\"550\" height=\"505\"><figcaption id=\"caption-attachment-1176\" class=\"wp-caption-text\">ROP-val Brokenwheel Mc Bronach <br \/>Kuva: Riikka Alanne<\/figcaption><\/figure>\n<figure id=\"attachment_1177\" aria-describedby=\"caption-attachment-1177\" style=\"width: 550px\" class=\"wp-caption alignnone\"><img loading=\"lazy\" decoding=\"async\" class=\"wp-image-1177\" src=\"http:\/\/skotlanninhirvikoirat.fi\/wp-content\/uploads\/2014\/12\/ROP-vet-1024x807.jpg\" alt=\"ROP-vet\" width=\"550\" height=\"434\"><figcaption id=\"caption-attachment-1177\" class=\"wp-caption-text\">ROP-vet BIS-vet Swordgrove Gia<br \/> Kuva: Riikka Alanne<\/figcaption><\/figure>\n<figure id=\"attachment_1179\" aria-describedby=\"caption-attachment-1179\" style=\"width: 550px\" class=\"wp-caption alignnone\"><img loading=\"lazy\" decoding=\"async\" class=\"wp-image-1179\" src=\"http:\/\/skotlanninhirvikoirat.fi\/wp-content\/uploads\/2014\/12\/paras_kasvattaja-1024x636.jpg\" alt=\"paras_kasvattaja\" width=\"550\" height=\"342\"><figcaption id=\"caption-attachment-1179\" class=\"wp-caption-text\">ROP-kasv kennel Black Jade&#8217;s<br \/> Kuva: Riikka Alanne<\/figcaption><\/figure>\n<figure id=\"attachment_1181\" aria-describedby=\"caption-attachment-1181\" style=\"width: 550px\" class=\"wp-caption alignnone\"><img loading=\"lazy\" decoding=\"async\" class=\"wp-image-1181\" src=\"http:\/\/skotlanninhirvikoirat.fi\/wp-content\/uploads\/2014\/12\/paras_jalkelaisluokka-1024x661.jpg\" alt=\"paras_jalkelaisluokka\" width=\"550\" height=\"355\" srcset=\"https:\/\/skotlanninhirvikoirat.fi\/wp-content\/uploads\/2014\/12\/paras_jalkelaisluokka-1024x661.jpg 1024w, https:\/\/skotlanninhirvikoirat.fi\/wp-content\/uploads\/2014\/12\/paras_jalkelaisluokka-1536x992.jpg 1536w, https:\/\/skotlanninhirvikoirat.fi\/wp-content\/uploads\/2014\/12\/paras_jalkelaisluokka-2048x1322.jpg 2048w, https:\/\/skotlanninhirvikoirat.fi\/wp-content\/uploads\/2014\/12\/paras_jalkelaisluokka-418x270.jpg 418w, https:\/\/skotlanninhirvikoirat.fi\/wp-content\/uploads\/2014\/12\/paras_jalkelaisluokka-300x194.jpg 300w, https:\/\/skotlanninhirvikoirat.fi\/wp-content\/uploads\/2014\/12\/paras_jalkelaisluokka-768x496.jpg 768w\" sizes=\"auto, (max-width: 550px) 100vw, 550px\" \/><figcaption id=\"caption-attachment-1181\" class=\"wp-caption-text\">Paras j\u00e4lkel\u00e4isluokka: Dita von der Oelm\u00fchle<br \/> Kuva: Riikka Alanne<\/figcaption><\/figure>\n<figure id=\"attachment_1182\" aria-describedby=\"caption-attachment-1182\" style=\"width: 550px\" class=\"wp-caption alignnone\"><img loading=\"lazy\" decoding=\"async\" class=\"wp-image-1182\" src=\"http:\/\/skotlanninhirvikoirat.fi\/wp-content\/uploads\/2014\/12\/paras_paa-843x1024.jpg\" alt=\"paras_paa\" width=\"550\" height=\"668\" srcset=\"https:\/\/skotlanninhirvikoirat.fi\/wp-content\/uploads\/2014\/12\/paras_paa-843x1024.jpg 843w, https:\/\/skotlanninhirvikoirat.fi\/wp-content\/uploads\/2014\/12\/paras_paa-1265x1536.jpg 1265w, https:\/\/skotlanninhirvikoirat.fi\/wp-content\/uploads\/2014\/12\/paras_paa-1686x2048.jpg 1686w, https:\/\/skotlanninhirvikoirat.fi\/wp-content\/uploads\/2014\/12\/paras_paa-222x270.jpg 222w, https:\/\/skotlanninhirvikoirat.fi\/wp-content\/uploads\/2014\/12\/paras_paa-247x300.jpg 247w, https:\/\/skotlanninhirvikoirat.fi\/wp-content\/uploads\/2014\/12\/paras_paa-768x933.jpg 768w, https:\/\/skotlanninhirvikoirat.fi\/wp-content\/uploads\/2014\/12\/paras_paa.jpg 1757w\" sizes=\"auto, (max-width: 550px) 100vw, 550px\" \/><figcaption id=\"caption-attachment-1182\" class=\"wp-caption-text\">Paras p\u00e4\u00e4 ja ilme: Black Jade&#8217;s Fame and Fortune<br \/> Kuva: Riikka Alanne<\/figcaption><\/figure>\n<figure id=\"attachment_1183\" aria-describedby=\"caption-attachment-1183\" style=\"width: 550px\" class=\"wp-caption alignnone\"><img loading=\"lazy\" decoding=\"async\" class=\"wp-image-1183\" src=\"http:\/\/skotlanninhirvikoirat.fi\/wp-content\/uploads\/2014\/12\/paras_liikkuja-1024x816.jpg\" alt=\"paras_liikkuja\" width=\"550\" height=\"439\"><figcaption id=\"caption-attachment-1183\" class=\"wp-caption-text\">Paras liikkuja: Kerslake Doreen<br \/> Kuva: Riikka Alanne<\/figcaption><\/figure>\n<figure id=\"attachment_1185\" aria-describedby=\"caption-attachment-1185\" style=\"width: 550px\" class=\"wp-caption alignnone\"><img loading=\"lazy\" decoding=\"async\" class=\"wp-image-1185\" src=\"http:\/\/skotlanninhirvikoirat.fi\/wp-content\/uploads\/2014\/12\/paras_pari-1024x879.jpg\" alt=\"paras_pari\" width=\"550\" height=\"472\" srcset=\"https:\/\/skotlanninhirvikoirat.fi\/wp-content\/uploads\/2014\/12\/paras_pari-1024x879.jpg 1024w, https:\/\/skotlanninhirvikoirat.fi\/wp-content\/uploads\/2014\/12\/paras_pari-1536x1319.jpg 1536w, https:\/\/skotlanninhirvikoirat.fi\/wp-content\/uploads\/2014\/12\/paras_pari-2048x1759.jpg 2048w, https:\/\/skotlanninhirvikoirat.fi\/wp-content\/uploads\/2014\/12\/paras_pari-314x270.jpg 314w, https:\/\/skotlanninhirvikoirat.fi\/wp-content\/uploads\/2014\/12\/paras_pari-300x258.jpg 300w, https:\/\/skotlanninhirvikoirat.fi\/wp-content\/uploads\/2014\/12\/paras_pari-768x659.jpg 768w\" sizes=\"auto, (max-width: 550px) 100vw, 550px\" \/><figcaption id=\"caption-attachment-1185\" class=\"wp-caption-text\">Paras pari: Kerslake Douglass &amp; Kerslake Dreidre<br \/>Kuva: Riikka Alanne<\/figcaption><\/figure>\n<figure id=\"attachment_1186\" aria-describedby=\"caption-attachment-1186\" style=\"width: 610px\" class=\"wp-caption alignnone\"><a href=\"http:\/\/skotlanninhirvikoirat.fi\/wp-content\/uploads\/2014\/12\/kaikki.jpg\"><img loading=\"lazy\" decoding=\"async\" class=\"wp-image-1186 size-large\" src=\"http:\/\/skotlanninhirvikoirat.fi\/wp-content\/uploads\/2014\/12\/kaikki-1024x252.jpg\" alt=\"kaikki\" width=\"610\" height=\"150\" srcset=\"https:\/\/skotlanninhirvikoirat.fi\/wp-content\/uploads\/2014\/12\/kaikki-1024x252.jpg 1024w, https:\/\/skotlanninhirvikoirat.fi\/wp-content\/uploads\/2014\/12\/kaikki-1536x378.jpg 1536w, https:\/\/skotlanninhirvikoirat.fi\/wp-content\/uploads\/2014\/12\/kaikki-2048x504.jpg 2048w, https:\/\/skotlanninhirvikoirat.fi\/wp-content\/uploads\/2014\/12\/kaikki-604x149.jpg 604w, https:\/\/skotlanninhirvikoirat.fi\/wp-content\/uploads\/2014\/12\/kaikki-300x74.jpg 300w, https:\/\/skotlanninhirvikoirat.fi\/wp-content\/uploads\/2014\/12\/kaikki-768x189.jpg 768w\" sizes=\"auto, (max-width: 610px) 100vw, 610px\" \/><\/a><figcaption id=\"caption-attachment-1186\" class=\"wp-caption-text\">Kaikki yhdess\u00e4, KLIKKAA KUVAA. <br \/>Kuva: Riikka Alanne<\/figcaption><\/figure>\n<h3><span style=\"color: #682b30;\">Kaikki kuvat <strong><a style=\"color: #682b30;\" href=\"http:\/\/timbermans.kuvat.fi\/kuvat\/Skottierkkari+2013\/\" target=\"_blank\" rel=\"noopener noreferrer\">t\u00e4\u00e4ll\u00e4<\/a><\/strong><\/span><\/h3>\n","protected":false},"excerpt":{"rendered":"<p>21.7.2013 Helsinki (8+23, 1 pentu) Tuomari: Gunnar Nyman, Tanska Pennut: Nartut:, pentuluokka 5-7kk PEN Vaikonniemen Zimazuu PEK1 KP ROP-pentu BIS-pentu Urokset: VAL Chic Choix Dhulert Arathorn ERI1 PU1 SA BIS-VSP BIS2 AVO Sandmanscot&#8217;s Triatmor ERI1 PU2 SA ROP-avo JUN Erewhon Smoke in Your Eyes EH3 JUN Kerslake Douglass EH2 JUN Scottclan&#8217;s Andy EH1 NUO&nbsp;Black Jade&#8217;s &hellip; <\/p>\n<p class=\"link-more\"><a href=\"https:\/\/skotlanninhirvikoirat.fi\/?page_id=1164\" class=\"more-link\">Continue reading<span class=\"screen-reader-text\"> &#8221;Club Show 2013&#8221;<\/span><\/a><\/p>\n","protected":false},"author":6,"featured_media":0,"parent":3858,"menu_order":0,"comment_status":"closed","ping_status":"open","template":"","meta":{"footnotes":""},"class_list":["post-1164","page","type-page","status-publish","hentry"],"_links":{"self":[{"href":"https:\/\/skotlanninhirvikoirat.fi\/index.php?rest_route=\/wp\/v2\/pages\/1164","targetHints":{"allow":["GET"]}}],"collection":[{"href":"https:\/\/skotlanninhirvikoirat.fi\/index.php?rest_route=\/wp\/v2\/pages"}],"about":[{"href":"https:\/\/skotlanninhirvikoirat.fi\/index.php?rest_route=\/wp\/v2\/types\/page"}],"author":[{"embeddable":true,"href":"https:\/\/skotlanninhirvikoirat.fi\/index.php?rest_route=\/wp\/v2\/users\/6"}],"replies":[{"embeddable":true,"href":"https:\/\/skotlanninhirvikoirat.fi\/index.php?rest_route=%2Fwp%2Fv2%2Fcomments&post=1164"}],"version-history":[{"count":1,"href":"https:\/\/skotlanninhirvikoirat.fi\/index.php?rest_route=\/wp\/v2\/pages\/1164\/revisions"}],"predecessor-version":[{"id":3867,"href":"https:\/\/skotlanninhirvikoirat.fi\/index.php?rest_route=\/wp\/v2\/pages\/1164\/revisions\/3867"}],"up":[{"embeddable":true,"href":"https:\/\/skotlanninhirvikoirat.fi\/index.php?rest_route=\/wp\/v2\/pages\/3858"}],"wp:attachment":[{"href":"https:\/\/skotlanninhirvikoirat.fi\/index.php?rest_route=%2Fwp%2Fv2%2Fmedia&parent=1164"}],"curies":[{"name":"wp","href":"https:\/\/api.w.org\/{rel}","templated":true}]}}