{"id":1196,"date":"2014-12-28T00:17:28","date_gmt":"2014-12-27T22:17:28","guid":{"rendered":"http:\/\/skotlanninhirvikoirat.fi\/?page_id=1196"},"modified":"2019-07-30T11:33:19","modified_gmt":"2019-07-30T08:33:19","slug":"club-show-2011","status":"publish","type":"page","link":"https:\/\/skotlanninhirvikoirat.fi\/?page_id=1196","title":{"rendered":"Club Show 2011"},"content":{"rendered":"<h2><span style=\"color: #682b30;\">6.8.2011<\/span><\/h2>\n<p>Tuomari:&nbsp;Paula Pascoe, kennel Lehig, USA<\/p>\n<figure id=\"attachment_1197\" aria-describedby=\"caption-attachment-1197\" style=\"width: 550px\" class=\"wp-caption alignnone\"><img loading=\"lazy\" decoding=\"async\" class=\"wp-image-1197\" src=\"http:\/\/skotlanninhirvikoirat.fi\/wp-content\/uploads\/2014\/12\/Club-Show2011_BIS.jpg\" alt=\"Club Show2011_BIS\" width=\"550\" height=\"368\" srcset=\"https:\/\/skotlanninhirvikoirat.fi\/wp-content\/uploads\/2014\/12\/Club-Show2011_BIS.jpg 800w, https:\/\/skotlanninhirvikoirat.fi\/wp-content\/uploads\/2014\/12\/Club-Show2011_BIS-404x270.jpg 404w, https:\/\/skotlanninhirvikoirat.fi\/wp-content\/uploads\/2014\/12\/Club-Show2011_BIS-300x201.jpg 300w, https:\/\/skotlanninhirvikoirat.fi\/wp-content\/uploads\/2014\/12\/Club-Show2011_BIS-768x514.jpg 768w\" sizes=\"auto, (max-width: 550px) 100vw, 550px\" \/><figcaption id=\"caption-attachment-1197\" class=\"wp-caption-text\">BIS1 Brokenwheel Mc Arianrhod<\/figcaption><\/figure>\n<p>Best In Show:<br \/>\nBIS1 Brokenwheel Mc Arianrhod<br \/>\nBIS2 Flower Power von der Oelm\u00fchle<br \/>\nBIS3 Amazingamazone<br \/>\nBIS4 Strangers Laura Sassatown<\/p>\n<p>Paras pentu:<br \/>\nROP Chic Choix Arwen to Blixten<br \/>\nVSP Sandmanscot Triartmon<\/p>\n<p>Paras veteraani:<br \/>\nVanessa von der Oelm\u00fchle<\/p>\n<p>Paras p\u00e4\u00e4 ja ilme:<br \/>\nVanessa von der Oelm\u00fchle<\/p>\n<p>Paras liikkuja:<br \/>\nFlower Power von der Oelm\u00fchle<\/p>\n<p>Paras pari:<br \/>\nKerscake Cardea&nbsp;&amp; Kerslake&nbsp;Callista<\/p>\n<p>Paras kasvattaja:<br \/>\nvon der Oelm\u00fchle<\/p>\n<p>Paras j\u00e4lkel\u00e4isluokka:<br \/>\nDita von der Oelm\u00fchle X Kilbourne Harvest Moon<\/p>\n<p>Paras nuori koira:<br \/>\nROP Sweetscot California Blue<br \/>\nVSP Sweetscot Quinn Mc Ross<\/p>\n<p>N\u00e4yttelyn vanhin koira:<br \/>\nYassasin Moss Garden<\/p>\n<p>Seniorhandler:<br \/>\nTarja Huusko ja Cushid Ard Toirnis<\/p>\n<p>Juniorhandler:<br \/>\nJesper ja Dolly (Roughrags Gwendolyn)<\/p>\n<p>Lapsi ja koira:<br \/>\nJerry ja Aurora (Chic Choix Dhulert Aurora)<\/p>\n<p>Paras tuonti:<br \/>\nFlower Power von der Oelm\u0171hle<\/p>\n<p>Urospennut:<br \/>\n1. Sandmanscot Triatmon<br \/>\n2. Sandmanscot Tadh<br \/>\n3. Sandmanscot Tighearnach<br \/>\n4. Sandmanscot Toirdhealbharch<\/p>\n<p>Narttupennut:<br \/>\n1. Chic Choix Arwen to Blixten<br \/>\n2. Chic Choix Dhultert Aurora<br \/>\n3. Brokenwheel Mc Blodeuwedd<br \/>\n4. Sandmanscot Te Bheag<br \/>\n5. Brokenwheel Mc Bronach<\/p>\n<p>Paras uros:<br \/>\n1. Brisley Brae Druid<br \/>\n2. Sweetscot Quinn Mc Ross<br \/>\n3. Kilbourne Harvest Moon<br \/>\n4. Weirskints Ross<br \/>\n5. Cushid Ard Toirnis<\/p>\n<p>Paras narttu:<br \/>\n1. Brokenwheel Mc Arianrhod<br \/>\n2. Flower Power von der Oelm\u00fchle<br \/>\n3. Amazingamazone<br \/>\n4. Strangers Laura Sassatown<br \/>\n5. Vanessa von der Oelm\u00fchle<\/p>\n","protected":false},"excerpt":{"rendered":"<p>6.8.2011 Tuomari:&nbsp;Paula Pascoe, kennel Lehig, USA Best In Show: BIS1 Brokenwheel Mc Arianrhod BIS2 Flower Power von der Oelm\u00fchle BIS3 Amazingamazone BIS4 Strangers Laura Sassatown Paras pentu: ROP Chic Choix Arwen to Blixten VSP Sandmanscot Triartmon Paras veteraani: Vanessa von der Oelm\u00fchle Paras p\u00e4\u00e4 ja ilme: Vanessa von der Oelm\u00fchle Paras liikkuja: Flower Power von &hellip; <\/p>\n<p class=\"link-more\"><a href=\"https:\/\/skotlanninhirvikoirat.fi\/?page_id=1196\" class=\"more-link\">Continue reading<span class=\"screen-reader-text\"> &#8221;Club Show 2011&#8221;<\/span><\/a><\/p>\n","protected":false},"author":6,"featured_media":0,"parent":3858,"menu_order":0,"comment_status":"closed","ping_status":"open","template":"","meta":{"footnotes":""},"class_list":["post-1196","page","type-page","status-publish","hentry"],"_links":{"self":[{"href":"https:\/\/skotlanninhirvikoirat.fi\/index.php?rest_route=\/wp\/v2\/pages\/1196","targetHints":{"allow":["GET"]}}],"collection":[{"href":"https:\/\/skotlanninhirvikoirat.fi\/index.php?rest_route=\/wp\/v2\/pages"}],"about":[{"href":"https:\/\/skotlanninhirvikoirat.fi\/index.php?rest_route=\/wp\/v2\/types\/page"}],"author":[{"embeddable":true,"href":"https:\/\/skotlanninhirvikoirat.fi\/index.php?rest_route=\/wp\/v2\/users\/6"}],"replies":[{"embeddable":true,"href":"https:\/\/skotlanninhirvikoirat.fi\/index.php?rest_route=%2Fwp%2Fv2%2Fcomments&post=1196"}],"version-history":[{"count":1,"href":"https:\/\/skotlanninhirvikoirat.fi\/index.php?rest_route=\/wp\/v2\/pages\/1196\/revisions"}],"predecessor-version":[{"id":3865,"href":"https:\/\/skotlanninhirvikoirat.fi\/index.php?rest_route=\/wp\/v2\/pages\/1196\/revisions\/3865"}],"up":[{"embeddable":true,"href":"https:\/\/skotlanninhirvikoirat.fi\/index.php?rest_route=\/wp\/v2\/pages\/3858"}],"wp:attachment":[{"href":"https:\/\/skotlanninhirvikoirat.fi\/index.php?rest_route=%2Fwp%2Fv2%2Fmedia&parent=1196"}],"curies":[{"name":"wp","href":"https:\/\/api.w.org\/{rel}","templated":true}]}}