{"id":15,"date":"2014-06-11T23:17:20","date_gmt":"2014-06-11T20:17:20","guid":{"rendered":"http:\/\/skotlanninhirvikoirat.fi\/?page_id=15"},"modified":"2024-10-01T13:09:35","modified_gmt":"2024-10-01T10:09:35","slug":"maasto-ja-ratakisat","status":"publish","type":"page","link":"https:\/\/skotlanninhirvikoirat.fi\/?page_id=15","title":{"rendered":"Maasto- ja ratakokeet"},"content":{"rendered":"<h1>\u00a0<\/h1>\n<p>Skotlanninhirvikoira kuuluu vinttikoiriin, mik\u00e4 tarkoittaa sit\u00e4, ett\u00e4 koira on aikoinaan jalostettu mets\u00e4st\u00e4m\u00e4\u00e4n nopeasti liikkuvaa saalisel\u00e4int\u00e4, skotlanninhirve\u00e4, juoksemalla saalis kiinni sek\u00e4 kaatamaan se. Tarkemmin sanottuna kyseess\u00e4 on saksanhirven (suurpeuran) skotlantilainen ala-laji. Kuten kaikki vinttikoirat my\u00f6s skotlanninhirvikoirat mets\u00e4st\u00e4v\u00e4t hy\u00f6dynt\u00e4m\u00e4ll\u00e4 eritt\u00e4in hyv\u00e4\u00e4 n\u00e4k\u00f6\u00e4\u00e4n sek\u00e4 nopeaa liikett\u00e4\u00e4n.<\/p>\n<p>Nyky\u00e4\u00e4n maasto- ja ratajuoksu on korvannut mets\u00e4styksen koiraharrastuksena.<\/p>\n<h2><span style=\"color: #682b30;\">Maastojuoksu<\/span><\/h2>\n<p>Maastojuoksussa koirat juoksevat pareittain, ajaen takaa keinotekoista &#8221;riistaa&#8221;, niin sanottua viehett\u00e4 maastossa, yleens\u00e4 pellolla. Koiran juoksusuoritusta arvostelee kolme tuomaria pisteill\u00e4, maksimipisteiden ollessa 2*300 pistett\u00e4.<\/p>\n<h2><span style=\"color: #682b30;\">Ratajuoksu<\/span><\/h2>\n<p>Ratajuoksu juostaan \u00a0joko hiekka- tai nurmipohjaisella radalla. Koira l\u00e4hetet\u00e4\u00e4n l\u00e4ht\u00f6kopista ja se juoksee vieheen per\u00e4ss\u00e4 m\u00e4\u00e4r\u00e4tyn matkan. Ratajuoksussa mitataan koiran nopeutta, eli juoksusuoritus kellotetaan.<\/p>\n<h2><span style=\"color: #682b30;\">Lis\u00e4tiedot ja kilpailukalenteri<\/span><\/h2>\n<p>Lis\u00e4tietoja maasto- ja ratajuoksusta l\u00f6yd\u00e4t Suomen vinttikoiraliiton sivuilta,\u00a0<a title=\"Suomen vinttikoiraliitto\" href=\"http:\/\/www.suomenvinttikoiraliitto.fi\/\" target=\"_blank\" rel=\"noopener\">http:\/\/www.suomenvinttikoiraliitto.fi\/<\/a><\/p>\n<ul>\n<li><a href=\"http:\/\/www.suomenvinttikoiraliitto.fi\/kilpaileminen\/ohjeita-aloittelijalle\" target=\"_blank\" rel=\"noopener\">Ohjeita aloittelijalle<\/a><\/li>\n<li><a href=\"http:\/\/www.suomenvinttikoiraliitto.fi\/kilpaileminen\/kilpailukirjan-hakeminen\" target=\"_blank\" rel=\"noopener\">Kilpailukirjan hakeminen<\/a><\/li>\n<li><a href=\"http:\/\/www.suomenvinttikoiraliitto.fi\/kilpaileminen\/koesaannot\" target=\"_blank\" rel=\"noopener\">Vinttikoirakokeiden s\u00e4\u00e4nn\u00f6t<\/a><\/li>\n<li><a href=\"http:\/\/www.suomenvinttikoiraliitto.fi\/files\/uudetliitteet\/Liite%207%20Kilpailuvarustus%202015.pdf\" target=\"_blank\" rel=\"noopener\">Kilpailuvarustus<\/a><\/li>\n<li>Suomen Borzoiklubi ry:n ohjeistus\u00a0<a href=\"https:\/\/www.borzoiklubi.net\/wp-content\/uploads\/2022\/09\/Kuonokoppa.pdf\" target=\"_blank\" rel=\"noopener\">australialaismallisen kuonokopan sovittamiseen<\/a><\/li>\n<li><a href=\"https:\/\/kilpailut.suomenvinttikoiraliitto.fi\/index.php\" target=\"_blank\" rel=\"noopener\">Suomen vinttikoiraliiton kilpailuj\u00e4rjestelm\u00e4<\/a><\/li>\n<\/ul>\n\n\n<p><\/p>\n","protected":false},"excerpt":{"rendered":"<p>\u00a0 Skotlanninhirvikoira kuuluu vinttikoiriin, mik\u00e4 tarkoittaa sit\u00e4, ett\u00e4 koira on aikoinaan jalostettu mets\u00e4st\u00e4m\u00e4\u00e4n nopeasti liikkuvaa saalisel\u00e4int\u00e4, skotlanninhirve\u00e4, juoksemalla saalis kiinni sek\u00e4 kaatamaan se. Tarkemmin sanottuna kyseess\u00e4 on saksanhirven (suurpeuran) skotlantilainen ala-laji. Kuten kaikki vinttikoirat my\u00f6s skotlanninhirvikoirat mets\u00e4st\u00e4v\u00e4t hy\u00f6dynt\u00e4m\u00e4ll\u00e4 eritt\u00e4in hyv\u00e4\u00e4 n\u00e4k\u00f6\u00e4\u00e4n sek\u00e4 nopeaa liikett\u00e4\u00e4n. Nyky\u00e4\u00e4n maasto- ja ratajuoksu on korvannut mets\u00e4styksen koiraharrastuksena. Maastojuoksu Maastojuoksussa koirat &hellip; <\/p>\n<p class=\"link-more\"><a href=\"https:\/\/skotlanninhirvikoirat.fi\/?page_id=15\" class=\"more-link\">Continue reading<span class=\"screen-reader-text\"> &#8221;Maasto- ja ratakokeet&#8221;<\/span><\/a><\/p>\n","protected":false},"author":1,"featured_media":0,"parent":0,"menu_order":0,"comment_status":"closed","ping_status":"open","template":"","meta":{"footnotes":""},"class_list":["post-15","page","type-page","status-publish","hentry"],"_links":{"self":[{"href":"https:\/\/skotlanninhirvikoirat.fi\/index.php?rest_route=\/wp\/v2\/pages\/15","targetHints":{"allow":["GET"]}}],"collection":[{"href":"https:\/\/skotlanninhirvikoirat.fi\/index.php?rest_route=\/wp\/v2\/pages"}],"about":[{"href":"https:\/\/skotlanninhirvikoirat.fi\/index.php?rest_route=\/wp\/v2\/types\/page"}],"author":[{"embeddable":true,"href":"https:\/\/skotlanninhirvikoirat.fi\/index.php?rest_route=\/wp\/v2\/users\/1"}],"replies":[{"embeddable":true,"href":"https:\/\/skotlanninhirvikoirat.fi\/index.php?rest_route=%2Fwp%2Fv2%2Fcomments&post=15"}],"version-history":[{"count":3,"href":"https:\/\/skotlanninhirvikoirat.fi\/index.php?rest_route=\/wp\/v2\/pages\/15\/revisions"}],"predecessor-version":[{"id":4622,"href":"https:\/\/skotlanninhirvikoirat.fi\/index.php?rest_route=\/wp\/v2\/pages\/15\/revisions\/4622"}],"wp:attachment":[{"href":"https:\/\/skotlanninhirvikoirat.fi\/index.php?rest_route=%2Fwp%2Fv2%2Fmedia&parent=15"}],"curies":[{"name":"wp","href":"https:\/\/api.w.org\/{rel}","templated":true}]}}