{"id":1508,"date":"2015-03-19T19:20:56","date_gmt":"2015-03-19T17:20:56","guid":{"rendered":"http:\/\/skotlanninhirvikoirat.fi\/?page_id=1508"},"modified":"2015-03-19T19:20:56","modified_gmt":"2015-03-19T17:20:56","slug":"tuomariesittely-2015","status":"publish","type":"page","link":"https:\/\/skotlanninhirvikoirat.fi\/?page_id=1508","title":{"rendered":"Tuomariesittely 2015"},"content":{"rendered":"<h1><span style=\"color: #682b30;\">Esittelyss\u00e4\u00a0Juhla-Club Show:n tuomari Ali Morton<\/span><\/h1>\n<p>&nbsp;<\/p>\n<p><img loading=\"lazy\" decoding=\"async\" class=\"alignnone wp-image-1521\" src=\"http:\/\/skotlanninhirvikoirat.fi\/wp-content\/uploads\/2015\/03\/tuomari_2015.gif\" alt=\"tuomari_2015\" width=\"550\" height=\"320\" \/><\/p>\n<p>Hei, olen Ali Morton.<br \/>\nOlen esitt\u00e4nyt n\u00e4yttelykoiria, tuottanut ja kasvannut skotteja, terrierej\u00e4 ja hevosia 35 vuoden ajan. Toimin Royal Canin lemmikkiruokien Skotlannin aluep\u00e4\u00e4llikk\u00f6n\u00e4. Vapaalla\u00a0haluan nauttia ajasta kotona el\u00e4inteni kanssa.<br \/>\nOlin eritt\u00e4in otettu saatuani pyynn\u00f6n Australiaan Queenslandin m\u00e4yr\u00e4koirakerhon 2013 erikoisn\u00e4yttelyn tuomariksi. My\u00f6nn\u00e4n sertifikaatteja m\u00e4yr\u00e4koirille ja olen toiminut tuomarina eri ryhmien avoimessa luokassa ja tuomaroinnut my\u00f6s ryhmien parhaita n\u00e4yttelyiss\u00e4.<br \/>\nOlen koulutettu ratsastuksenopettaja ja valmennan ratsastajia ja hevosia kouluratastuksessa aina vaativiin luokkiin asti.<br \/>\nOlen kasvattanut karkeakarvaisia k\u00e4\u00e4pi\u00f6m\u00e4yr\u00e4koiravalioita ja nyt olemme, yhdess\u00e4 partnerini kanssa, saaneet nauttia menestyst\u00e4 <strong><a href=\"http:\/\/www.cotherstonedeerhounds.com\/\" target=\"_blank\">kennel Cotherstone<\/a><\/strong>-skottiemme kanssa.<\/p>\n<p>Odotan suuresti tuomarointia Suomessa ja teid\u00e4n kaikkien tapaamista.<\/p>\n<p>&nbsp;<\/p>\n<p>Hello, I am Ali Morton.<br \/>\nI have been showing, producing and breeding hounds, terriers and horses for 35 years. I am the Scottish Area Manager for Royal Canin pet foods. In my spare time I enjoy spending time at home with the animals.<br \/>\nI was delighted to have been asked to Australia to judge the Queensland Dachshund Club Specialty Championship Show in 2013.\u00a0 I award CC&#8217;s in Dachshunds and have judged many different groups and best in shows at open level.<br \/>\nI am a qualified riding instructress and train riders and dressage horses through affiliated levels.<br \/>\nI have bred miniature wire haired dachshund champions and, with my partner, am currently enjoying much success with our homebred <strong><a href=\"http:\/\/www.cotherstonedeerhounds.com\/\" target=\"_blank\">Cotherstone Deerhounds<\/a><\/strong>.<\/p>\n<p>I am very much looking forward to judging in Finland this year and cannot wait to meet you all.<\/p>\n<p style=\"text-align: center;\"><iframe loading=\"lazy\" src=\"https:\/\/www.youtube.com\/embed\/zadkcWCABzQ\" width=\"560\" height=\"315\" frameborder=\"0\" allowfullscreen=\"allowfullscreen\"><\/iframe><\/p>\n","protected":false},"excerpt":{"rendered":"<p>Esittelyss\u00e4\u00a0Juhla-Club Show:n tuomari Ali Morton &nbsp; Hei, olen Ali Morton. Olen esitt\u00e4nyt n\u00e4yttelykoiria, tuottanut ja kasvannut skotteja, terrierej\u00e4 ja hevosia 35 vuoden ajan. Toimin Royal Canin lemmikkiruokien Skotlannin aluep\u00e4\u00e4llikk\u00f6n\u00e4. Vapaalla\u00a0haluan nauttia ajasta kotona el\u00e4inteni kanssa. Olin eritt\u00e4in otettu saatuani pyynn\u00f6n Australiaan Queenslandin m\u00e4yr\u00e4koirakerhon 2013 erikoisn\u00e4yttelyn tuomariksi. My\u00f6nn\u00e4n sertifikaatteja m\u00e4yr\u00e4koirille ja olen toiminut tuomarina eri ryhmien &hellip; <\/p>\n<p class=\"link-more\"><a href=\"https:\/\/skotlanninhirvikoirat.fi\/?page_id=1508\" class=\"more-link\">Continue reading<span class=\"screen-reader-text\"> &#8221;Tuomariesittely 2015&#8221;<\/span><\/a><\/p>\n","protected":false},"author":6,"featured_media":0,"parent":0,"menu_order":0,"comment_status":"closed","ping_status":"open","template":"","meta":{"footnotes":""},"class_list":["post-1508","page","type-page","status-publish","hentry"],"_links":{"self":[{"href":"https:\/\/skotlanninhirvikoirat.fi\/index.php?rest_route=\/wp\/v2\/pages\/1508","targetHints":{"allow":["GET"]}}],"collection":[{"href":"https:\/\/skotlanninhirvikoirat.fi\/index.php?rest_route=\/wp\/v2\/pages"}],"about":[{"href":"https:\/\/skotlanninhirvikoirat.fi\/index.php?rest_route=\/wp\/v2\/types\/page"}],"author":[{"embeddable":true,"href":"https:\/\/skotlanninhirvikoirat.fi\/index.php?rest_route=\/wp\/v2\/users\/6"}],"replies":[{"embeddable":true,"href":"https:\/\/skotlanninhirvikoirat.fi\/index.php?rest_route=%2Fwp%2Fv2%2Fcomments&post=1508"}],"version-history":[{"count":0,"href":"https:\/\/skotlanninhirvikoirat.fi\/index.php?rest_route=\/wp\/v2\/pages\/1508\/revisions"}],"wp:attachment":[{"href":"https:\/\/skotlanninhirvikoirat.fi\/index.php?rest_route=%2Fwp%2Fv2%2Fmedia&parent=1508"}],"curies":[{"name":"wp","href":"https:\/\/api.w.org\/{rel}","templated":true}]}}