{"id":1584,"date":"2015-03-23T18:52:29","date_gmt":"2015-03-23T16:52:29","guid":{"rendered":"http:\/\/skotlanninhirvikoirat.fi\/?page_id=1584"},"modified":"2016-03-23T19:47:43","modified_gmt":"2016-03-23T17:47:43","slug":"vuosi-2015","status":"publish","type":"page","link":"https:\/\/skotlanninhirvikoirat.fi\/?page_id=1584","title":{"rendered":"Vuosi 2015"},"content":{"rendered":"<h1><span style=\"color: #682b30;\">Maastokoetuloksia 2015<\/span><\/h1>\n<p>&nbsp;<\/p>\n<h2><span style=\"color: #682b30;\">Suomi-Cup listaus 2015<\/span><\/h2>\n<p>Koiria 13 kappaletta joista Suomi-Cup listalle 5kpl, kutsutaan Suomi-Cup 2016-kisaan 2 kappaletta.<br \/>\nSuomi-Cup CVM-16 kutsukilpailu j\u00e4rjestet\u00e4\u00e4n Jyv\u00e4skyl\u00e4ss\u00e4\u00a07.5.2016<br \/>\n<a href=\"http:\/\/www.suomenvinttikoiraliitto.fi\/files\/tulokset\/MAsuomicup.htm\" target=\"_blank\">Suomi-Cup tilastot roduittain<\/a><\/p>\n<p>1. Black Jade&#8217;s Mynka to Mearcair<br \/>\n2. Sandmanscot&#8217;s Tighearnach<br \/>\n&#8212;&#8212;&#8212;&#8212;&#8212;&#8212;&#8212;&#8212;&#8212;&#8212;&#8212;&#8212;&#8212;&#8212;<br \/>\n3. Scottclan&#8217;s Audrey for Blixten<br \/>\n4. Vaikonniemen Zen Cafe<br \/>\n5. Black Jade&#8217;s Fame and Fortune<br \/>\n5. Sandmanscot&#8217;s Triatmor<br \/>\n7. Black Jade&#8217;s Kentucky Rain<br \/>\n8. Scottclan&#8217;s Andrew to Blixten<br \/>\n9. Black Jade&#8217;s Good Luck Charm<br \/>\n10. Kerslake Douglass<br \/>\n11. Lawtons Copyright Costeau<br \/>\n12. Black Jade&#8217;s Follow that Dream<br \/>\n13. Vaikonniemen Zimazuu<\/p>\n<p>&nbsp;<\/p>\n<h2><span style=\"color: #682b30;\">18.10.2015 Hailuoto<\/span><\/h2>\n<p>1. Vaikonniemen Zen Cafe \u00a0236+233 = 469 p. SERTK<br \/>\n2. Black Jade&#8217;s Kentucky Rain \u00a0222+217 = 439 p.<br \/>\n3. Lawtons Copyright Costeau \u00a0206+229 = 435 p.<\/p>\n<figure id=\"attachment_2337\" aria-describedby=\"caption-attachment-2337\" style=\"width: 450px\" class=\"wp-caption alignnone\"><img loading=\"lazy\" decoding=\"async\" class=\"wp-image-2337\" src=\"http:\/\/skotlanninhirvikoirat.fi\/wp-content\/uploads\/2015\/03\/hailuoto_2015.jpg\" alt=\"hailuoto_2015\" width=\"450\" height=\"352\" srcset=\"https:\/\/skotlanninhirvikoirat.fi\/wp-content\/uploads\/2015\/03\/hailuoto_2015.jpg 638w, https:\/\/skotlanninhirvikoirat.fi\/wp-content\/uploads\/2015\/03\/hailuoto_2015-345x270.jpg 345w, https:\/\/skotlanninhirvikoirat.fi\/wp-content\/uploads\/2015\/03\/hailuoto_2015-300x235.jpg 300w\" sizes=\"auto, (max-width: 450px) 100vw, 450px\" \/><figcaption id=\"caption-attachment-2337\" class=\"wp-caption-text\">Etualalla Vaikonniemen Zen Cafe, takana Black Jade&#8217;s Kentucky Rain.<br \/>Kuva: Heidi Koivula<\/figcaption><\/figure>\n<p>&nbsp;<\/p>\n<h2><span style=\"color: #682b30;\">13.9.2015 Jyv\u00e4skyl\u00e4\/Keuruu<\/span><\/h2>\n<p>1. Black Jade&#8217;s Mynka to Mearcair \u00a0223+237 = 460 p. SERTK<br \/>\n2. Black Jade&#8217;s Good Luck Charm \u00a0220+215 = 435 p.<\/p>\n<figure id=\"attachment_2125\" aria-describedby=\"caption-attachment-2125\" style=\"width: 450px\" class=\"wp-caption alignnone\"><img loading=\"lazy\" decoding=\"async\" class=\"wp-image-2125\" src=\"http:\/\/skotlanninhirvikoirat.fi\/wp-content\/uploads\/2015\/03\/jyv\u00e4s-coursing2015-1024x707.jpg\" alt=\"jyv\u00e4s-coursing2015\" width=\"450\" height=\"311\" srcset=\"https:\/\/skotlanninhirvikoirat.fi\/wp-content\/uploads\/2015\/03\/jyv\u00e4s-coursing2015-1024x707.jpg 1024w, https:\/\/skotlanninhirvikoirat.fi\/wp-content\/uploads\/2015\/03\/jyv\u00e4s-coursing2015-1536x1061.jpg 1536w, https:\/\/skotlanninhirvikoirat.fi\/wp-content\/uploads\/2015\/03\/jyv\u00e4s-coursing2015-391x270.jpg 391w, https:\/\/skotlanninhirvikoirat.fi\/wp-content\/uploads\/2015\/03\/jyv\u00e4s-coursing2015-300x207.jpg 300w, https:\/\/skotlanninhirvikoirat.fi\/wp-content\/uploads\/2015\/03\/jyv\u00e4s-coursing2015-768x530.jpg 768w, https:\/\/skotlanninhirvikoirat.fi\/wp-content\/uploads\/2015\/03\/jyv\u00e4s-coursing2015.jpg 1581w\" sizes=\"auto, (max-width: 450px) 100vw, 450px\" \/><figcaption id=\"caption-attachment-2125\" class=\"wp-caption-text\">Black Jade&#8217;s Good Luck Charm &amp; Black Jade&#8217;s Mynka to Mearcair<\/figcaption><\/figure>\n<h2><span style=\"color: #682b30;\"><br \/>\n6.9.2015 Vaasa<\/span><\/h2>\n<p>1. Vaikonniemen Zen Cafe \u00a0217 p. luopui fin.<br \/>\n2. Black Jade&#8217;s Kentucky Rain \u00a0204 p. luopui fin.<\/p>\n<h2><span style=\"color: #682b30;\"><br \/>\n15.8.2015 Hyvink\u00e4\u00e4<\/span><\/h2>\n<p>1. Black Jade&#8217;s Mynka to Mearcair 240+228 = 468 p. SERTK, UKPM-15<br \/>\n2. Kerslake Douglass 183 p. luopui finaalista<\/p>\n<figure id=\"attachment_2068\" aria-describedby=\"caption-attachment-2068\" style=\"width: 450px\" class=\"wp-caption alignnone\"><img loading=\"lazy\" decoding=\"async\" class=\"wp-image-2068\" src=\"http:\/\/skotlanninhirvikoirat.fi\/wp-content\/uploads\/2015\/03\/MYNKA-1024x728.jpg\" alt=\"MYNKA\" width=\"450\" height=\"320\" srcset=\"https:\/\/skotlanninhirvikoirat.fi\/wp-content\/uploads\/2015\/03\/MYNKA-1024x728.jpg 1024w, https:\/\/skotlanninhirvikoirat.fi\/wp-content\/uploads\/2015\/03\/MYNKA-1536x1092.jpg 1536w, https:\/\/skotlanninhirvikoirat.fi\/wp-content\/uploads\/2015\/03\/MYNKA-2048x1456.jpg 2048w, https:\/\/skotlanninhirvikoirat.fi\/wp-content\/uploads\/2015\/03\/MYNKA-380x270.jpg 380w, https:\/\/skotlanninhirvikoirat.fi\/wp-content\/uploads\/2015\/03\/MYNKA-300x213.jpg 300w, https:\/\/skotlanninhirvikoirat.fi\/wp-content\/uploads\/2015\/03\/MYNKA-768x546.jpg 768w\" sizes=\"auto, (max-width: 450px) 100vw, 450px\" \/><figcaption id=\"caption-attachment-2068\" class=\"wp-caption-text\">Black Jade&#8217;s Mynka to Mearcair<\/figcaption><\/figure>\n<p>&nbsp;<\/p>\n<h2><span style=\"color: #682b30;\">9.8.2015 Tammela, SHKK maastomestaruus 2015<\/span><\/h2>\n<p>1. Black Jade\u2019s Mynka to Mearcair \u00a0225+233 = 458 p. SERTK, SHKK maastomestari 2015<br \/>\n2. Sandmanscot\u2019s Tighearnach \u00a0157 p. luopui finaalista<br \/>\n3. Kerslake Douglass \u00a0122 p.<\/p>\n<figure id=\"attachment_2049\" aria-describedby=\"caption-attachment-2049\" style=\"width: 450px\" class=\"wp-caption alignnone\"><img loading=\"lazy\" decoding=\"async\" class=\"wp-image-2049\" src=\"http:\/\/skotlanninhirvikoirat.fi\/wp-content\/uploads\/2015\/07\/mynka.jpg\" alt=\"mynka\" width=\"450\" height=\"350\" srcset=\"https:\/\/skotlanninhirvikoirat.fi\/wp-content\/uploads\/2015\/07\/mynka.jpg 660w, https:\/\/skotlanninhirvikoirat.fi\/wp-content\/uploads\/2015\/07\/mynka-347x270.jpg 347w, https:\/\/skotlanninhirvikoirat.fi\/wp-content\/uploads\/2015\/07\/mynka-300x234.jpg 300w\" sizes=\"auto, (max-width: 450px) 100vw, 450px\" \/><figcaption id=\"caption-attachment-2049\" class=\"wp-caption-text\">Black Jade&#8217;s Mynka to Mearcair<\/figcaption><\/figure>\n<p>&nbsp;<\/p>\n<h2><span style=\"color: #682b30;\">19.7.2015 Tampere<\/span><\/h2>\n<p>1. Black Jade&#8217;s Mynka to Mearcair \u00a0228 + 220 = 448 p.<br \/>\n2. Black Jade&#8217;s Good Luck Charm \u00a0198 + 223 = 421 p.<\/p>\n<p>&nbsp;<\/p>\n<h2><span style=\"color: #682b30;\">14.6.2015 Mikkeli<\/span><\/h2>\n<p>1. Scottclan&#8217;s Audrey for Blixten \u00a0219 + 203 = 422 p.<br \/>\nVaikonniemen Zimazuu \u00a0DISK<\/p>\n<p>&nbsp;<\/p>\n<h2><span style=\"color: #682b30;\">13.6.2015 Mikkeli, ajue<\/span><\/h2>\n<p>Black Jade&#8217;s Good Luck Charm<br \/>\nBlack Jade&#8217;s Fame and Fortune<br \/>\nSandmanscot&#8217;s Tighearnach<br \/>\n182\u00a0p. luopui fin. sijoitus 5\/7<\/p>\n<p>&nbsp;<\/p>\n<h2><span style=\"color: #682b30;\">6.6.2015 Helsinki,\u00a0Euroopan maastomestaruuskilpailu 2015<a href=\"http:\/\/suomenvinttikoiraliitto.fi\/eccoursing2015\/fi\/\" target=\"_blank\"><img loading=\"lazy\" decoding=\"async\" class=\"alignright wp-image-1807 size-full\" src=\"http:\/\/skotlanninhirvikoirat.fi\/wp-content\/uploads\/2015\/06\/EMM-logo.jpg\" alt=\"EMM-logo\" width=\"246\" height=\"238\" srcset=\"https:\/\/skotlanninhirvikoirat.fi\/wp-content\/uploads\/2015\/06\/EMM-logo.jpg 246w, https:\/\/skotlanninhirvikoirat.fi\/wp-content\/uploads\/2015\/06\/EMM-logo-45x45.jpg 45w\" sizes=\"auto, (max-width: 246px) 100vw, 246px\" \/><\/a><\/span><\/h2>\n<p>Nartut:<br \/>\n1.\u00a0DE Islay&#8217;s Hollyhock \u00a0262 + 261 = 523 p.\u00a0SERTK CACIL EMM-15<br \/>\n2. DE Islay&#8217;s Hyra \u00a0241 + 268 = 509 p.\u00a0SERTK VARA-CACIL<br \/>\n3. DE Dreamlike Dusk Caoinlan \u00a0248 + 256 = 504 p. SERTK<br \/>\n4. DE\u00a0\u00a0Isalay&#8217;s Iolana Inshriach \u00a0230 + 265 = 495 p. SERTK<br \/>\n5. DE\u00a0\u00a0Islay&#8217;s Jillaroo \u00a0235 + 255 = 490 p. SERTK<br \/>\n6. PL Princess of Love von der Oelmuhle \u00a0237 + 250 = 487 p. SERTK<br \/>\n7. <strong>FI<\/strong> Black Jade&#8217;s Fame and Fortune \u00a0232 + 253 = 485 p. SERTK<br \/>\n8. DE\u00a0\u00a0Islay&#8217;s Jodee-Faye \u00a0236 + 248 = 484 p. SERTK<br \/>\n9. CZ \u00a0Shagiead Just Good Friends \u00a0238 + 246 = 484 p. SERTK<br \/>\n10. DE Islay&#8217;s Hailey \u00a0238 + 237 = 475p. SERTK<br \/>\n11. CZ Pitlochry&#8217;s Lucy \u00a0229 + 239 = 468 p. SERTK<br \/>\n12. BE Islay&#8217;s Iorwen to Palantiri \u00a0228 + 232 = 460 p. SERTK<br \/>\n13. <strong>FI<\/strong> Scottclan&#8217;s Audrey for Blixten \u00a0225 + 231 = 456 p. SERTK<br \/>\n14. SE Galerita&#8217;s Amber \u00a0206 + 241 = 449 p.<br \/>\n15. BE Limelight Palantiri \u00a0209 + 182 = 391 p.<br \/>\n16. SE Daphne Carrie Irater \u00a0226 + 155 = 381 p.<br \/>\n17. SE Galerita&#8217;s Black Opal \u00a0218 + 141 = 359 p.<br \/>\n18. SE Justso Dali&#8217;s Lips Sofa \u00a0225 + 38 = 263 p.<\/p>\n<p>Urokset:<br \/>\n1. DE Islay&#8217;s Jock \u00a0257 + 257 = 514 p. SERTK CACIL EMM-15<br \/>\n2. DE Islay&#8217;s Kurt Cobain \u00a0249 + 258 = 507 p. SERTK VARA-CACIL<br \/>\n3. NO Wolfscastle Garve \u00a0226 + 256\u00a0= 482 p. SERTK<br \/>\n4. <strong>FI<\/strong> Sandmanscot&#8217;s Tighearnach \u00a0236 + 245 = 481 p. SERTK<br \/>\n5. CH Nelungaloo Meshach \u00a0230 + 236 = 466 p. SERTK<br \/>\n6. CH Gilroy the Deerhunter \u00a0199 + 207 = 406 p.<br \/>\n7. CH Islay&#8217;s Havoc \u00a0213 + 43 = 256 p. loukkaantui fin.<br \/>\n8. BE Livingston Palantiri \u00a0197 p. luopui fin.<\/p>\n<figure id=\"attachment_1804\" aria-describedby=\"caption-attachment-1804\" style=\"width: 450px\" class=\"wp-caption alignnone\"><img loading=\"lazy\" decoding=\"async\" class=\"wp-image-1804\" src=\"http:\/\/skotlanninhirvikoirat.fi\/wp-content\/uploads\/2015\/03\/EMM-kulkue_skotit.jpg\" alt=\"EMM-kulkue_skotit\" width=\"450\" height=\"357\" srcset=\"https:\/\/skotlanninhirvikoirat.fi\/wp-content\/uploads\/2015\/03\/EMM-kulkue_skotit.jpg 960w, https:\/\/skotlanninhirvikoirat.fi\/wp-content\/uploads\/2015\/03\/EMM-kulkue_skotit-340x270.jpg 340w, https:\/\/skotlanninhirvikoirat.fi\/wp-content\/uploads\/2015\/03\/EMM-kulkue_skotit-300x238.jpg 300w, https:\/\/skotlanninhirvikoirat.fi\/wp-content\/uploads\/2015\/03\/EMM-kulkue_skotit-768x610.jpg 768w\" sizes=\"auto, (max-width: 450px) 100vw, 450px\" \/><figcaption id=\"caption-attachment-1804\" class=\"wp-caption-text\">5.6.2015 j\u00e4rjestetyss\u00e4 avajaisseremoniassa esiteltiin kaikki vinttikoirarodut. Skotlanninhirvikoiria edustivat Hamish, Hagrid ja Pimu.<br \/> Kuva: P. Winter<\/figcaption><\/figure>\n<p>&nbsp;<\/p>\n<h2><span style=\"color: #682b30;\">17.5.2015 Mustiala, ajue<\/span><\/h2>\n<p>Sweetscot Marchie Moor<br \/>\nBlack Jade&#8217;s Follow That Dream<br \/>\nBlack Jade&#8217;s Mynka to Mearcair<br \/>\n141 p. sijoitus 9\/12<\/p>\n<p>Black Jade&#8217;s Good Luck Charm<br \/>\nVaikonniemen Zimazuu<br \/>\nSandmanscot&#8217;s Triatmor<br \/>\n135 p. sijoitus 10\/12<\/p>\n<h2><\/h2>\n<h2><span style=\"color: #682b30;\">16.5.2015 Mustiala, Suomi-Cup kutsukilpailu<\/span><\/h2>\n<p>1. Sandmanscot&#8217;s Tighearnach \u00a0174 + 195 = 369 p. CVM-15<br \/>\n2. Black Jade&#8217;s Fame and Fortune \u00a0177 + 187 = 364 p.<\/p>\n<p>&nbsp;<\/p>\n<h2><span style=\"color: #682b30;\">3.5.2015 Mustiala, EMM-15 karsintakilpailu<\/span><\/h2>\n<p>1. Sandmanscot&#8217;s Tighearnach \u00a0215 + 206 = 421 p.<br \/>\n2. Scottclan&#8217;s Andrew for Blixten \u00a0191 + 175 = 366 p.<br \/>\n3. Black Jade&#8217;s Good Luck Charm \u00a0181 p. keskeytetty (louk. ae.)<\/p>\n<p>&nbsp;<\/p>\n<h2><span style=\"color: #682b30;\">14.3.2015 M\u00e4ntt\u00e4-Vilppula, Talvimaastot<\/span><\/h2>\n<p>1. Scottclan&#8217;s Audrey for Blixten \u00a0217 + 190 = 407 p.<br \/>\n2. Sandmanscot&#8217;s Triatmor \u00a0219 + 144 = 363 p.<br \/>\n3. Sandmanscot&#8217;s Tighearnach \u00a0192 p.<br \/>\n4. Black Jade&#8217;s Kentucky Rain \u00a0190 p.<\/p>\n<figure id=\"attachment_1587\" aria-describedby=\"caption-attachment-1587\" style=\"width: 450px\" class=\"wp-caption alignnone\"><img loading=\"lazy\" decoding=\"async\" class=\"wp-image-1587\" src=\"http:\/\/skotlanninhirvikoirat.fi\/wp-content\/uploads\/2015\/03\/TALVIMAASTOT2015-1024x715.jpg\" alt=\"TALVIMAASTOT2015\" width=\"450\" height=\"314\" srcset=\"https:\/\/skotlanninhirvikoirat.fi\/wp-content\/uploads\/2015\/03\/TALVIMAASTOT2015-1024x715.jpg 1024w, https:\/\/skotlanninhirvikoirat.fi\/wp-content\/uploads\/2015\/03\/TALVIMAASTOT2015-1536x1073.jpg 1536w, https:\/\/skotlanninhirvikoirat.fi\/wp-content\/uploads\/2015\/03\/TALVIMAASTOT2015-2048x1430.jpg 2048w, https:\/\/skotlanninhirvikoirat.fi\/wp-content\/uploads\/2015\/03\/TALVIMAASTOT2015-387x270.jpg 387w, https:\/\/skotlanninhirvikoirat.fi\/wp-content\/uploads\/2015\/03\/TALVIMAASTOT2015-300x210.jpg 300w, https:\/\/skotlanninhirvikoirat.fi\/wp-content\/uploads\/2015\/03\/TALVIMAASTOT2015-768x536.jpg 768w, https:\/\/skotlanninhirvikoirat.fi\/wp-content\/uploads\/2015\/03\/TALVIMAASTOT2015-400x280.jpg 400w\" sizes=\"auto, (max-width: 450px) 100vw, 450px\" \/><figcaption id=\"caption-attachment-1587\" class=\"wp-caption-text\">1. Scottclan&#8217;s Audrey for Blixten \u00a02. Sandmanscot&#8217;s Triatmor<\/figcaption><\/figure>\n","protected":false},"excerpt":{"rendered":"<p>Maastokoetuloksia 2015 &nbsp; Suomi-Cup listaus 2015 Koiria 13 kappaletta joista Suomi-Cup listalle 5kpl, kutsutaan Suomi-Cup 2016-kisaan 2 kappaletta. Suomi-Cup CVM-16 kutsukilpailu j\u00e4rjestet\u00e4\u00e4n Jyv\u00e4skyl\u00e4ss\u00e4\u00a07.5.2016 Suomi-Cup tilastot roduittain 1. Black Jade&#8217;s Mynka to Mearcair 2. Sandmanscot&#8217;s Tighearnach &#8212;&#8212;&#8212;&#8212;&#8212;&#8212;&#8212;&#8212;&#8212;&#8212;&#8212;&#8212;&#8212;&#8212; 3. Scottclan&#8217;s Audrey for Blixten 4. Vaikonniemen Zen Cafe 5. Black Jade&#8217;s Fame and Fortune 5. Sandmanscot&#8217;s Triatmor 7. &hellip; <\/p>\n<p class=\"link-more\"><a href=\"https:\/\/skotlanninhirvikoirat.fi\/?page_id=1584\" class=\"more-link\">Continue reading<span class=\"screen-reader-text\"> &#8221;Vuosi 2015&#8221;<\/span><\/a><\/p>\n","protected":false},"author":6,"featured_media":0,"parent":0,"menu_order":0,"comment_status":"closed","ping_status":"open","template":"","meta":{"footnotes":""},"class_list":["post-1584","page","type-page","status-publish","hentry"],"_links":{"self":[{"href":"https:\/\/skotlanninhirvikoirat.fi\/index.php?rest_route=\/wp\/v2\/pages\/1584","targetHints":{"allow":["GET"]}}],"collection":[{"href":"https:\/\/skotlanninhirvikoirat.fi\/index.php?rest_route=\/wp\/v2\/pages"}],"about":[{"href":"https:\/\/skotlanninhirvikoirat.fi\/index.php?rest_route=\/wp\/v2\/types\/page"}],"author":[{"embeddable":true,"href":"https:\/\/skotlanninhirvikoirat.fi\/index.php?rest_route=\/wp\/v2\/users\/6"}],"replies":[{"embeddable":true,"href":"https:\/\/skotlanninhirvikoirat.fi\/index.php?rest_route=%2Fwp%2Fv2%2Fcomments&post=1584"}],"version-history":[{"count":0,"href":"https:\/\/skotlanninhirvikoirat.fi\/index.php?rest_route=\/wp\/v2\/pages\/1584\/revisions"}],"wp:attachment":[{"href":"https:\/\/skotlanninhirvikoirat.fi\/index.php?rest_route=%2Fwp%2Fv2%2Fmedia&parent=1584"}],"curies":[{"name":"wp","href":"https:\/\/api.w.org\/{rel}","templated":true}]}}