{"id":1885,"date":"2015-07-01T20:29:16","date_gmt":"2015-07-01T17:29:16","guid":{"rendered":"http:\/\/skotlanninhirvikoirat.fi\/?page_id=1885"},"modified":"2026-02-01T22:40:19","modified_gmt":"2026-02-01T20:40:19","slug":"paivityksia","status":"publish","type":"page","link":"https:\/\/skotlanninhirvikoirat.fi\/?page_id=1885","title":{"rendered":"MaSkotti-lehti"},"content":{"rendered":"<p><span style=\"color: #ff6600;\">HUOM!\u00a0<\/span><br \/>\n<span style=\"color: #ff6600;\">Vuonna 2026 lehti ilmestyy poikkeuksellisesti kaksi kertaa hallituksen toimittamana. Tarkempia tietoja lehtien ilmestymisajankohdista ja materiaalien toimittamisesta tulossa my\u00f6hemmin. ( P\u00e4ivitetty 1.2.2026)<\/span><\/p>\n<p>Skotlanninhirvikoirakerho ry julkaisee nelj\u00e4 kertaa vuodessa j\u00e4senlehte\u00e4 MaSkottia. Lehti on kooltaan A4, ulko- ja sis\u00e4kannet v\u00e4rilliset. Lehdess\u00e4 on artikkeleita mm. terveydest\u00e4, n\u00e4yttelyist\u00e4, rata- ja maastojuoksukilpailuista.<\/p>\n<p><img loading=\"lazy\" decoding=\"async\" class=\"alignnone size-medium wp-image-4172\" src=\"https:\/\/skotlanninhirvikoirat.fi\/wp-content\/uploads\/2023\/01\/FB_IMG_1674468261640-225x300.jpg\" alt=\"\" width=\"225\" height=\"300\" srcset=\"https:\/\/skotlanninhirvikoirat.fi\/wp-content\/uploads\/2023\/01\/FB_IMG_1674468261640-225x300.jpg 225w, https:\/\/skotlanninhirvikoirat.fi\/wp-content\/uploads\/2023\/01\/FB_IMG_1674468261640-768x1024.jpg 768w, https:\/\/skotlanninhirvikoirat.fi\/wp-content\/uploads\/2023\/01\/FB_IMG_1674468261640-203x270.jpg 203w, https:\/\/skotlanninhirvikoirat.fi\/wp-content\/uploads\/2023\/01\/FB_IMG_1674468261640.jpg 1080w\" sizes=\"auto, (max-width: 225px) 100vw, 225px\" \/><\/p>\n<p>Materiaalin toimitusosoite on maskotti(at)skotlanninhirvikoirat.fi.<\/p>\n<p>Materiaalit tulee j\u00e4tt\u00e4\u00e4 viimeist\u00e4\u00e4n 1.2., 1.5., 1.8. ja 1.11. L\u00e4het\u00e4th\u00e4n kuvat ja tekstin erillisin\u00e4 tiedostoina. Kuvien k\u00e4ytt\u00f6\u00f6n on oltava kuvaajan lupa, mainitse viestiss\u00e4si, mik\u00e4li et halua nime\u00e4si julkaistavan. My\u00f6s kuvituskuvat ovat tervetulleita.<\/p>\n","protected":false},"excerpt":{"rendered":"<p>HUOM!\u00a0 Vuonna 2026 lehti ilmestyy poikkeuksellisesti kaksi kertaa hallituksen toimittamana. Tarkempia tietoja lehtien ilmestymisajankohdista ja materiaalien toimittamisesta tulossa my\u00f6hemmin. ( P\u00e4ivitetty 1.2.2026) Skotlanninhirvikoirakerho ry julkaisee nelj\u00e4 kertaa vuodessa j\u00e4senlehte\u00e4 MaSkottia. Lehti on kooltaan A4, ulko- ja sis\u00e4kannet v\u00e4rilliset. Lehdess\u00e4 on artikkeleita mm. terveydest\u00e4, n\u00e4yttelyist\u00e4, rata- ja maastojuoksukilpailuista. Materiaalin toimitusosoite on maskotti(at)skotlanninhirvikoirat.fi. Materiaalit tulee j\u00e4tt\u00e4\u00e4 viimeist\u00e4\u00e4n &hellip; <\/p>\n<p class=\"link-more\"><a href=\"https:\/\/skotlanninhirvikoirat.fi\/?page_id=1885\" class=\"more-link\">Continue reading<span class=\"screen-reader-text\"> &#8221;MaSkotti-lehti&#8221;<\/span><\/a><\/p>\n","protected":false},"author":6,"featured_media":0,"parent":0,"menu_order":0,"comment_status":"closed","ping_status":"open","template":"","meta":{"footnotes":""},"class_list":["post-1885","page","type-page","status-publish","hentry"],"_links":{"self":[{"href":"https:\/\/skotlanninhirvikoirat.fi\/index.php?rest_route=\/wp\/v2\/pages\/1885","targetHints":{"allow":["GET"]}}],"collection":[{"href":"https:\/\/skotlanninhirvikoirat.fi\/index.php?rest_route=\/wp\/v2\/pages"}],"about":[{"href":"https:\/\/skotlanninhirvikoirat.fi\/index.php?rest_route=\/wp\/v2\/types\/page"}],"author":[{"embeddable":true,"href":"https:\/\/skotlanninhirvikoirat.fi\/index.php?rest_route=\/wp\/v2\/users\/6"}],"replies":[{"embeddable":true,"href":"https:\/\/skotlanninhirvikoirat.fi\/index.php?rest_route=%2Fwp%2Fv2%2Fcomments&post=1885"}],"version-history":[{"count":19,"href":"https:\/\/skotlanninhirvikoirat.fi\/index.php?rest_route=\/wp\/v2\/pages\/1885\/revisions"}],"predecessor-version":[{"id":4969,"href":"https:\/\/skotlanninhirvikoirat.fi\/index.php?rest_route=\/wp\/v2\/pages\/1885\/revisions\/4969"}],"wp:attachment":[{"href":"https:\/\/skotlanninhirvikoirat.fi\/index.php?rest_route=%2Fwp%2Fv2%2Fmedia&parent=1885"}],"curies":[{"name":"wp","href":"https:\/\/api.w.org\/{rel}","templated":true}]}}