{"id":2,"date":"2014-06-11T19:42:07","date_gmt":"2014-06-11T19:42:07","guid":{"rendered":"http:\/\/skotlanninhirvikoirat.fi\/?page_id=2"},"modified":"2026-04-13T21:26:27","modified_gmt":"2026-04-13T18:26:27","slug":"esimerkkisivu","status":"publish","type":"page","link":"https:\/\/skotlanninhirvikoirat.fi\/","title":{"rendered":"Skotlanninhirvikoirakerho ry"},"content":{"rendered":"<p>Tervetuloa Skotlanninhirvikoirakerho ry:n sivuille!<\/p>\n<p>Kerhon tarkoitus on levitt\u00e4\u00e4 tietoa Skotlanninhirvikoirasta rotuna,\u00a0edist\u00e4en lajin tunnettavuutta ja harrastusmahdollisuuksia Suomessa, sek\u00e4 auttaa j\u00e4seni\u00e4\u00e4n koiraharrastuksissaan.<\/p>\n<p>Skotlanninhirvikoira, tuttavallisemmin &#8221;skotti&#8221; on oiva harrastuskoira. N\u00e4yttelyt sek\u00e4 maastojuoksukilpailut sopivat hyvin skotin ja omistajan yhteisiksi aktiviteeteiksi. Lempe\u00e4n luonteensa vuoksi skotti sopii hyvin my\u00f6s kotikoiraksi. Skotista rotuna voit lukea lis\u00e4\u00e4 n\u00e4ill\u00e4 sivuilla &#8211; mutta varo vain, rotu voi vied\u00e4 mukanansa! Me harrastajat ja koiranomistajat olemmekin sit\u00e4 mielt\u00e4 ett\u00e4 meiss\u00e4 jokaisessa asuu pieni skotti ja sellaista syd\u00e4nt\u00e4 ei olekaan johon ei skotti tassunj\u00e4lki\u00e4\u00e4n j\u00e4tt\u00e4isi!<\/p>\n<p><span style=\"color: #682b30;\"><strong>Tervetuloa mukaan kaikki rodun harrastajat ja rodusta kiinnostuneet!<\/strong><\/span><\/p>\n\n\n<p style=\"font-size:16px\">Ota meid\u00e4t seurantaan my\u00f6s <a href=\"https:\/\/www.facebook.com\/SkotlanninhirvikoirakerhoRy\/?locale=fi_FI\" data-type=\"link\" data-id=\"https:\/\/www.facebook.com\/SkotlanninhirvikoirakerhoRy\/?locale=fi_FI\">Facebookissa<\/a> sek\u00e4 <a href=\"https:\/\/www.instagram.com\/skotlanninhirvikoirakerho\/\" data-type=\"link\" data-id=\"https:\/\/www.instagram.com\/skotlanninhirvikoirakerho\/\">Instagramissa<\/a> \ud83d\ude42<br><\/p>\n\n\n\n<p class=\"has-medium-font-size\"><mark style=\"background-color:rgba(0, 0, 0, 0)\" class=\"has-inline-color has-vivid-red-color\"><strong>Ajankohtaista<\/strong>!<\/mark><\/p>\n\n\n<ul class=\"wp-block-latest-posts__list wp-block-latest-posts\"><li><a class=\"wp-block-latest-posts__post-title\" href=\"https:\/\/skotlanninhirvikoirat.fi\/?p=5022\">Erkkarin ilmoittautuminen on avattu!<\/a><\/li>\n<li><a class=\"wp-block-latest-posts__post-title\" href=\"https:\/\/skotlanninhirvikoirat.fi\/?p=4988\">Skotlanninhirvikoirakerho ry:n vuosikokouskutsu<\/a><\/li>\n<li><a class=\"wp-block-latest-posts__post-title\" href=\"https:\/\/skotlanninhirvikoirat.fi\/?p=4946\">MISS\u00c4 LUURAA MASKOTTI?<\/a><\/li>\n<li><a class=\"wp-block-latest-posts__post-title\" href=\"https:\/\/skotlanninhirvikoirat.fi\/?p=4932\">Maskotti-lehti etsii tekij\u00f6it\u00e4!<\/a><\/li>\n<li><a class=\"wp-block-latest-posts__post-title\" href=\"https:\/\/skotlanninhirvikoirat.fi\/?p=4925\">Kalenterikuvakisan \u00e4\u00e4nestys on k\u00e4ynniss\u00e4!<\/a><\/li>\n<\/ul>\n\n\n<p class=\"has-small-font-size\"><br>P\u00e4ivitykset sivuille: 18.3.2026 <a href=\"https:\/\/skotlanninhirvikoirat.fi\/?page_id=7\" data-type=\"page\" data-id=\"7\">toimihenkil\u00f6t<\/a>, <a href=\"https:\/\/skotlanninhirvikoirat.fi\/?page_id=4746\" data-type=\"page\" data-id=\"4746\">hallitus tiedottaa<\/a> ja <a href=\"https:\/\/skotlanninhirvikoirat.fi\/?page_id=4739\" data-type=\"page\" data-id=\"4739\">pentuv\u00e4litys<\/a>-sivu.<br><br><\/p>\n\n\n<div class=\"wp-block-image\">\n<figure class=\"aligncenter size-full is-resized\"><img loading=\"lazy\" decoding=\"async\" width=\"250\" height=\"250\" src=\"https:\/\/skotlanninhirvikoirat.fi\/wp-content\/uploads\/2024\/03\/cropped-Skotlannin_Hirvikoirakerho_logo_posa.png\" alt=\"\" class=\"wp-image-4460\" style=\"width:334px;height:auto\" srcset=\"https:\/\/skotlanninhirvikoirat.fi\/wp-content\/uploads\/2024\/03\/cropped-Skotlannin_Hirvikoirakerho_logo_posa.png 250w, https:\/\/skotlanninhirvikoirat.fi\/wp-content\/uploads\/2024\/03\/cropped-Skotlannin_Hirvikoirakerho_logo_posa-150x150.png 150w, https:\/\/skotlanninhirvikoirat.fi\/wp-content\/uploads\/2024\/03\/cropped-Skotlannin_Hirvikoirakerho_logo_posa-45x45.png 45w\" sizes=\"auto, (max-width: 250px) 100vw, 250px\" \/><\/figure>\n<\/div>","protected":false},"excerpt":{"rendered":"<p>Tervetuloa Skotlanninhirvikoirakerho ry:n sivuille! Kerhon tarkoitus on levitt\u00e4\u00e4 tietoa Skotlanninhirvikoirasta rotuna,\u00a0edist\u00e4en lajin tunnettavuutta ja harrastusmahdollisuuksia Suomessa, sek\u00e4 auttaa j\u00e4seni\u00e4\u00e4n koiraharrastuksissaan. Skotlanninhirvikoira, tuttavallisemmin &#8221;skotti&#8221; on oiva harrastuskoira. N\u00e4yttelyt sek\u00e4 maastojuoksukilpailut sopivat hyvin skotin ja omistajan yhteisiksi aktiviteeteiksi. Lempe\u00e4n luonteensa vuoksi skotti sopii hyvin my\u00f6s kotikoiraksi. Skotista rotuna voit lukea lis\u00e4\u00e4 n\u00e4ill\u00e4 sivuilla &#8211; mutta varo vain, &hellip; <\/p>\n<p class=\"link-more\"><a href=\"https:\/\/skotlanninhirvikoirat.fi\/\" class=\"more-link\">Continue reading<span class=\"screen-reader-text\"> &#8221;Skotlanninhirvikoirakerho ry&#8221;<\/span><\/a><\/p>\n","protected":false},"author":1,"featured_media":0,"parent":0,"menu_order":0,"comment_status":"closed","ping_status":"open","template":"","meta":{"footnotes":""},"class_list":["post-2","page","type-page","status-publish","hentry"],"_links":{"self":[{"href":"https:\/\/skotlanninhirvikoirat.fi\/index.php?rest_route=\/wp\/v2\/pages\/2","targetHints":{"allow":["GET"]}}],"collection":[{"href":"https:\/\/skotlanninhirvikoirat.fi\/index.php?rest_route=\/wp\/v2\/pages"}],"about":[{"href":"https:\/\/skotlanninhirvikoirat.fi\/index.php?rest_route=\/wp\/v2\/types\/page"}],"author":[{"embeddable":true,"href":"https:\/\/skotlanninhirvikoirat.fi\/index.php?rest_route=\/wp\/v2\/users\/1"}],"replies":[{"embeddable":true,"href":"https:\/\/skotlanninhirvikoirat.fi\/index.php?rest_route=%2Fwp%2Fv2%2Fcomments&post=2"}],"version-history":[{"count":36,"href":"https:\/\/skotlanninhirvikoirat.fi\/index.php?rest_route=\/wp\/v2\/pages\/2\/revisions"}],"predecessor-version":[{"id":5045,"href":"https:\/\/skotlanninhirvikoirat.fi\/index.php?rest_route=\/wp\/v2\/pages\/2\/revisions\/5045"}],"wp:attachment":[{"href":"https:\/\/skotlanninhirvikoirat.fi\/index.php?rest_route=%2Fwp%2Fv2%2Fmedia&parent=2"}],"curies":[{"name":"wp","href":"https:\/\/api.w.org\/{rel}","templated":true}]}}