{"id":2865,"date":"2016-09-10T15:29:13","date_gmt":"2016-09-10T12:29:13","guid":{"rendered":"http:\/\/skotlanninhirvikoirat.fi\/?page_id=2865"},"modified":"2024-06-11T22:12:32","modified_gmt":"2024-06-11T19:12:32","slug":"vuoden-skotlanninhirvikoira-pistelaskusaannot","status":"publish","type":"page","link":"https:\/\/skotlanninhirvikoirat.fi\/?page_id=2865","title":{"rendered":"Vuoden menestyneimm\u00e4t Skotlanninhirvikoirat"},"content":{"rendered":"\n<p><strong>Skotlanninhirvikoirakerho ry valitsee ja palkitsee vuosittain vuoden skotlanninhirvikoiran ja parhaan vastakkaisen sukupuolen, vuoden juniorin, vuoden veteraanin sek\u00e4 vuoden kasvattajan.<\/strong><\/p>\n\n\n\n<p><strong>Vuoden menestynein n\u00e4yttelykoira ja VSP<\/strong><\/p>\n\n\n\n<p><strong>Vuoden menestynein kotimaassa kasvatettu n\u00e4yttelykoira<\/strong><\/p>\n\n\n\n<p><strong>Vuoden juniori ja VSP- juniori<\/strong><\/p>\n\n\n\n<p><strong>Vuoden veteraani ja VSP-veteraani<\/strong><\/p>\n\n\n\n<p><strong>Vuoden kasvattaja<\/strong>&nbsp;&nbsp;&nbsp;&nbsp;&nbsp;&nbsp;&nbsp;&nbsp;&nbsp;&nbsp;&nbsp;&nbsp;<\/p>\n\n\n\n<p><em><strong>N\u00e4yttelykoirakisan pistetaulukko<\/strong><\/em><\/p>\n\n\n\n<figure class=\"wp-block-table\"><table><tbody><tr><td>Sijoitus<\/td><td>Club Show<\/td><td>KV<\/td><td>NORD<\/td><td>KR<\/td><td>RN<\/td><td>PN<\/td><\/tr><tr><td>BIS-1<\/td><td>&#8211;<\/td><td>30<\/td><td>27<\/td><td>25<\/td><td>20<\/td><td>25<\/td><\/tr><tr><td>BIS-2<\/td><td>&#8211;<\/td><td>28<\/td><td>25<\/td><td>23<\/td><td>18<\/td><td>23<\/td><\/tr><tr><td>BIS-3<\/td><td>&#8211;<\/td><td>26<\/td><td>23<\/td><td>21<\/td><td>16<\/td><td>21<\/td><\/tr><tr><td>BIS-4<\/td><td>&#8211;<\/td><td>24<\/td><td>21<\/td><td>19<\/td><td>14<\/td><td>19<\/td><\/tr><tr><td>RYP-1<\/td><td>&#8211;<\/td><td>23<\/td><td>20<\/td><td>18<\/td><td>15<\/td><td>18<\/td><\/tr><tr><td>RYP-2<\/td><td>&#8211;<\/td><td>22<\/td><td>19<\/td><td>17<\/td><td>14<\/td><td>17<\/td><\/tr><tr><td>RYP-3<\/td><td>&#8211;<\/td><td>21<\/td><td>18<\/td><td>16<\/td><td>13<\/td><td>16<\/td><\/tr><tr><td>RYP-4<\/td><td>&#8211;<\/td><td>20<\/td><td>17<\/td><td>15<\/td><td>12<\/td><td>15<\/td><\/tr><tr><td>ROP<\/td><td>35<\/td><td>14<\/td><td>12<\/td><td>10<\/td><td>8<\/td><td>8<\/td><\/tr><tr><td>VSP<\/td><td>32<\/td><td>12<\/td><td>10<\/td><td>8<\/td><td>6<\/td><td>6<\/td><\/tr><tr><td>VET-ROP<\/td><td>15<\/td><td>10<\/td><td>8<\/td><td>6<\/td><td>4<\/td><td>&nbsp;<\/td><\/tr><tr><td>VET-VSP<\/td><td>12<\/td><td>8<\/td><td>6<\/td><td>4<\/td><td>2<\/td><td>&nbsp;<\/td><\/tr><tr><td>JUN-ROP<\/td><td>15<\/td><td>10<\/td><td>8<\/td><td>8<\/td><td>8<\/td><td>&nbsp;<\/td><\/tr><tr><td>JUN-VSP<\/td><td>12<\/td><td>8<\/td><td>6<\/td><td>6<\/td><td>6<\/td><td>&nbsp;<\/td><\/tr><tr><td>PU2\/PN2<\/td><td>15<\/td><td>6<\/td><td>4<\/td><td>4<\/td><td>4<\/td><td>4<\/td><\/tr><tr><td>PU3\/PN3<\/td><td>12<\/td><td>4<\/td><td>2<\/td><td>2<\/td><td>2<\/td><td>2<\/td><\/tr><tr><td>PU4\/PN4<\/td><td>10<\/td><td>2<\/td><td>1<\/td><td>1<\/td><td>1<\/td><td>1<\/td><\/tr><tr><td>PEN-ROP<\/td><td>15<\/td><td>&nbsp;<\/td><td>&nbsp;<\/td><td>&nbsp;<\/td><td>&nbsp;<\/td><td>&nbsp;<\/td><\/tr><tr><td>PEN-VSP<\/td><td>12<\/td><td>&nbsp;<\/td><td>&nbsp;<\/td><td>&nbsp;<\/td><td>&nbsp;<\/td><td>&nbsp;<\/td><\/tr><tr><td>PEN PU\/PN2<\/td><td>10<\/td><td>&nbsp;<\/td><td>&nbsp;<\/td><td>&nbsp;<\/td><td>&nbsp;<\/td><td>&nbsp;<\/td><\/tr><tr><td>PEN PU\/PN3<\/td><td>8<\/td><td>&nbsp;<\/td><td>&nbsp;<\/td><td>&nbsp;<\/td><td>&nbsp;<\/td><td>&nbsp;<\/td><\/tr><tr><td>PEN PU\/PN4<\/td><td>6<\/td><td>&nbsp;<\/td><td>&nbsp;<\/td><td>&nbsp;<\/td><td>&nbsp;<\/td><td>&nbsp;<\/td><\/tr><tr><td>KASV\/J\u00c4LK-1<\/td><td>10<\/td><td>&nbsp;<\/td><td>&nbsp;<\/td><td>&nbsp;<\/td><td>&nbsp;<\/td><td>&nbsp;<\/td><\/tr><tr><td>KASV\/J\u00c4LK-2<\/td><td>8<\/td><td>&nbsp;<\/td><td>&nbsp;<\/td><td>&nbsp;<\/td><td>&nbsp;<\/td><td>&nbsp;<\/td><\/tr><tr><td>KASV\/J\u00c4LK-3<\/td><td>6<\/td><td>&nbsp;<\/td><td>&nbsp;<\/td><td>&nbsp;<\/td><td>&nbsp;<\/td><td>&nbsp;<\/td><\/tr><tr><td>KASV\/J\u00c4LK-4<\/td><td>4<\/td><td>&nbsp;<\/td><td>&nbsp;<\/td><td>&nbsp;<\/td><td>&nbsp;<\/td><td>&nbsp;<\/td><\/tr><\/tbody><\/table><\/figure>\n\n\n\n<ul class=\"wp-block-list\">\n<li>Osallistuvan koiran kaikkien omistajien tulee olla Skotlanninhirvikoirakerhon j\u00e4seni\u00e4. J\u00e4senmaksu tulee olla maksettuna kunkin kuluvan vuoden toukokuun loppuun menness\u00e4 jolloin koira osallistuu kilpailuun.<\/li>\n<\/ul>\n\n\n\n<ul class=\"wp-block-list\">\n<li>Koiran omistaja ilmoittaa koiransa Vuoden Skotlanninhirvikoira-kilpailuun sek\u00e4 kasvattaja ilmoittaa ryhm\u00e4ns\u00e4 Vuoden kasvattaja-kilpailuun. Koirat tulee ilmoittaa kilpailuun aina joulukuun loppuun menness\u00e4. Ilmoittautumisen yhteydess\u00e4 tulee ilmet\u00e4 koiran omistaja(t) ja kennelnimi sek\u00e4 rekisterinumero. Koiran tulee olla rekist\u00f6r\u00f6ity Suomen Kennelliittoon.<\/li>\n<\/ul>\n\n\n\n<ul class=\"wp-block-list\">\n<li>Kilpailun pistelaskuun lasketaan maksimissaan kuusi (6) Suomessa pidetty\u00e4 n\u00e4yttely\u00e4 kuudelta eri tuomarilta. My\u00f6s kerhon Club Showsta saa pisteit\u00e4 ja ne sis\u00e4ltyv\u00e4t kilpailuun. Pentun\u00e4yttelyn pisteet arvotetaan Junior-luokan pisteiden mukaan. Pentujen BIS tulokset kr -n\u00e4yttelyn pisteiden mukaan.<\/li>\n<\/ul>\n\n\n\n<ul class=\"wp-block-list\">\n<li>Pisteet lasketaan kalenterivuosittain. Skotlanninhirvikoirakerho ry:n pistelaskija laskee lopulliset pisteet jotka julkaistaan vuoden alussa kerhon kotisivuilla ja lehdess\u00e4.<\/li>\n<\/ul>\n\n\n\n<ul class=\"wp-block-list\">\n<li>Ilmoittautumiset l\u00e4hetet\u00e4\u00e4n s\u00e4hk\u00f6postilla osoitteeseen pistelasku@skotlanninhirvikoirat.fi<\/li>\n<\/ul>\n\n\n\n<ul class=\"wp-block-list\">\n<li>Vinttikoiraliiton erikoisn\u00e4yttelyn pisteet ovat samat kuin KV-n\u00e4yttelyn.<\/li>\n<\/ul>\n\n\n\n<ul class=\"wp-block-list\">\n<li>Vuoden veteraani pisteet lasketaan vain ROP- ja VSP-veteraani sijoituksista ja BIS-vet sijoituksista.<\/li>\n<\/ul>\n\n\n\n<ul class=\"wp-block-list\">\n<li>Vuoden juniori pisteet lasketaan vain juniorisijoituksista.<\/li>\n<\/ul>\n\n\n\n<ul class=\"wp-block-list\">\n<li>Veteraani ja juniori osallistuvat my\u00f6s vuoden n\u00e4yttelykoirakisaan, jolloin veteraani ja juniorisijoituksia ei lasketa kokonaispistem\u00e4\u00e4r\u00e4\u00e4n.<\/li>\n<\/ul>\n\n\n\n<ul class=\"wp-block-list\">\n<li>Vuoden kasvattaja kisaan lasketaan v\u00e4hint\u00e4\u00e4n nelj\u00e4n (4) ja enint\u00e4\u00e4n kuuden (6) kasvatin n\u00e4yttelypisteet. Kasvatit on oltava v\u00e4hint\u00e4\u00e4n kahdesta eri yhdistelm\u00e4st\u00e4 ja kultakin kasvatilta lasketaan mukaan enint\u00e4\u00e4n kuuden n\u00e4yttelyn tulokset.<\/li>\n<\/ul>\n\n\n\n<ul class=\"wp-block-list\">\n<li>Pisteiden menness\u00e4 tasan, tilanne ratkaistaan koiran ROP-sijoitusten m\u00e4\u00e4r\u00e4n perusteella. Jos pisteet menev\u00e4t silloinkin tasan, ratkaistaan tilanne VSP-sijoitusten mukaan.<\/li>\n<\/ul>\n\n\n\n<p>Kerhon hallitus 2023<\/p>\n","protected":false},"excerpt":{"rendered":"<p>Skotlanninhirvikoirakerho ry valitsee ja palkitsee vuosittain vuoden skotlanninhirvikoiran ja parhaan vastakkaisen sukupuolen, vuoden juniorin, vuoden veteraanin sek\u00e4 vuoden kasvattajan. Vuoden menestynein n\u00e4yttelykoira ja VSP Vuoden menestynein kotimaassa kasvatettu n\u00e4yttelykoira Vuoden juniori ja VSP- juniori Vuoden veteraani ja VSP-veteraani Vuoden kasvattaja&nbsp;&nbsp;&nbsp;&nbsp;&nbsp;&nbsp;&nbsp;&nbsp;&nbsp;&nbsp;&nbsp;&nbsp; N\u00e4yttelykoirakisan pistetaulukko Sijoitus Club Show KV NORD KR RN PN BIS-1 &#8211; 30 27 25 &hellip; <\/p>\n<p class=\"link-more\"><a href=\"https:\/\/skotlanninhirvikoirat.fi\/?page_id=2865\" class=\"more-link\">Continue reading<span class=\"screen-reader-text\"> &#8221;Vuoden menestyneimm\u00e4t Skotlanninhirvikoirat&#8221;<\/span><\/a><\/p>\n","protected":false},"author":10,"featured_media":0,"parent":2,"menu_order":0,"comment_status":"closed","ping_status":"closed","template":"","meta":{"footnotes":""},"class_list":["post-2865","page","type-page","status-publish","hentry"],"_links":{"self":[{"href":"https:\/\/skotlanninhirvikoirat.fi\/index.php?rest_route=\/wp\/v2\/pages\/2865","targetHints":{"allow":["GET"]}}],"collection":[{"href":"https:\/\/skotlanninhirvikoirat.fi\/index.php?rest_route=\/wp\/v2\/pages"}],"about":[{"href":"https:\/\/skotlanninhirvikoirat.fi\/index.php?rest_route=\/wp\/v2\/types\/page"}],"author":[{"embeddable":true,"href":"https:\/\/skotlanninhirvikoirat.fi\/index.php?rest_route=\/wp\/v2\/users\/10"}],"replies":[{"embeddable":true,"href":"https:\/\/skotlanninhirvikoirat.fi\/index.php?rest_route=%2Fwp%2Fv2%2Fcomments&post=2865"}],"version-history":[{"count":5,"href":"https:\/\/skotlanninhirvikoirat.fi\/index.php?rest_route=\/wp\/v2\/pages\/2865\/revisions"}],"predecessor-version":[{"id":4494,"href":"https:\/\/skotlanninhirvikoirat.fi\/index.php?rest_route=\/wp\/v2\/pages\/2865\/revisions\/4494"}],"up":[{"embeddable":true,"href":"https:\/\/skotlanninhirvikoirat.fi\/index.php?rest_route=\/wp\/v2\/pages\/2"}],"wp:attachment":[{"href":"https:\/\/skotlanninhirvikoirat.fi\/index.php?rest_route=%2Fwp%2Fv2%2Fmedia&parent=2865"}],"curies":[{"name":"wp","href":"https:\/\/api.w.org\/{rel}","templated":true}]}}