{"id":34,"date":"2014-06-12T00:04:54","date_gmt":"2014-06-11T21:04:54","guid":{"rendered":"http:\/\/skotlanninhirvikoirat.fi\/?page_id=34"},"modified":"2024-06-11T22:11:02","modified_gmt":"2024-06-11T19:11:02","slug":"kerhon-saannot","status":"publish","type":"page","link":"https:\/\/skotlanninhirvikoirat.fi\/?page_id=34","title":{"rendered":"Yhdistyss\u00e4\u00e4nn\u00f6t"},"content":{"rendered":"<p>Voimassa olevat, 9.12.2013 rekister\u00f6idyt uudet s\u00e4\u00e4nn\u00f6t<\/p>\n<p style=\"padding-left: 30px;\">\u00a7 1. YHDISTYKSEN NIMI<br \/>\nYhdistyksen nimi on Skotlanninhirvikoirakerho r.y. Yhdistyksen kotipaikka on Loppi. Yhdistys on Suomen Vinttikoiraliitto r.y:n j\u00e4sen.<\/p>\n<p style=\"padding-left: 30px;\">\u00a7 2. YHDISTYKSEN TOIMINTA-ALUE, TARKOITUS JA TOIMINTAMUODOT<br \/>\nToiminta k\u00e4sitt\u00e4\u00e4 koko maan. Yhdistyksen tarkoituksena on edist\u00e4\u00e4 rodun tunnetuksi tulemista, rodun kehitt\u00e4mist\u00e4 ja rodun harrastajien yhteistoimintaa, pentujen v\u00e4lityst\u00e4 sek\u00e4 tietojen vaihtoa. Yhdistys toteuttaa tarkoituksensa j\u00e4rjest\u00e4m\u00e4ll\u00e4 keskustelu-, neuvottelu- sek\u00e4 koulutustilaisuuksia, n\u00e4yttelyit\u00e4, juoksukilpailuja sek\u00e4 antamalla jalostusneuvontaa. Yhdistys voi harjoittaa my\u00f6s alan julkaisutoimintaa.<\/p>\n<p style=\"padding-left: 30px;\">\u00a7 3. KIELI<br \/>\nYhdistyksen virallinen kieli on suomi.<\/p>\n<p style=\"padding-left: 30px;\">\u00a7 4. VAROJEN HANKINTA<br \/>\nYhdistys hankkii varoja toimintansa tukemiseksi perim\u00e4ll\u00e4 j\u00e4senmaksua, jonka suuruuden m\u00e4\u00e4r\u00e4\u00e4 vuosikokous, j\u00e4rjest\u00e4m\u00e4ll\u00e4 virallisia ja ep\u00e4virallisia koiran\u00e4yttelyit\u00e4, pit\u00e4m\u00e4ll\u00e4 arpajaisia, myym\u00e4ll\u00e4 rotuaiheisia tarvikkeita ja ottamalla vastaan lahjoituksia ja testamentteja. Yhdistys voi omistaa kiinteist\u00f6j\u00e4.<\/p>\n<p style=\"padding-left: 30px;\">\u00a7 5. YHDISTYKSEN J\u00c4SENYYS<br \/>\nJ\u00e4senet ovat varsinais-, perhe-, kunnia- ja kannatusj\u00e4seni\u00e4. J\u00e4senmaksun maksamisen j\u00e4lkeen henkil\u00f6 on yhdistyksen j\u00e4sen. J\u00e4senmaksut suoritetaan kultakin vuodelta toukokuun loppuun menness\u00e4. Maksettuja j\u00e4senmaksuja ei suoriteta takaisin.<\/p>\n<p style=\"padding-left: 30px;\">VARSINAINEN J\u00c4SEN<br \/>\nVarsinaiseksi j\u00e4seneksi voi hallitus hyv\u00e4ksy\u00e4 yksityisen henkil\u00f6n tai rekister\u00f6idyn yhdistyksen.<br \/>\nVarsinaiset j\u00e4senet maksavat vuosittaisen j\u00e4senmaksun, jonka suuruuden vuosikokous m\u00e4\u00e4r\u00e4\u00e4.<br \/>\nPERHEJ\u00c4SEN<br \/>\nPerhej\u00e4sen on varsinaisen j\u00e4senen perheeseen kuuluva henkil\u00f6, joka on maksanut perhej\u00e4senille vuosikokouksessa m\u00e4\u00e4r\u00e4tyn j\u00e4senmaksun ja asuu samassa osoitteessa kuin varsinainen j\u00e4sen. Perhej\u00e4senill\u00e4 on \u00e4\u00e4nioikeus.<br \/>\nKUNNIAJ\u00c4SEN<br \/>\nKunniaj\u00e4seneksi kutsutaan yhdistyksen vuosikokouksessa hallituksen ehdotuksen perusteella henkil\u00f6, joka erityisen ansiokkaasti on edist\u00e4nyt yhdistyksen tarkoitusperien toteuttamista. Kunniaj\u00e4senilt\u00e4 ei perit\u00e4 j\u00e4senmaksua.<br \/>\nKANNATUSJ\u00c4SEN<br \/>\nKannatusj\u00e4sen voi olla yksityinen henkil\u00f6, oikeuskelpoinen yhteis\u00f6 tai toinen rekister\u00f6ity yhdistys. Kannatusj\u00e4senell\u00e4 on puhe- mutta ei \u00e4\u00e4nioikeutta.<br \/>\nSaavutetut j\u00e4senoikeudet s\u00e4ilyv\u00e4t.<\/p>\n<p style=\"padding-left: 30px;\">\u00a7 6. J\u00c4SENOIKEUDET<br \/>\nKaikki 16 vuotta t\u00e4ytt\u00e4neet yhdistyksen henkil\u00f6j\u00e4senet ja j\u00e4senyhdistykset ovat \u00e4\u00e4nivaltaisia, t\u00e4t\u00e4 nuoremmilla<br \/>\non puhevalta. Yhdistyksen vuosikokouksessa on jokaisella \u00e4\u00e4nioikeutetulla j\u00e4senell\u00e4 yksi \u00e4\u00e4ni, jota h\u00e4n k\u00e4ytt\u00e4\u00e4 l\u00e4sn\u00e4 olevana. Yhdistyksen vuosikokouksen p\u00e4\u00e4t\u00f6kset tehd\u00e4\u00e4n yksinkertaisella \u00e4\u00e4ntenenemmist\u00f6ll\u00e4 paitsi p\u00e4\u00e4tett\u00e4ess\u00e4 niist\u00e4 asioista, joista n\u00e4iden s\u00e4\u00e4nt\u00f6jen 15 ja 16 \u00a7:ss\u00e4 on s\u00e4\u00e4detty. \u00c4\u00e4nestykset ovat avoimia ellei v\u00e4hint\u00e4\u00e4n 1\/10 saapuvilla olevista \u00e4\u00e4nioikeutetuista edustajista vaadi suljettua lippu\u00e4\u00e4nestyst\u00e4. \u00c4\u00e4nten menness\u00e4 tasan voittaa se mielipide, jota puheenjohtaja on kannattanut. Vaaleissa ratkaisee arpa.<\/p>\n<p style=\"padding-left: 30px;\">\u00a7 7. J\u00c4SENEN EROAMINEN<br \/>\nJ\u00e4sen katsotaan eronneeksi yhdistyksest\u00e4, jos h\u00e4n ei ole maksanut j\u00e4senmaksuaan saman vuoden toukokuun loppuun menness\u00e4.<\/p>\n<p style=\"padding-left: 30px;\">\u00a7 8. J\u00c4SENEN EROTTAMINEN<br \/>\nHallituksen esityksest\u00e4 voi yhdistyksen kokous \u00be \u00e4\u00e4nten enemmist\u00f6ll\u00e4 erottaa joko lopullisesti tai m\u00e4\u00e4r\u00e4ajaksi, kun t\u00e4m\u00e4<br \/>\n&#8211; on toiminut tavalla, joka ei ole sopusoinnussa yhdistyksen tarkoitusperien kanssa.<br \/>\n&#8211; on rikkonut lakia tai toiminut hyvien tapojen vastaisesti.<\/p>\n<p style=\"padding-left: 30px;\">J\u00e4senelle on varattu oikeus esitt\u00e4\u00e4 kirjallinen vastine yhdistyksen kokoukselle. Vastine on annettava tiedoksi kirjallisesti yhdistyksen hallitukselle nelj\u00e4ntoista (14) p\u00e4iv\u00e4n kuluessa kirjallisen erottamisp\u00e4\u00e4t\u00f6ksen postitusp\u00e4iv\u00e4st\u00e4, t\u00e4t\u00e4 p\u00e4iv\u00e4\u00e4 lukuun ottamatta. Eronneella tai erotetulla j\u00e4senell\u00e4 ei ole oikeutta yhdistyksen omaisuuteen.<\/p>\n<p style=\"padding-left: 30px;\">\u00a7 9. PENTUJEN V\u00c4LITYS<br \/>\nYhdistys v\u00e4litt\u00e4\u00e4 pentuv\u00e4litystiedot vain kerhon j\u00e4senten kasvattamista pennuista hallituksen valitsemalle puolueettomalle pentuv\u00e4litt\u00e4j\u00e4lle. Kasvattaja ilmoittaa pentuv\u00e4litykseen syntyneet pennut joko puhelimitse, kirjallisesti tai s\u00e4hk\u00f6postitse v\u00e4litt\u00e4j\u00e4lle. Pentujen tiedot ovat pentuv\u00e4litt\u00e4j\u00e4ll\u00e4 kaksi (2) kuukautta ellei kasvattaja ilmoita aiemmin, ett\u00e4 pennut on myyty tai h\u00e4n haluaa, ett\u00e4 pennut poistetaan pentuv\u00e4lityksest\u00e4. Pentuv\u00e4litt\u00e4j\u00e4 antaa pentujen kysyjille ainoastaan kasvattajien yhteystiedot.<br \/>\nT\u00e4m\u00e4 on maksuton palvelu.<\/p>\n<p style=\"padding-left: 30px;\">\u00a7 10. HALLITUS<br \/>\nYhdistyksen hallitukseen kuuluu puheenjohtajan lis\u00e4ksi nelj\u00e4 (4) varsinaista ja kaksi (2) varaj\u00e4sent\u00e4, joiden keskuudesta hallitus valitsee varapuheenjohtajan. Hallitus valitsee sihteerin, rahastonhoitajan ja muut tarvittavat toimihenkil\u00f6t, jotka voivat olla my\u00f6s hallituksen ulkopuolelta.<br \/>\nHallituksen toimikausi on vuosikokouksen v\u00e4linen aika. Vuosittain ovat erovuorossa puolet varsinaisista j\u00e4senist\u00e4 ja kaikki varaj\u00e4senet. Hallituksen puheenjohtaja valitaan vuodeksi kerrallaan, varsinaiset j\u00e4senet kahdeksi vuodeksi ja varaj\u00e4senet vuosittain.<br \/>\nYhdistyksen nimen kirjoittavat puheenjohtaja tai varapuheenjohtaja jompikumpi yhdess\u00e4 rahastonhoitajan kanssa. Yhdistyksen tililt\u00e4 voidaan nostaa varoja, kun hallituksen puheenjohtaja on hyv\u00e4ksynyt laskut.<\/p>\n<p style=\"padding-left: 30px;\">\u00a7 11. HALLITUKSEN KOKOUS<br \/>\nHallitus kokoontuu tarpeen vaatiessa puheenjohtajan tai h\u00e4nen estyneen\u00e4 ollessaan varapuheenjohtajan kutsumana tai jos v\u00e4hint\u00e4\u00e4n kaksi sen j\u00e4sent\u00e4 sit\u00e4 haluaa. Kutsu on l\u00e4hetett\u00e4v\u00e4 v\u00e4hint\u00e4\u00e4n yksi (1) viikko ennen kokousaikaa s\u00e4hk\u00f6isesti. Kokoukset voidaan pit\u00e4\u00e4 verkkokokouksina, esimerkiksi online- tai netmeeting- kokouksina. Hallituksella on oikeus k\u00e4ytt\u00e4\u00e4 asiantuntijoita. Hallitus on p\u00e4\u00e4t\u00f6svaltainen, kun puheenjohtaja tai h\u00e4nen estyneen\u00e4 ollessaan varapuheenjohtaja ja v\u00e4hint\u00e4\u00e4n kaksi j\u00e4sent\u00e4 on l\u00e4sn\u00e4. P\u00e4\u00e4t\u00f6kset tehd\u00e4\u00e4n yksinkertaisella \u00e4\u00e4ntenenemmist\u00f6ll\u00e4. Jos \u00e4\u00e4net menev\u00e4t tasan, p\u00e4\u00e4t\u00f6kseksi tulee puheenjohtajan kannattama mielipide, vaaleissa ratkaisee arpa.<\/p>\n<p style=\"padding-left: 30px;\">\u00a7 12. HALLITUKSEN TEHT\u00c4V\u00c4T<br \/>\nHallitus kutsuu koolle yhdistyksen vuosikokouksen, valmistaa sille esitett\u00e4v\u00e4t asiat ja panee kokouksen p\u00e4\u00e4t\u00f6kset t\u00e4yt\u00e4nt\u00f6\u00f6n. Hoitaa yhdistyksen rahavaroja ja muuta omaisuutta, huolehtii j\u00e4senmaksujen sek\u00e4 muiden tulojen keruusta samoin kuin laatii yhdistyksen tilinp\u00e4\u00e4t\u00f6ksen p\u00e4\u00e4ttyv\u00e4lt\u00e4 tilikaudelta. Hallitus edustaa yhdistyst\u00e4, tekee sitoumuksia sek\u00e4 ottaa kantaa ja vastaa yhdistyksen puolesta. Hallituksen teht\u00e4viin kuuluu tarvittaessa ty\u00f6ryhmien \/ toimikuntien muodostaminen. Toimikunnat \/ Ty\u00f6ryhm\u00e4t velvoitetaan tiedottamaan hallitukselle toimistaan m\u00e4\u00e4ritellyn ajan sis\u00e4ll\u00e4 toimintavuoden p\u00e4\u00e4ttymisest\u00e4.<\/p>\n<p style=\"padding-left: 30px;\">\u00a7 13. TOIMINTAVUOSI<br \/>\nYhdistyksen tili- ja toimintavuosi on kalenterivuosi. Tilit p\u00e4\u00e4tet\u00e4\u00e4n kalenterivuosittain, ja ne on hallituksen toimintakertomuksen kanssa esitett\u00e4v\u00e4 tammikuun loppuun menness\u00e4 tilintarkastajille\/toiminnantarkastajille, joiden on ne lausuntoineen palautettava hallitukselle viimeist\u00e4\u00e4n kaksi viikkoa ennen vuosikokousta.<\/p>\n<p style=\"padding-left: 30px;\">\u00a7 14. VUOSIKOKOUKSEN KOKOON KUTSUMINEN<br \/>\nYhdistyksen j\u00e4senet kutsutaan vuosikokoukseen j\u00e4sentiedotteella, j\u00e4senlehdess\u00e4 tai s\u00e4hk\u00f6isesti kerhon www-sivuilla, s\u00e4hk\u00f6postin v\u00e4lityksell\u00e4 julkaistavalla kokouskutsulla v\u00e4hint\u00e4\u00e4n nelj\u00e4toista (14) p\u00e4iv\u00e4\u00e4 ennen kokousta. Kutsussa on mainittava kokouksessa k\u00e4sitelt\u00e4viksi tulevat asiat. Ylim\u00e4\u00e4r\u00e4inen kokous kutsutaan koolle milloin hallitus sen tarpeelliseksi katsoo tai kun v\u00e4hint\u00e4\u00e4n 1\/10 yhdistyksen koko j\u00e4senist\u00f6st\u00e4 tai v\u00e4hint\u00e4\u00e4n kolme (3) j\u00e4sent\u00e4 sit\u00e4 kirjallisesti sit\u00e4 pyyt\u00e4\u00e4 ilmoittamansa asian k\u00e4sittely\u00e4 varten. My\u00f6s ylim\u00e4\u00e4r\u00e4iseen kokoukseen kutsutaan j\u00e4senet j\u00e4sentiedotteella, j\u00e4senlehdess\u00e4 tai s\u00e4hk\u00f6isesti kerhon www-sivuilla, s\u00e4hk\u00f6postin v\u00e4lityksell\u00e4 v\u00e4hint\u00e4\u00e4n nelj\u00e4toista (14) p\u00e4iv\u00e4\u00e4 ennen kokousta.<\/p>\n<p style=\"padding-left: 30px;\">\u00a7 15. VUOSIKOKOUS<br \/>\nVuosikokous voidaan pit\u00e4\u00e4 my\u00f6s s\u00e4hk\u00f6isesti verkkokokouksena, online- tai netmeetingkokouksena.<br \/>\nMik\u00e4li yhdistyksen j\u00e4sen haluaa saada jonkin asian vuosikokouksen k\u00e4sitelt\u00e4v\u00e4ksi, on h\u00e4nen siit\u00e4 kirjallisesti ilmoitettava hallitukselle v\u00e4hint\u00e4\u00e4n kolme (3) viikkoa ennen kokousta.<\/p>\n<p style=\"padding-left: 30px;\">VUOSIKOKOUKSESSA, joka pidet\u00e4\u00e4n vuosittain hallituksen m\u00e4\u00e4r\u00e4\u00e4m\u00e4n\u00e4 p\u00e4iv\u00e4n\u00e4 maalis-huhtikuussa, k\u00e4sitell\u00e4\u00e4n seuraavat asiat:<\/p>\n<p style=\"padding-left: 30px;\">1. Kokouksen avaus<br \/>\n2. Valitaan kokouksen puheenjohtaja, sihteeri, kaksi p\u00f6yt\u00e4kirjantarkastajaa ja \u00e4\u00e4ntenlaskijaa<br \/>\n3. Todetaan kokouksen s\u00e4\u00e4nt\u00f6jenmukaisuus ja p\u00e4\u00e4t\u00f6svaltaisuus<br \/>\n4. Hyv\u00e4ksyt\u00e4\u00e4n kokouksen ty\u00f6j\u00e4rjestys<br \/>\n5. Esitet\u00e4\u00e4n toimintakertomus, tilinp\u00e4\u00e4t\u00f6s ja tilintarkastajien\/toiminnantarkastajien lausunto<br \/>\n6. P\u00e4\u00e4tet\u00e4\u00e4n tilinp\u00e4\u00e4t\u00f6ksen vahvistamisesta ja vastuuvapauden my\u00f6nt\u00e4misest\u00e4 hallitukselle ja muille vastuuvelvollisille<br \/>\n7. Esitet\u00e4\u00e4n toimintasuunnitelma kuluvalle vuodelle<br \/>\n8. Vahvistetaan hallituksen esitt\u00e4m\u00e4 talousarvio kuluvalle vuodelle<br \/>\n9. M\u00e4\u00e4r\u00e4t\u00e4\u00e4n varsinaisen, perhe- ja kannatusj\u00e4senen j\u00e4senmaksut kuluvalle vuodelle<br \/>\n10. Valitaan hallituksen puheenjohtaja<br \/>\n11. Valitaan hallituksen varsinaiset j\u00e4senet erovuoroisten tilalle ja varaj\u00e4senten valitseminen<br \/>\n12. Valitaan kaksi tilintarkastajaa\/toiminnantarkastajaa ja heid\u00e4n varamiehens\u00e4<br \/>\n13. M\u00e4\u00e4r\u00e4t\u00e4\u00e4n hallituksen j\u00e4senten ja tilintarkastajien\/toiminnantarkastajien palkkiot kuluvalle toimikaudelle<br \/>\n14. Muut hallituksen esitt\u00e4m\u00e4t sek\u00e4 kokouskutsussa mainitut asiat<br \/>\n15. Kokouksen p\u00e4\u00e4tt\u00e4minen<\/p>\n<p style=\"padding-left: 30px;\">\u00a7 16. S\u00c4\u00c4NT\u00d6JEN MUUTTAMINEN<br \/>\nMuutosehdotus n\u00e4ihin s\u00e4\u00e4nt\u00f6ihin on j\u00e4tett\u00e4v\u00e4 yhdistyksen hallitukselle v\u00e4hint\u00e4\u00e4n kaksi (2) kuukautta ennen vuosikokousta, jossa se halutaan k\u00e4sitelt\u00e4v\u00e4ksi. Hallituksen on se esitett\u00e4v\u00e4 lausunnollaan varustettuna seuraavalle varsinaiselle vuosikokoukselle. Jotta muutos t\u00e4ll\u00f6in tulisi hyv\u00e4ksytyksi, vaaditaan 2\/3 m\u00e4\u00e4r\u00e4enemmist\u00f6 annetuista \u00e4\u00e4nist\u00e4. Kokouskutsussa on mainittava s\u00e4\u00e4nt\u00f6jen muuttamisesta.<\/p>\n<p style=\"padding-left: 30px;\">\u00a7 17. YHDISTYKSEN PURKAMINEN<br \/>\nP\u00e4\u00e4t\u00f6s yhdistyksen purkamisesta on teht\u00e4v\u00e4 kahdessa per\u00e4kk\u00e4isess\u00e4 kokouksessa, joiden v\u00e4lill\u00e4 oltava ainakin yksi kuukausi ja joista toisen on oltava vuosikokous. Purkamisp\u00e4\u00e4t\u00f6ksen on kummassakin kokouksessa saatava v\u00e4hint\u00e4\u00e4n \u00be enemmist\u00f6 annetuista \u00e4\u00e4nist\u00e4. Kokouskutsussa on mainittava yhdistyksen purkamisesta. Yhdistyksen purkamisesta on teht\u00e4v\u00e4 ilmoitus yhdistysrekisteriviranomaisille. Yhdistyksen purkautuessa k\u00e4ytet\u00e4\u00e4n j\u00e4ljelle j\u00e4\u00e4neet varat skotlanninhirvikoirien hyv\u00e4ksi purkamisesta p\u00e4\u00e4tt\u00e4v\u00e4n kokouksen m\u00e4\u00e4r\u00e4\u00e4m\u00e4ll\u00e4 tavalla.<\/p>\n<p style=\"padding-left: 30px;\">\u00a7 18. YHDISTYSLAKI<br \/>\nMuutoin noudatettakoon, mit\u00e4 laissa yhdistyksist\u00e4 s\u00e4\u00e4det\u00e4\u00e4n. T\u00e4ll\u00e4 s\u00e4\u00e4nt\u00f6muutoksella ei loukata jo saavutettuja j\u00e4senoikeuksia.<\/p>\n","protected":false},"excerpt":{"rendered":"<p>Voimassa olevat, 9.12.2013 rekister\u00f6idyt uudet s\u00e4\u00e4nn\u00f6t \u00a7 1. YHDISTYKSEN NIMI Yhdistyksen nimi on Skotlanninhirvikoirakerho r.y. Yhdistyksen kotipaikka on Loppi. Yhdistys on Suomen Vinttikoiraliitto r.y:n j\u00e4sen. \u00a7 2. YHDISTYKSEN TOIMINTA-ALUE, TARKOITUS JA TOIMINTAMUODOT Toiminta k\u00e4sitt\u00e4\u00e4 koko maan. Yhdistyksen tarkoituksena on edist\u00e4\u00e4 rodun tunnetuksi tulemista, rodun kehitt\u00e4mist\u00e4 ja rodun harrastajien yhteistoimintaa, pentujen v\u00e4lityst\u00e4 sek\u00e4 tietojen vaihtoa. Yhdistys &hellip; <\/p>\n<p class=\"link-more\"><a href=\"https:\/\/skotlanninhirvikoirat.fi\/?page_id=34\" class=\"more-link\">Continue reading<span class=\"screen-reader-text\"> &#8221;Yhdistyss\u00e4\u00e4nn\u00f6t&#8221;<\/span><\/a><\/p>\n","protected":false},"author":1,"featured_media":0,"parent":2,"menu_order":2,"comment_status":"closed","ping_status":"open","template":"","meta":{"footnotes":""},"class_list":["post-34","page","type-page","status-publish","hentry"],"_links":{"self":[{"href":"https:\/\/skotlanninhirvikoirat.fi\/index.php?rest_route=\/wp\/v2\/pages\/34","targetHints":{"allow":["GET"]}}],"collection":[{"href":"https:\/\/skotlanninhirvikoirat.fi\/index.php?rest_route=\/wp\/v2\/pages"}],"about":[{"href":"https:\/\/skotlanninhirvikoirat.fi\/index.php?rest_route=\/wp\/v2\/types\/page"}],"author":[{"embeddable":true,"href":"https:\/\/skotlanninhirvikoirat.fi\/index.php?rest_route=\/wp\/v2\/users\/1"}],"replies":[{"embeddable":true,"href":"https:\/\/skotlanninhirvikoirat.fi\/index.php?rest_route=%2Fwp%2Fv2%2Fcomments&post=34"}],"version-history":[{"count":1,"href":"https:\/\/skotlanninhirvikoirat.fi\/index.php?rest_route=\/wp\/v2\/pages\/34\/revisions"}],"predecessor-version":[{"id":4493,"href":"https:\/\/skotlanninhirvikoirat.fi\/index.php?rest_route=\/wp\/v2\/pages\/34\/revisions\/4493"}],"up":[{"embeddable":true,"href":"https:\/\/skotlanninhirvikoirat.fi\/index.php?rest_route=\/wp\/v2\/pages\/2"}],"wp:attachment":[{"href":"https:\/\/skotlanninhirvikoirat.fi\/index.php?rest_route=%2Fwp%2Fv2%2Fmedia&parent=34"}],"curies":[{"name":"wp","href":"https:\/\/api.w.org\/{rel}","templated":true}]}}