{"id":3448,"date":"2017-12-03T12:17:11","date_gmt":"2017-12-03T10:17:11","guid":{"rendered":"http:\/\/skotlanninhirvikoirat.fi\/?page_id=3448"},"modified":"2024-06-11T22:13:30","modified_gmt":"2024-06-11T19:13:30","slug":"ansiomerkin-ansaintasaannot","status":"publish","type":"page","link":"https:\/\/skotlanninhirvikoirat.fi\/?page_id=3448","title":{"rendered":"Ansiomerkkien ansaintas\u00e4\u00e4nn\u00f6t"},"content":{"rendered":"<h1><\/h1>\n<p>1 \u00a7 Skotlanninhirvikoirakerholla on kultainen ja hopeinen oma ansiomerkki.<\/p>\n<p>2 \u00a7 Ansiomerkit jaetaan joka 2. (toinen) vuosi. Ansiomerkkej\u00e4 my\u00f6nnet\u00e4\u00e4n yhdistyksen ja\/tai sen virallisen edustajan toiminnassa ansioituneille yhdistyksen henkil\u00f6j\u00e4senille.<\/p>\n<p>3 \u00a7 Kultainen ansiomerkki<br \/>\nKultainen ansiomerkki my\u00f6nnet\u00e4\u00e4n ansioituneelle j\u00e4senelle, jolle aiemmin on my\u00f6nnetty hopeinen ansiomerkki ja jolle on kertynyt v\u00e4hint\u00e4\u00e4n viisitoista j\u00e4senyysvuotta.<\/p>\n<p>4 \u00a7 Hopeinen ansiomerkki<br \/>\nHopeinen ansiomerkki my\u00f6nnet\u00e4\u00e4n ansioituneelle j\u00e4senelle, jolle on kertynyt v\u00e4hint\u00e4\u00e4n kymmenen j\u00e4senyysvuotta.<\/p>\n<p>5 \u00a7 Erikoisena kunnianosoituksena hallitus voi my\u00f6nt\u00e4\u00e4 ansiomerkin ohjes\u00e4\u00e4nn\u00f6st\u00e4 poiketen henkil\u00f6lle, joka toiminnallaan on merkitt\u00e4v\u00e4sti edist\u00e4nyt kerhon tai rodun aatteita tai tavoitteita. Hallitus voi muutoinkin my\u00f6nt\u00e4\u00e4 ansiomerkin ohjes\u00e4\u00e4nn\u00f6st\u00e4 poiketen, milloin esityksen kohteen ik\u00e4, terveydentila tai muut n\u00e4ihin<br \/>\nverrattavat olosuhteet niin edellytt\u00e4v\u00e4t ja poikkeus on merkitykselt\u00e4\u00e4n v\u00e4h\u00e4inen.<\/p>\n<p>6 \u00a7 Ansiomerkki\u00e4 on haettava p\u00e4\u00e4s\u00e4\u00e4nt\u00f6isesti viimeist\u00e4\u00e4n edellisen kalenterivuoden loppuun menness\u00e4.<\/p>\n<p>7 \u00a7 Esityksen ansiomerkin my\u00f6nt\u00e4misest\u00e4 voivat tehd\u00e4 kerhon j\u00e4senet, kerhon hallitus ja kerhon toimikunnat. Esityksiin on liitett\u00e4v\u00e4 henkil\u00f6n nimi sek\u00e4 hakemisperusteet.<\/p>\n<p>8 \u00a7 Kerhon hallitus p\u00e4\u00e4tt\u00e4\u00e4 ansiomerkin my\u00f6nt\u00e4misest\u00e4. Ansiomerkki kunniakirjoineen jaetaan vuosikokouksessa.<\/p>\n<p>9 \u00a7 Hallitus ilmoittaa ansiomerkin my\u00f6nt\u00e4misest\u00e4 ansiomaisen esityksen tekij\u00e4lle hyviss\u00e4 ajoin ennen vuosikokousta. Ansiomerkki ja kunniakirja luovutetaan saajalle vuosikokouksessa.<\/p>\n<p>10 \u00a7 Ansiomerkit numeroidaan juoksevalla numerolla ja my\u00f6nnetyst\u00e4 ansiomerkist\u00e4 lis\u00e4t\u00e4\u00e4n maininta vuosikertomukseen.<\/p>\n<p>11 \u00a7 Ansiomerkki voidaan j\u00e4senelle, joka on osoittanut merkitt\u00e4v\u00e4\u00e4 toimintaa yhdistyksen ja rodun, sen toiminnan ja tarkoitusperien hyv\u00e4ksi ja edist\u00e4miseksi. Ansioissa otetaan huomioon j\u00e4senyysaika, toiminta<br \/>\nkerhossa ja sen toimikunnissa, toiminta kerhon edustajana sek\u00e4 ty\u00f6st\u00e4 rodun edest\u00e4.<br \/>\nT\u00e4llaisia toimia ovat muun muassa:<br \/>\n&#8211; Hallitusteht\u00e4v\u00e4t kuten puheenjohtaja, varapuheenjohtaja, j\u00e4sen, rahastonhoitaja<br \/>\n&#8211; J\u00e4senlehden toimittaja<br \/>\n&#8211; Kerhon toimikunnissa toimiminen, esimerkiksi jalostustoimikunnassa, juoksutoimikunnassa, n\u00e4yttelytoimikunnassa<br \/>\n&#8211; Kerhon kirjanpit\u00e4j\u00e4, tilintarkastaja<br \/>\n&#8211; Toimitsijakoulutus kuten l\u00e4hett\u00e4j\u00e4, vieheenvet\u00e4j\u00e4, keh\u00e4sihteeri, maastotuomari, ratatuomari, ajuetuomari, jalostusneuvoja<br \/>\n&#8211; Pitk\u00e4aikainen, ansiokas kasvatustoiminta<\/p>\n<p>13 \u00a7 Kunniaj\u00e4sen<br \/>\nKunniaj\u00e4senen osalta noudatetaan mit\u00e4 Skotlanninhirvikoirakerho ry:n yhdistyss\u00e4\u00e4nn\u00f6t m\u00e4\u00e4r\u00e4\u00e4v\u00e4t 5 \u00a7.<\/p>\n","protected":false},"excerpt":{"rendered":"<p>1 \u00a7 Skotlanninhirvikoirakerholla on kultainen ja hopeinen oma ansiomerkki. 2 \u00a7 Ansiomerkit jaetaan joka 2. (toinen) vuosi. Ansiomerkkej\u00e4 my\u00f6nnet\u00e4\u00e4n yhdistyksen ja\/tai sen virallisen edustajan toiminnassa ansioituneille yhdistyksen henkil\u00f6j\u00e4senille. 3 \u00a7 Kultainen ansiomerkki Kultainen ansiomerkki my\u00f6nnet\u00e4\u00e4n ansioituneelle j\u00e4senelle, jolle aiemmin on my\u00f6nnetty hopeinen ansiomerkki ja jolle on kertynyt v\u00e4hint\u00e4\u00e4n viisitoista j\u00e4senyysvuotta. 4 \u00a7 Hopeinen ansiomerkki Hopeinen &hellip; <\/p>\n<p class=\"link-more\"><a href=\"https:\/\/skotlanninhirvikoirat.fi\/?page_id=3448\" class=\"more-link\">Continue reading<span class=\"screen-reader-text\"> &#8221;Ansiomerkkien ansaintas\u00e4\u00e4nn\u00f6t&#8221;<\/span><\/a><\/p>\n","protected":false},"author":1,"featured_media":0,"parent":0,"menu_order":0,"comment_status":"closed","ping_status":"closed","template":"","meta":{"footnotes":""},"class_list":["post-3448","page","type-page","status-publish","hentry"],"_links":{"self":[{"href":"https:\/\/skotlanninhirvikoirat.fi\/index.php?rest_route=\/wp\/v2\/pages\/3448","targetHints":{"allow":["GET"]}}],"collection":[{"href":"https:\/\/skotlanninhirvikoirat.fi\/index.php?rest_route=\/wp\/v2\/pages"}],"about":[{"href":"https:\/\/skotlanninhirvikoirat.fi\/index.php?rest_route=\/wp\/v2\/types\/page"}],"author":[{"embeddable":true,"href":"https:\/\/skotlanninhirvikoirat.fi\/index.php?rest_route=\/wp\/v2\/users\/1"}],"replies":[{"embeddable":true,"href":"https:\/\/skotlanninhirvikoirat.fi\/index.php?rest_route=%2Fwp%2Fv2%2Fcomments&post=3448"}],"version-history":[{"count":3,"href":"https:\/\/skotlanninhirvikoirat.fi\/index.php?rest_route=\/wp\/v2\/pages\/3448\/revisions"}],"predecessor-version":[{"id":4529,"href":"https:\/\/skotlanninhirvikoirat.fi\/index.php?rest_route=\/wp\/v2\/pages\/3448\/revisions\/4529"}],"wp:attachment":[{"href":"https:\/\/skotlanninhirvikoirat.fi\/index.php?rest_route=%2Fwp%2Fv2%2Fmedia&parent=3448"}],"curies":[{"name":"wp","href":"https:\/\/api.w.org\/{rel}","templated":true}]}}