{"id":3851,"date":"2019-07-30T11:29:34","date_gmt":"2019-07-30T08:29:34","guid":{"rendered":"http:\/\/skotlanninhirvikoirat.fi\/?page_id=3851"},"modified":"2019-08-09T19:01:19","modified_gmt":"2019-08-09T16:01:19","slug":"club-show-2019","status":"publish","type":"page","link":"https:\/\/skotlanninhirvikoirat.fi\/?page_id=3851","title":{"rendered":"Club Show 2019"},"content":{"rendered":"\n<p>Aika: 19.7.2019<br>Paikka: Tuomarinkartanon vinttikoirakeskus, Helsinki<\/p>\n\n\n\n<p>Tuomari:<br>Florent Friedrich, Ranska<br>kennel Lilac Wind<\/p>\n\n\n\n<h3 class=\"wp-block-heading\">Urokset &#8211; Junioriluokka<\/h3>\n\n\n\n<table class=\"wp-block-table\"><tbody><tr><td>Arvostelu<\/td><td>Koiran tiedot<\/td><\/tr><tr><td>ERI, 4.  <\/td><td>Black Jade&#8217;s Stirling FI42878\/18 <br> s.5.7.2018 i: Graylord&#8217;s Lochness e: Black Jade&#8217;s Sweetest <br>Perfection <br>Kasv. Aino R\u00e4s\u00e4nen Om. Iro Manninen, Tuusula<\/td><\/tr><tr><td>ERI<\/td><td>Chic Choix Dhulert Eastbourne FI26068\/18 <br> s.14.2.2018 i: Lawtons Copyright Costeau e: Chic Choix Dhulert <br>Cordelia <br>Kasv. Juha Kares Om. Hanna Ranta, Nummela<\/td><\/tr><tr><td>ERI, 1., SA  PU1, VSP<\/td><td>Chic Choix Dhulert Excalibur FI26069\/18 LT LV EE JMVA HeJW-18 JV-18 LTJV-19 TLNJW-19 EEJV-19 LVJV-19<br> s.14.2.2018 i: Lawtons Copyright Costeau e: Chic Choix Dhulert <br>Cordelia <br>Kasv. Juha Kares Om. Susanna Boman, Helsinki<\/td><\/tr><tr><td>ERI, 3. , SA  PU4 <\/td><td>Sandmanscot&#8217;s Gaol Agam Ort FI48027\/18 <br> s.28.8.2018 i: Lowland Fauns Cieran e: Sandmanscot\u2019s Ciamar A <br>Tha Thu <br>Kasv. Kielo Oksanen Om. Liisa Inomaa, Valkeakoski<\/td><\/tr><tr><td>ERI, 2., SA,  PU2  <\/td><td>Sandmanscot&#8217;s Greatgrandson Of Toirnis FI48032\/18 <br> s.28.8.2018 i: Lowland Fauns Cieran e: Sandmanscot\u2019s Ciamar A <br>Tha Thu <br>Kasv. Kielo Oksanen Om. Minttu Honkaniemi, Kellokoski<\/td><\/tr><\/tbody><\/table>\n\n\n\n<h3 class=\"wp-block-heading\">Urokset &#8211; Nuorten luokka<\/h3>\n\n\n\n<table class=\"wp-block-table\"><tbody><tr><td>Arvostelu<\/td><td>Koiran tiedot<\/td><\/tr><tr><td>ERI, 1.                <\/td><td>Lawtons Equiono Eddington FI26297\/18 <br> s.10.12.2017 i: Lehing Impresario For Champhurst e: Lawtons Catweazle Cosmopolitan <br>Kasv. Stefan Hagstedt Om. Ann-Mari Strahl &amp; Carina Engman, <br>Karper\u00f6<\/td><\/tr><\/tbody><\/table>\n\n\n\n<h3 class=\"wp-block-heading\">Urokset &#8211; Avoin luokka<\/h3>\n\n\n\n<table class=\"wp-block-table\"><tbody><tr><td>Arvostelu<\/td><td>Koiran tiedot<\/td><\/tr><tr><td>ERI 1.            <\/td><td>Chic Choix Dhulert December FI11631\/17 EEJV-18 EEV-18<br> s. 7.12.2016 i: Lawtons Copyright Cousteau e: Chic Choix Dhulert Ambrosia <br>Kasv. Juha Kares Om. Sara-Emilia Kinnunen &amp; Tiina Tiainen, <br>S\u00e4link\u00e4\u00e4<\/td><\/tr><tr><td>EH 2.   <\/td><td>Kerslake Elfyn FI17534\/16<br> s.25.1.2016 i: Fritzens Eagle e: Brokenwheel Mc Bronach <br>Kasv. Carina Engman Om. Mirva Roulamo, Espoo<\/td><\/tr><\/tbody><\/table>\n\n\n\n<h3 class=\"wp-block-heading\">Urokset &#8211; Valioluokka<\/h3>\n\n\n\n<table class=\"wp-block-table\"><tbody><tr><td>Arvostelu<\/td><td>Koiran tiedot<\/td><\/tr><tr><td>ERI, 3. SA              <\/td><td>Blixten Once Again And Forever FI17749\/17 POHJ FI SE DK MVA JV-17 HeJW-17 PMJV-17 TLNW-18<br> s.18.11.2016 i: Rubeus Hagrid To Kilbourne e. Chic Choix Arwen To Blixten <br>Kasv. Marja-Leena Arhima-Oinonen Om. Marja-Leena Arhima-Oinonen &amp; Ky\u00f6sti Oinonen, Kantvik<\/td><\/tr><tr><td>ERI, 4.<\/td><td>Blixten One And Only FI17753\/17 FI MVA LT JMVA LVV-18 <br> s.18.11.2017 i: Kilbourne Tyne e. Chic Choix Arwen To Blixten <br>Kasv. Marja-Leena Arhima-Oinonen Om. Seija &amp; Jorma H\u00e4nninen, <br>Sahraj\u00e4rvi<\/td><\/tr><tr><td>ERI, 2., SA<\/td><td>Direwolf Mac Custennin FI53681\/15 C.I.B FI MVA <br> s.14.10.2015 i: Lawtons Cain Cavall to Kerslake e: Brokenwheel Mc Blodeuwedd <br>Kasv. Tapio Hellman Om. Sissi B\u00e4ckman-Hellman &amp; Tapio Hellman, <br>Jakkula<\/td><\/tr><tr><td>ERI, 1, SA,  PU 3   <\/td><td>Hyndsight Easy Feelin FI56934\/15 FI MVA HeJW-15 HeW-15 JV-15 V-15 V-17 HeW-17 V-18 <br> s.17.8.2014 i: All Guns Blazing For Ladygrove e: Hyndsight Into The Mystic <br>Kasv. Hector Heathcote Om.Tuuli Jalo, Helsinki<\/td><\/tr><\/tbody><\/table>\n\n\n\n<h3 class=\"wp-block-heading\">Urokset &#8211; Veteraaniluokka 6 &#8211; 8 vuotta<\/h3>\n\n\n\n<table class=\"wp-block-table\"><tbody><tr><td>Arvostelu<\/td><td>Koiran tiedot<\/td><\/tr><tr><td>ERI, 1.               <\/td><td>Pyefleet Tabor FI51445\/13 C.I.B POHJ FI DK SE EE LV LT BALT MVA TLNW-17 BALTV-17 <br> s.24.4.2013 i: Lealla Lephin e: Pyefleet Sabine <br>Kasv. Mary Girling Om. Jorma H\u00e4m\u00e4l\u00e4inen &amp; Kielo Oksanen, <br>Kellokoski<\/td><\/tr><\/tbody><\/table>\n\n\n\n<h3 class=\"wp-block-heading\">Urokset &#8211; Kotikoiraluokka<\/h3>\n\n\n\n<table class=\"wp-block-table\"><tbody><tr><td>Arvostelu<\/td><td>Koiran tiedot<\/td><\/tr><tr><td>ERI, 1.  <\/td><td>Chic Choix Dhulert Elixir Vitae FI26070\/18 <br> s.14.2.2018 i: Lawtons Copyright Costeau <br>e: Chic Choix Dhulert Cordelia <br>Kasv. Juha Kares <br>Om. Susanna Boman, Helsinki<\/td><\/tr><tr><td>EH, 2. <\/td><td>Sandmanscot\u2019s Coinneach FI50388\/14<br> s.11.9.2014 i: Pyefleet Tabor e: Sandmanscot&#8217;s Te Bheag <br>Kasv. Kielo Oksanen <br>Om. Marjo Winter, S\u00e4link\u00e4\u00e4<\/td><\/tr><\/tbody><\/table>\n\n\n\n<h3 class=\"wp-block-heading\">Nartut &#8211; Junioriluokka<\/h3>\n\n\n\n<table class=\"wp-block-table\"><tbody><tr><td>Arvostelu<\/td><td>Koiran tiedot<\/td><\/tr><tr><td>ERI, 1., SA, PN4<\/td><td>Lawtons Faith Firhill FI48582\/18<br> s.16.8.2018 i: Lehigh Impresario For Champhurst <br>e: Lawtons Depolina Duracell <br>Kasv. Stefan Hagstedt <br>Om. Mari Varonen, Jysk\u00e4<\/td><\/tr><tr><td>ERI, 2., SA   <\/td><td>Sandmanscot\u2019s Gaol Ise Gaol I FI48026\/18 <br> s.28.8.2018 i: Lowland Fauns Cieran <br>e: Sandmanscot\u2019s Ciamar A Tha Thu <br>Kasv. Kielo Oksanen <br>Om. Ella Myllym\u00e4ki, J\u00e4ms\u00e4<\/td><\/tr><tr><td>ERI, 4.<\/td><td>Sandmanscot\u2019s Gaol Leat Gu Brath FI48028\/18 <br> s.28.8.2018 i: Lowland Fauns Cieran <br>e: Sandmanscot\u2019s Ciamar A Tha Thu <br>Kasv. &amp; Om. Kielo Oksanen, Kellokoski<\/td><\/tr><tr><td>ERI<\/td><td>Sandmanscot\u2019s Gaol Leatsa Leannan FI48031\/18 <br> s.28.8.2018 i: Lowland Fauns Cieran <br>e: Sandmanscot\u2019s Ciamar A Tha Thu <br>Kasv. Kielo Oksanen <br>Om. Sini Honkaniemi, Kellokoski<\/td><\/tr><tr><td>ERI<\/td><td>Sandmanscot\u2019s Gradh Mo Chridhe FI48025\/18 <br> s.28.8.2018 i: Lowland Fauns Cieran <br>e: Sandmanscot\u2019s Ciamar A Tha Thu <br>Kasv. Kielo Oksanen <br>Om. Iris Nousiainen, J\u00e4rvenp\u00e4\u00e4<\/td><\/tr><tr><td>ERI<\/td><td>Sandmanscot\u2019s Gra Mo Chroi FI48029\/18 <br> s.28.8.2018 i: Lowland Fauns Cieran <br>e: Sandmanscot\u2019s Ciamar A Tha Thu <br>Kasv. Kielo Oksanen <br>Om. Emilia Salonen, Valkeakoski<\/td><\/tr><tr><td>ERI, 3.<\/td><td>Undimoon Marvene FI47961\/18 <br> s.21.7.2018 i: Lilac Wind Modjo To Galerita <br>e: Necesse&#8217;s Bona Patria <br>Kasv. Erja &amp; Thomas Warell <br>Om. Petri Hietala &amp; Ritva Karila-Hietala, Inkoo<\/td><\/tr><\/tbody><\/table>\n\n\n\n<h3 class=\"wp-block-heading\">Nartut &#8211; Nuorten luokka<\/h3>\n\n\n\n<table class=\"wp-block-table\"><tbody><tr><td>Arvostelu<\/td><td>Koiran tiedot<\/td><\/tr><tr><td>ERI, 2., SA   <\/td><td>Cotherstone Catriona FI44696\/18<br> s.5.8.2017 i: Cotherstone Cold Steel e: Chuilinn Ballad <br>Kasv. Ali Morton &amp; Johnny Morgan <br>Om. Sarri Alanne &amp; Riikka Alanne, Hurttala<\/td><\/tr><tr><td>ERI, 1., SA, <br>PN3   <\/td><td>Vaikonniemen Expected Scrappy&#8217;s Girl FI48908\/17 <br> s.5.8.2017 i: Bhealach Gotta Luv Me <br>e: Vaikonniemen Wild Rose <br>Kasv. &amp; Om. Pirjo Tuononen, Juuka<\/td><\/tr><\/tbody><\/table>\n\n\n\n<h3 class=\"wp-block-heading\">Nartut &#8211; Avoin luokka<\/h3>\n\n\n\n<table class=\"wp-block-table\"><tbody><tr><td>Arvostelu<\/td><td>Koiran tiedot<\/td><\/tr><tr><td>ERI, 2., SA               <\/td><td>Blixten Once In A Lifetime FI17754\/17<br> s.18.11.2016 i: Kilbourne Tyne <br>e: Chic Choix Arwen To Blixten <br>Kasv. Marja-Leena Arhima-Oinonen <br>Om. Katja Autiom\u00e4ki, Klaukkala<\/td><\/tr><tr><td>ERI, 3.<\/td><td>Crathlint Eiranwen Effie FI50100\/17<br> s.21.5.2017 i: Fritzens Jehro <br>e: Crathlint Caoimhin Cara <br>Kasv. Randi Kontni <br>Om. Satu Hakanurmi, Raisio<\/td><\/tr><tr><td>EH, 4.<\/td><td>Direwolf Mc Camey FI53682\/15 <br> s.14.10.2015 i: Lawtons Cain Cavall To Kerslake <br>e: Brokenwheel Mc Blodeuwedd <br>Kasv. Tapio Hellman <br>Om. Petri Hietala, Inkoo<\/td><\/tr><tr><td>ERI, 1., SA<\/td><td>Swordgrove Larger Than Life FI29533\/17 <br> s.22.4.2017 i: Hyndsight Easy Feelin <br>e: Black Jade&#8217;s Fame and Fortune <br>Kasv. Aino R\u00e4s\u00e4nen <br>Om. Eija Kaipainen, Espoo<\/td><\/tr><\/tbody><\/table>\n\n\n\n<h3 class=\"wp-block-heading\">Nartut &#8211; K\u00e4ytt\u00f6luokka<\/h3>\n\n\n\n<table class=\"wp-block-table\"><tbody><tr><td>Arvostelu<\/td><td>Koiran tiedot<\/td><\/tr><tr><td>ERI, 1., SA  <\/td><td>Crathlint Dwynwen Dee FI43480\/15 FI-KVA-M FI MVA PM-18<br> s.29.4.2015 i: Hillmorton Ghillie e: Fritzens Celeste <br>Kasv. Randi Kontni <br>Om. Satu Hakanurmi, Raisio<\/td><\/tr><\/tbody><\/table>\n\n\n\n<h3 class=\"wp-block-heading\">Nartut &#8211; Valioluokka<\/h3>\n\n\n\n<table class=\"wp-block-table\"><tbody><tr><td>Arvostelu<\/td><td>Koiran tiedot<\/td><\/tr><tr><td>ERI, 1., SA,PN2                                                    <\/td><td>Blixten One In A Million FI17750\/17 POHJ NORDIC <br>FI DK NO SE MVA DKJV-17 DEJV-17 JV-17 PMJV-17 <br>SEJV-17 TLNJV-18 PMV-18 HeW-18 EUV-19 <br> s.18.11.2016 i: Rubeus Hagrid To Kilbourne <br>e. Chic Choix Arwen To Blixten <br>Kasv. Marja-Leena Arhima-Oinonen <br>Om. Marja-Leena Arhima-Oinonen &amp; Ky\u00f6sti Oinonen, <br>Kantvik<\/td><\/tr><tr><td>ERI<\/td><td>Blixten Steps Of Freedom FI50951\/15 POHJ FI DK SE MVA LT LV EE JMVA EEJV-16 JMV-16 DEJV-16 VDHJSGLEI16 BALTJV-16 TLNW-17 <br> s.22.8.2015 i: Cypress Von Der Oelm\u00fchle e: Chic Choix Arwen To <br>Blixten <br>Kasv. Marja-Leena Arhima-Oinonen <br>Om. Marja-Leena Arhima-Oinonen &amp; Ky\u00f6sti Oinonen, <br>Kantvik<\/td><\/tr><tr><td>ERI, 3., SA    <\/td><td>Blixten Success Story FI50953\/15 C.I.B POHJ FI DK SE NO LV LT MVA CZ LT LV EE BALT JMVA ALPENJSG-16 PMJV-16 DKJV-16 SEJV-16 HeJW-16 JV-16 LVV-17 DEV-17 HeW-17 TLNW-18 LVV-18 BENELUXV-18 <br> s.22.5.2015 i: Cypress Von Der Oelm\u00fchle <br>e: Chic Choix Arwen To Blixten <br>Kasv. Marja-Leena Arhima-Oinonen <br>Om. Marja-Leena Arhima-Oinonen &amp; <br>Seija H\u00e4nninen, Sahraj\u00e4rvi<\/td><\/tr><tr><td>ERI<\/td><td>Direwolf Mc Coventina FI53685\/15 C.I.B FI MVA <br> s.14.10.2015 i: Lawtons Cain Cavall to Kerslake<br>e: Brokenwheel Mc Blodeuwedd <br>Kasv. Tapio Hellman <br>Om. Sissi B\u00e4ckman-Hellman &amp; Tapio Hellman, Jakkula<\/td><\/tr><tr><td>ERI<\/td><td>Fritzens Nimble Nell To Kerslake FI37752\/17 FI MVA <br> s.17.2.2017 i: Crathlint Cian Cerdric e: Hillmorton Honey <br>Kasv. Bj\u00f6rn Fritz &amp; Klaus Kruger <br>Om. Carina Engman &amp; Ann-Mari Strahl, Helsingby<\/td><\/tr><tr><td>ERI<\/td><td>Kerslake Evanna to Kilbrandon FI17536\/16 FI MVA V-18 <br> s.25.1.2016 i: Fritzens Eagle e: Brokenwheel Mc Bronach <br>Kasv. Carina Engman Om. Carina Engman &amp; Kari Valkeap\u00e4\u00e4, <br>Helsingby<\/td><\/tr><tr><td>ERI<\/td><td>Sandmanscot\u2019s Chiarah FI50392\/14 FI LT MVA<br> s.11.9.2014 i: Pyefleet Tabor e: Sandmanscot&#8217;s Te Bheag <br>Kasv. Kielo Oksanen <br>Om. Elina Winter, S\u00e4link\u00e4\u00e4<\/td><\/tr><tr><td>ERI, 4., SA  <\/td><td>Sandmanscot&#8217;s Ciamar A Tha Thu FI50391\/14 CIB FI EE LV LT BALT MVA LT LV EE BALT JMVA EEV-18 <br> s.11.9.2014 i: Pyefleet Tabor e: Sandmanscot&#8217;s Te Bheag <br>Kasv. &amp; Om. Kielo Oksanen, Kellokoski<\/td><\/tr><tr><td>ERI, 2., SA<\/td><td>Swordgrove Freya FI29534\/17 FI MVA<br> s.22.4.2017 i: Hyndsight Easy Feelin <br>e: Black Jade\u2019s Fame And Fortune <br>Kasv. Eija Kaipainen Om. Mari Varonen, Jysk\u00e4<\/td><\/tr><\/tbody><\/table>\n\n\n\n<h3 class=\"wp-block-heading\">Nartut &#8211; Veteraaniluokka 6 &#8211; 8 vuotta<\/h3>\n\n\n\n<table class=\"wp-block-table\"><tbody><tr><td>Arvostelu<\/td><td>Koiran tiedot<\/td><\/tr><tr><td>ERI, 1., SA, PN1                      <\/td><td>Kerslake Doreen FI38302\/12 C.I.B POHJ FI SE NO DK MVA MV-14 V-17 PMV-17 <br> s.25.5.2012 i: Brokenwheel Mac Alasdair e: Kerslake Callista <br>Kasv. ja Om. Carina Engman, Helsingby<\/td><\/tr><tr><td>ERI, 2., SA<\/td><td>Scottclan&#8217;s Avril To Pearch Hill FI55060\/12 C.I.B FI SE EE LV LT BALT MVA BALTV-15 ALPENSG-16 <br> s.26.9.2012 i: Kilbourne Harvest Moon <br>e: Blixten Brilliant Star <br>Kasv. Anna J\u00e4n\u00f6nen Om. Seija &amp; Jorma H\u00e4nninen, Sahraj\u00e4rvi<\/td><\/tr><\/tbody><\/table>\n\n\n\n<h3 class=\"wp-block-heading\">Nartut &#8211; Veteraaniluokka, yli 8 vuotta<\/h3>\n\n\n\n<table class=\"wp-block-table\"><tbody><tr><td>Arvostelu<\/td><td>Koiran tiedot<\/td><\/tr><tr><td>ERI, 3., SA                                                                                                                   <\/td><td>Brokenwheel Mc Blodeuwedd FI25280\/11 C.I.B FI MVA <br> s.8.3.2011 i: Cusidh Ard Toirnis <br>e: Brokenwheel Mc Arianrhod <br>Kasv. Kimmo Roms &amp; Sissi B\u00e4ckman-Hellman Om. Sissi B\u00e4ckman-Hellman &amp; Tapio Hellman, Jakkula<\/td><\/tr><tr><td>ERI, 4.  <\/td><td>Brokenwheel Mc Bronach FI25279\/11 C.I.B POHJ FI SE DK <br>MVA <br> s.8.3.2011 i: Cusidh Ard Toirnis <br>e: Brokenwheel Mc Arianrhod <br>Kasv. Kimmo Roms &amp; Sissi B\u00e4ckman-Hellman<br>Om. Carina Engman, Helsingby<\/td><\/tr><tr><td>ERI, 1., SA    <\/td><td>Chic Choix Arwen To Blixten FI31650\/11 C.I.B POHJ FI DK SE NO EE LV LT DE(VDH) SI RU BALT HU UA GR MVA EE LV VMVA BALTJV-12 LVV-13 TLNV-13 VDHEUSG13 EEV-13 HeW-13 PMV-13 TLNW-14 VDHEUSG13 EEV-13 HeW-13 PMV-13 TLNW-13 LDSG14 EEV-15 EEV-16 MV-16 VDHSGLEI16 EEV-17 EUV-17 DKV-17 TLNVW-19TLNW-19 EEVV-19 EEV-19 EUVVW-19 AUVW-19 <br> s.15.3.2011 i: Kilbourne Harvest Moon e: Dita Von Der Oelm\u00fchle <br>Kasv. Juha Kares Om. Marja-Leena Arhima-Oinonen &amp; Ky\u00f6sti Oinonen &amp; Inger Arhima, Kantvik<\/td><\/tr><tr><td>ERI, 2., SA   <\/td><td>Sandmanscot&#8217;s Tulach FI23657\/11 C.I.B POHJ FI DK SE EE LV LT BALT MVA <br> s.3.3.2011 i: Cusidh Ard Toirnis e: Amazingamazone <br>Kasv. &amp; Om. Kielo Oksanen, Kellokoski<\/td><\/tr><\/tbody><\/table>\n\n\n\n<h3 class=\"wp-block-heading\">Nartut &#8211; Kotikoiraluokka<\/h3>\n\n\n\n<table class=\"wp-block-table\"><tbody><tr><td>Arvostelu<\/td><td>Koiran tiedot<\/td><\/tr><tr><td>ERI<\/td><td>Sandmanscot&#8217;s Cliodhna FI50394\/14 <br> s.11.9.2014 i: Pyefleet Tabor e: Sandmanscot&#8217;s Te Bheag <br>Kasv. Kielo Oksanen Om. Liisa Inomaa, Valkeakoski <\/td><\/tr><\/tbody><\/table>\n\n\n\n<h3 class=\"wp-block-heading\">Kasvattajaluokka<\/h3>\n\n\n\n<table class=\"wp-block-table\"><tbody><tr><td>Arvostelu<\/td><td>Kasvattaja<\/td><\/tr><tr><td>1.<\/td><td>Kennel Blixten Kasv. Marja-Leena Arhima-Oinonen, Kantvik <\/td><\/tr><tr><td><\/td><td>Kennel Chic Choix Kasv. Juha Kares, Vihti<\/td><\/tr><tr><td><\/td><td>Kennel Direwolf Kasv. Tapio Hellman, Jakkula<\/td><\/tr><tr><td><\/td><td>Kennel Kerslake Kasv. Carina Engman, Helsingby<\/td><\/tr><tr><td>2.<\/td><td>Kennel Sandmanscot&#8217;s Kasv. Kielo Oksanen, Kellokoski <\/td><\/tr><\/tbody><\/table>\n\n\n\n<h3 class=\"wp-block-heading\">J\u00e4lkel\u00e4isluokka<\/h3>\n\n\n\n<table class=\"wp-block-table\"><tbody><tr><td>Arvostelu<\/td><td>Koira<\/td><\/tr><tr><td><\/td><td>Brokenwheel Mc Blodeuwedd<\/td><\/tr><tr><td>1.<\/td><td>Chic Choix Arwen To Blixten <\/td><\/tr><tr><td><\/td><td>Pyefleet Tabor<\/td><\/tr><tr><td><\/td><td>Sandmanscot\u2019s Ciamar A Tha Thu<\/td><\/tr><\/tbody><\/table>\n","protected":false},"excerpt":{"rendered":"<p>Aika: 19.7.2019Paikka: Tuomarinkartanon vinttikoirakeskus, Helsinki Tuomari:Florent Friedrich, Ranskakennel Lilac Wind Urokset &#8211; Junioriluokka Arvostelu Koiran tiedot ERI, 4. Black Jade&#8217;s Stirling FI42878\/18 s.5.7.2018 i: Graylord&#8217;s Lochness e: Black Jade&#8217;s Sweetest Perfection Kasv. Aino R\u00e4s\u00e4nen Om. Iro Manninen, Tuusula ERI Chic Choix Dhulert Eastbourne FI26068\/18 s.14.2.2018 i: Lawtons Copyright Costeau e: Chic Choix Dhulert Cordelia Kasv. &hellip; <\/p>\n<p class=\"link-more\"><a href=\"https:\/\/skotlanninhirvikoirat.fi\/?page_id=3851\" class=\"more-link\">Continue reading<span class=\"screen-reader-text\"> &#8221;Club Show 2019&#8221;<\/span><\/a><\/p>\n","protected":false},"author":6,"featured_media":0,"parent":3858,"menu_order":0,"comment_status":"closed","ping_status":"closed","template":"","meta":{"footnotes":""},"class_list":["post-3851","page","type-page","status-publish","hentry"],"_links":{"self":[{"href":"https:\/\/skotlanninhirvikoirat.fi\/index.php?rest_route=\/wp\/v2\/pages\/3851","targetHints":{"allow":["GET"]}}],"collection":[{"href":"https:\/\/skotlanninhirvikoirat.fi\/index.php?rest_route=\/wp\/v2\/pages"}],"about":[{"href":"https:\/\/skotlanninhirvikoirat.fi\/index.php?rest_route=\/wp\/v2\/types\/page"}],"author":[{"embeddable":true,"href":"https:\/\/skotlanninhirvikoirat.fi\/index.php?rest_route=\/wp\/v2\/users\/6"}],"replies":[{"embeddable":true,"href":"https:\/\/skotlanninhirvikoirat.fi\/index.php?rest_route=%2Fwp%2Fv2%2Fcomments&post=3851"}],"version-history":[{"count":8,"href":"https:\/\/skotlanninhirvikoirat.fi\/index.php?rest_route=\/wp\/v2\/pages\/3851\/revisions"}],"predecessor-version":[{"id":3875,"href":"https:\/\/skotlanninhirvikoirat.fi\/index.php?rest_route=\/wp\/v2\/pages\/3851\/revisions\/3875"}],"up":[{"embeddable":true,"href":"https:\/\/skotlanninhirvikoirat.fi\/index.php?rest_route=\/wp\/v2\/pages\/3858"}],"wp:attachment":[{"href":"https:\/\/skotlanninhirvikoirat.fi\/index.php?rest_route=%2Fwp%2Fv2%2Fmedia&parent=3851"}],"curies":[{"name":"wp","href":"https:\/\/api.w.org\/{rel}","templated":true}]}}