{"id":3858,"date":"2019-07-30T11:25:42","date_gmt":"2019-07-30T08:25:42","guid":{"rendered":"http:\/\/skotlanninhirvikoirat.fi\/?page_id=3858"},"modified":"2024-06-13T19:41:12","modified_gmt":"2024-06-13T16:41:12","slug":"club-show","status":"publish","type":"page","link":"https:\/\/skotlanninhirvikoirat.fi\/?page_id=3858","title":{"rendered":"Club Show"},"content":{"rendered":"\n<p>Skotlanninhirvikoirakerhon n\u00e4yttelytoimikunta j\u00e4rjest\u00e4\u00e4 vuosittain kes\u00e4ll\u00e4 ep\u00e4virallisen n\u00e4yttelyn eli Club Show:n.<\/p>\n\n\n\n<p>Club Show:ssa arvostellaan seuraavat luokat: Pikkupennut 4-7kk, Pennut 7\u20139 kk, juniorit, nuorten luokka, avoin luokka, k\u00e4ytt\u00f6luokka, valioluokka-, veteraanit yli 8 v., kasvattaja luokka (3 kasvattia, voi olla samasta pentueesta), j\u00e4lkel\u00e4isluokka ja kotikoira.<\/p>\n\n\n\n<p>J\u00e4rjest\u00e4mme my\u00f6s lapsi ja koira, paras pari ja mies ja koira -kilpailut. N\u00e4yttelyss\u00e4 palkitaan my\u00f6s Paras P\u00e4\u00e4 &amp; Ilme ja Paras Liikkuja. Tuomari valitsee koirat loppukilpailuun.<\/p>\n\n\n\n<p>N\u00e4yttelyss\u00e4 noudatetaan Kennelliiton rokotusm\u00e4\u00e4r\u00e4yksi\u00e4.<\/p>\n\n\n\n<p>N\u00e4yttelytoimikunta koostuu skottiharrastajista, jotka haluavat puhaltaa yhteiseen hiileen ja toteuttaa p\u00e4iv\u00e4n, jonne jokainen skoteista kiinnostunut on tervetullut. Harrastaja, joka tuntee t\u00e4m\u00e4n asian omakseen on tervetullut mukaan toimintaan. Yhteydenotot asiantiimoilta ovat aina tervetulleita nayttelytoimikunta(at)skotlanninhirvikoirat.fi.<\/p>\n\n\n\n<figure class=\"wp-block-image size-large\"><img loading=\"lazy\" decoding=\"async\" width=\"1024\" height=\"684\" src=\"https:\/\/skotlanninhirvikoirat.fi\/wp-content\/uploads\/2024\/03\/BIS_VSP_Clubbari-1024x684.jpg\" alt=\"\" class=\"wp-image-4411\" srcset=\"https:\/\/skotlanninhirvikoirat.fi\/wp-content\/uploads\/2024\/03\/BIS_VSP_Clubbari-1024x684.jpg 1024w, https:\/\/skotlanninhirvikoirat.fi\/wp-content\/uploads\/2024\/03\/BIS_VSP_Clubbari-300x200.jpg 300w, https:\/\/skotlanninhirvikoirat.fi\/wp-content\/uploads\/2024\/03\/BIS_VSP_Clubbari-768x513.jpg 768w, https:\/\/skotlanninhirvikoirat.fi\/wp-content\/uploads\/2024\/03\/BIS_VSP_Clubbari-1536x1025.jpg 1536w, https:\/\/skotlanninhirvikoirat.fi\/wp-content\/uploads\/2024\/03\/BIS_VSP_Clubbari-2048x1367.jpg 2048w, https:\/\/skotlanninhirvikoirat.fi\/wp-content\/uploads\/2024\/03\/BIS_VSP_Clubbari-404x270.jpg 404w\" sizes=\"auto, (max-width: 767px) 89vw, (max-width: 1000px) 54vw, (max-width: 1071px) 543px, 580px\" \/><\/figure>\n","protected":false},"excerpt":{"rendered":"<p>Skotlanninhirvikoirakerhon n\u00e4yttelytoimikunta j\u00e4rjest\u00e4\u00e4 vuosittain kes\u00e4ll\u00e4 ep\u00e4virallisen n\u00e4yttelyn eli Club Show:n. Club Show:ssa arvostellaan seuraavat luokat: Pikkupennut 4-7kk, Pennut 7\u20139 kk, juniorit, nuorten luokka, avoin luokka, k\u00e4ytt\u00f6luokka, valioluokka-, veteraanit yli 8 v., kasvattaja luokka (3 kasvattia, voi olla samasta pentueesta), j\u00e4lkel\u00e4isluokka ja kotikoira. J\u00e4rjest\u00e4mme my\u00f6s lapsi ja koira, paras pari ja mies ja koira -kilpailut. N\u00e4yttelyss\u00e4 &hellip; <\/p>\n<p class=\"link-more\"><a href=\"https:\/\/skotlanninhirvikoirat.fi\/?page_id=3858\" class=\"more-link\">Continue reading<span class=\"screen-reader-text\"> &#8221;Club Show&#8221;<\/span><\/a><\/p>\n","protected":false},"author":6,"featured_media":0,"parent":0,"menu_order":0,"comment_status":"closed","ping_status":"closed","template":"","meta":{"footnotes":""},"class_list":["post-3858","page","type-page","status-publish","hentry"],"_links":{"self":[{"href":"https:\/\/skotlanninhirvikoirat.fi\/index.php?rest_route=\/wp\/v2\/pages\/3858","targetHints":{"allow":["GET"]}}],"collection":[{"href":"https:\/\/skotlanninhirvikoirat.fi\/index.php?rest_route=\/wp\/v2\/pages"}],"about":[{"href":"https:\/\/skotlanninhirvikoirat.fi\/index.php?rest_route=\/wp\/v2\/types\/page"}],"author":[{"embeddable":true,"href":"https:\/\/skotlanninhirvikoirat.fi\/index.php?rest_route=\/wp\/v2\/users\/6"}],"replies":[{"embeddable":true,"href":"https:\/\/skotlanninhirvikoirat.fi\/index.php?rest_route=%2Fwp%2Fv2%2Fcomments&post=3858"}],"version-history":[{"count":5,"href":"https:\/\/skotlanninhirvikoirat.fi\/index.php?rest_route=\/wp\/v2\/pages\/3858\/revisions"}],"predecessor-version":[{"id":4948,"href":"https:\/\/skotlanninhirvikoirat.fi\/index.php?rest_route=\/wp\/v2\/pages\/3858\/revisions\/4948"}],"wp:attachment":[{"href":"https:\/\/skotlanninhirvikoirat.fi\/index.php?rest_route=%2Fwp%2Fv2%2Fmedia&parent=3858"}],"curies":[{"name":"wp","href":"https:\/\/api.w.org\/{rel}","templated":true}]}}