{"id":4240,"date":"2023-05-29T14:09:48","date_gmt":"2023-05-29T11:09:48","guid":{"rendered":"https:\/\/skotlanninhirvikoirat.fi\/?page_id=4240"},"modified":"2023-06-04T20:10:01","modified_gmt":"2023-06-04T17:10:01","slug":"club-show-2023","status":"publish","type":"page","link":"https:\/\/skotlanninhirvikoirat.fi\/?page_id=4240","title":{"rendered":"Club Show 2023"},"content":{"rendered":"\n<p class=\"has-text-align-left\">Skotlanninhirvikoirakerho ry:n Club Showj\u00e4rjestet\u00e4\u00e4n 16.7.2023 Riihim\u00e4en Seudun Kennelkerhon kennelmajalla Kennelmajantie, 12210 Hausj\u00e4rvi<\/p>\n\n\n\n<p class=\"has-text-align-left\"><a href=\"http:\/\/skotlanninhirvikoirat.fi\/?page_id=4249\"><strong>Tuomarina Stefan Hagsted, Kennel Lawtons <\/strong>Lue tuomariesittely<\/a>&gt;&gt;<\/p>\n\n\n\n<figure class=\"wp-block-image size-large\"><img loading=\"lazy\" decoding=\"async\" width=\"1024\" height=\"682\" src=\"https:\/\/skotlanninhirvikoirat.fi\/wp-content\/uploads\/2023\/05\/Qvizzla-BIS-off-1-1024x682.jpg\" alt=\"\" class=\"wp-image-4241\" srcset=\"https:\/\/skotlanninhirvikoirat.fi\/wp-content\/uploads\/2023\/05\/Qvizzla-BIS-off-1-1024x682.jpg 1024w, https:\/\/skotlanninhirvikoirat.fi\/wp-content\/uploads\/2023\/05\/Qvizzla-BIS-off-1-300x200.jpg 300w, https:\/\/skotlanninhirvikoirat.fi\/wp-content\/uploads\/2023\/05\/Qvizzla-BIS-off-1-768x511.jpg 768w, https:\/\/skotlanninhirvikoirat.fi\/wp-content\/uploads\/2023\/05\/Qvizzla-BIS-off-1-1536x1022.jpg 1536w, https:\/\/skotlanninhirvikoirat.fi\/wp-content\/uploads\/2023\/05\/Qvizzla-BIS-off-1-406x270.jpg 406w, https:\/\/skotlanninhirvikoirat.fi\/wp-content\/uploads\/2023\/05\/Qvizzla-BIS-off-1.jpg 2048w\" sizes=\"auto, (max-width: 767px) 89vw, (max-width: 1000px) 54vw, (max-width: 1071px) 543px, 580px\" \/><\/figure>\n\n\n\n<p><strong>N\u00e4yttelyss\u00e4 arvostellaan seuraavat luokat:<br><\/strong>Pikkupennut 4-7kk, Pennut 7\u20139 kk, juniorit, nuorten luokka, avoin luokka, k\u00e4ytt\u00f6luokka, valioluokka-, veteraanit yli 8 v., kasvattaja luokka (3 kasvattia, voi olla samasta pentueesta).<\/p>\n\n\n\n<p class=\"has-text-align-left\">N\u00e4yttelyss\u00e4 palkitaan my\u00f6s Paras P\u00e4\u00e4 &amp; Ilme ja Paras Liikkuja. Tuomari valitsee koirat loppukilpailuun.<\/p>\n\n\n\n<p class=\"has-text-align-left\"><strong>Ilmoittautumiset 1.7.2023 menness\u00e4<\/strong> s\u00e4hk\u00f6postilla osoitteeseen nayttelytoimikunta@skotlanninhirvikoirat.fi<\/p>\n\n\n\n<p class=\"has-text-align-left\">Ilmoita viestiss\u00e4 koiran virallinen nimi ja rekisterinumero, kilpailuluokka, koiran omistaja ja s\u00e4hk\u00f6postiosoite. Voit ilmoittaa samalla viestill\u00e4 useamman koiran. Liit\u00e4 mukaan kopio maksukuitista.<\/p>\n\n\n\n<p class=\"has-text-align-left\">N\u00e4yttelyss\u00e4 noudatetaan Kennelliiton rokotusm\u00e4\u00e4r\u00e4yksi\u00e4.<\/p>\n\n\n\n<p class=\"has-text-align-left\"><strong>Osallistumismaksu<\/strong><strong><br>Pennut ja veteraanit 10 \u20ac, muut 25 \u20ac<\/strong><strong><\/strong><\/p>\n\n\n\n<p class=\"has-text-align-left\">Maksu tilille FI54 4510 7720 0142 57, viite 23061<\/p>\n\n\n\n<p class=\"has-text-align-left\">J\u00e4rjest\u00e4mme my\u00f6s lapsi ja koira sek\u00e4 paras pari -kilpailut 5 \u20ac.<\/p>\n\n\n\n<p class=\"has-text-align-left\"><strong>N\u00e4ihin ilmoittautuminen ja maksu paikan p\u00e4\u00e4ll\u00e4.<\/strong><\/p>\n\n\n\n<p class=\"has-text-align-left\"><strong>N\u00e4yttely alkaa klo 11.00<\/strong><strong> <\/strong>olethan ajoissa paikalla, numerolaput jaetaan paikan p\u00e4\u00e4ll\u00e4.<\/p>\n\n\n\n<p class=\"has-text-align-left\">Tiedustelut: nayttelytoimikunta@skotlanninhirvikoirat.fi<\/p>\n\n\n\n<p><\/p>\n\n\n\n<p class=\"has-text-align-left\">Paikan p\u00e4\u00e4ll\u00e4 <strong>tuotetori, arpajaiset ja buffetti.<\/strong><\/p>\n\n\n\n<p><\/p>\n\n\n\n<p><\/p>\n\n\n\n<p>HUOM! Jos haluat tehd\u00e4 ruusukelahjoituksen, lue ohjeet <strong><a href=\"https:\/\/skotlanninhirvikoirat.fi\/?page_id=4259\">t\u00e4\u00e4lt\u00e4 >><\/a><\/strong><\/p>\n\n\n\n<p>Kennelmainos luetteloon? Lue lis\u00e4\u00e4<strong> <a href=\"https:\/\/skotlanninhirvikoirat.fi\/?page_id=4255\">t\u00e4\u00e4lt\u00e4 &gt;&gt;<\/a><\/strong><\/p>\n\n\n\n<p><\/p>\n","protected":false},"excerpt":{"rendered":"<p>Skotlanninhirvikoirakerho ry:n Club Showj\u00e4rjestet\u00e4\u00e4n 16.7.2023 Riihim\u00e4en Seudun Kennelkerhon kennelmajalla Kennelmajantie, 12210 Hausj\u00e4rvi Tuomarina Stefan Hagsted, Kennel Lawtons Lue tuomariesittely&gt;&gt; N\u00e4yttelyss\u00e4 arvostellaan seuraavat luokat:Pikkupennut 4-7kk, Pennut 7\u20139 kk, juniorit, nuorten luokka, avoin luokka, k\u00e4ytt\u00f6luokka, valioluokka-, veteraanit yli 8 v., kasvattaja luokka (3 kasvattia, voi olla samasta pentueesta). N\u00e4yttelyss\u00e4 palkitaan my\u00f6s Paras P\u00e4\u00e4 &amp; Ilme ja Paras &hellip; <\/p>\n<p class=\"link-more\"><a href=\"https:\/\/skotlanninhirvikoirat.fi\/?page_id=4240\" class=\"more-link\">Continue reading<span class=\"screen-reader-text\"> &#8221;Club Show 2023&#8221;<\/span><\/a><\/p>\n","protected":false},"author":12,"featured_media":0,"parent":3858,"menu_order":0,"comment_status":"closed","ping_status":"closed","template":"","meta":{"footnotes":""},"class_list":["post-4240","page","type-page","status-publish","hentry"],"_links":{"self":[{"href":"https:\/\/skotlanninhirvikoirat.fi\/index.php?rest_route=\/wp\/v2\/pages\/4240","targetHints":{"allow":["GET"]}}],"collection":[{"href":"https:\/\/skotlanninhirvikoirat.fi\/index.php?rest_route=\/wp\/v2\/pages"}],"about":[{"href":"https:\/\/skotlanninhirvikoirat.fi\/index.php?rest_route=\/wp\/v2\/types\/page"}],"author":[{"embeddable":true,"href":"https:\/\/skotlanninhirvikoirat.fi\/index.php?rest_route=\/wp\/v2\/users\/12"}],"replies":[{"embeddable":true,"href":"https:\/\/skotlanninhirvikoirat.fi\/index.php?rest_route=%2Fwp%2Fv2%2Fcomments&post=4240"}],"version-history":[{"count":8,"href":"https:\/\/skotlanninhirvikoirat.fi\/index.php?rest_route=\/wp\/v2\/pages\/4240\/revisions"}],"predecessor-version":[{"id":4262,"href":"https:\/\/skotlanninhirvikoirat.fi\/index.php?rest_route=\/wp\/v2\/pages\/4240\/revisions\/4262"}],"up":[{"embeddable":true,"href":"https:\/\/skotlanninhirvikoirat.fi\/index.php?rest_route=\/wp\/v2\/pages\/3858"}],"wp:attachment":[{"href":"https:\/\/skotlanninhirvikoirat.fi\/index.php?rest_route=%2Fwp%2Fv2%2Fmedia&parent=4240"}],"curies":[{"name":"wp","href":"https:\/\/api.w.org\/{rel}","templated":true}]}}