{"id":4249,"date":"2023-06-04T15:49:12","date_gmt":"2023-06-04T12:49:12","guid":{"rendered":"https:\/\/skotlanninhirvikoirat.fi\/?page_id=4249"},"modified":"2023-06-04T15:54:53","modified_gmt":"2023-06-04T12:54:53","slug":"tuomariesittely-club-show-2023","status":"publish","type":"page","link":"https:\/\/skotlanninhirvikoirat.fi\/?page_id=4249","title":{"rendered":"Tuomariesittely Club Show 2023"},"content":{"rendered":"\n<figure class=\"wp-block-image size-large\"><img loading=\"lazy\" decoding=\"async\" width=\"1024\" height=\"682\" src=\"https:\/\/skotlanninhirvikoirat.fi\/wp-content\/uploads\/2023\/05\/Qvizzla-BIS-off-1-1024x682.jpg\" alt=\"\" class=\"wp-image-4241\" srcset=\"https:\/\/skotlanninhirvikoirat.fi\/wp-content\/uploads\/2023\/05\/Qvizzla-BIS-off-1-1024x682.jpg 1024w, https:\/\/skotlanninhirvikoirat.fi\/wp-content\/uploads\/2023\/05\/Qvizzla-BIS-off-1-300x200.jpg 300w, https:\/\/skotlanninhirvikoirat.fi\/wp-content\/uploads\/2023\/05\/Qvizzla-BIS-off-1-768x511.jpg 768w, https:\/\/skotlanninhirvikoirat.fi\/wp-content\/uploads\/2023\/05\/Qvizzla-BIS-off-1-1536x1022.jpg 1536w, https:\/\/skotlanninhirvikoirat.fi\/wp-content\/uploads\/2023\/05\/Qvizzla-BIS-off-1-406x270.jpg 406w, https:\/\/skotlanninhirvikoirat.fi\/wp-content\/uploads\/2023\/05\/Qvizzla-BIS-off-1.jpg 2048w\" sizes=\"auto, (max-width: 767px) 89vw, (max-width: 1000px) 54vw, (max-width: 1071px) 543px, 580px\" \/><\/figure>\n\n\n\n<p><strong>Club Shown tuomariesittely Stefan Hagstedt, Kennel Lawtons<\/strong><\/p>\n\n\n\n<p>En sent\u00e4\u00e4n ihan ole kasvanut pentulaatikossa, mutta olen pienest\u00e4 pit\u00e4en ollut kiinnostunut koirista. Meill\u00e4 oli kotona pitk\u00e4karvainen collie. Ensimm\u00e4inen oma koirani oli musta labradorinnoutaja, jonka my\u00f6t\u00e4 alkoi kiinnostukseni koiran\u00e4yttelyihin sek\u00e4 jalostukseen. Minulla olikin yksi labradoripentue vuonna 1982. N\u00e4in skotlanninhirvikoiran ensimm\u00e4ist\u00e4 kertaa joskus 70-luvun puoliv\u00e4liss\u00e4 ja tiesin heti, ett\u00e4 jonain p\u00e4iv\u00e4n\u00e4 minulla tulisi olemaan sellainen.<\/p>\n\n\n\n<p>Aikaa kului aina kev\u00e4\u00e4seen 1995, jolloin oli vihdoin aika tuoda kotiin ensimm\u00e4inen hirvikoirani, Ch Chic Aristocrat\u00b4s Fleetwood Grey. Tajusin nopeasti, ett\u00e4 vain yksi ei riit\u00e4, joten my\u00f6s pentuesisar Ch. Chic Aristocrat muutti meille. T\u00e4st\u00e4 alkoi rakkauteni skotteja kohtaan. Nyt minulla on kotona 7 skotlanninhirvikoiraa ja joukko whippetej\u00e4. Olen tuonut koiria Norjasta, Tanskasta, Suomesta ja Iso-Britanniasta. T\u00e4h\u00e4n p\u00e4iv\u00e4\u00e4n menness\u00e4 minulla on ollut 8 pentuetta.<\/p>\n\n\n\n<p>Koko sen ajan, kun minulla on ollut skotteja, olen ollut aktiivinen Ruotsin skotlanninhirvikoirayhdistyksess\u00e4, viime vuosina puheenjohtajana. Olen my\u00f6s arvostellut kaikkien rotujen Open Show -n\u00e4yttelyiss\u00e4 Ruotsissa. Kohokohta oli, kun sain mahdollisuuden arvostella Whippet Clubin Open Shown 2018. Nyt odotan innolla uutta koirael\u00e4m\u00e4ni kohokohtaa, Suomen Skotlanninhirvikoirakerhon Club Shown tuomarointia.<\/p>\n\n\n\n<p>Parhain terveisin Stefan Hagstedt, Kennel Lawtons<br><br><\/p>\n\n\n\n<p>*****<\/p>\n\n\n\n<p><strong>Club Show judge Stefan Hagsted, Kennel Lawtons<\/strong><\/p>\n\n\n\n<p>I didn\u2019t grow up in a puppy box, but I have from early age had a great interest in dogs.<\/p>\n\n\n\n<p>We had a Rough Collie at home. My first own dog was a black Labrador Retriever, with her started my interest in dog shows and breeding, have one litter in -82. In the mid 70\u00b4s I saw my first deerhound and I knew one day I will have one of them.<\/p>\n\n\n\n<p>In the spring of -95 it was finally time to bring home my first deerhound, Ch Chic Aristocrat\u00b4s Fleetwood Grey, I quickly realized that only one deerhound was not enough, so litter sister Ch. Chic Aristocrat\u00b4s moved home to us. This was the start of my love for the Deerhounds.<\/p>\n\n\n\n<p>Today I have 7 Deerhound\u00b4s and a bunch of whippets at home. I have imported dogs from Norway, Denmark, Finland and UK. Until today there have been 8 litters of puppies.<\/p>\n\n\n\n<p>Has since the start my life with deerhounds I have been active on the board of The Swedish Deerhound Club, the last few years as chairman. Has judged all breeds open shows in Sweden. The highlight was when I got the opportunity to judge The Whippet Club\u00b4s open show 2018. Now I am looking forward to another highlight in my dog life, judging The Finnish Deerhound Club open show.<\/p>\n\n\n\n<p>Best Regards Stefan Hagstedt, Kennel Lawtons<\/p>\n","protected":false},"excerpt":{"rendered":"<p>Club Shown tuomariesittely Stefan Hagstedt, Kennel Lawtons En sent\u00e4\u00e4n ihan ole kasvanut pentulaatikossa, mutta olen pienest\u00e4 pit\u00e4en ollut kiinnostunut koirista. Meill\u00e4 oli kotona pitk\u00e4karvainen collie. Ensimm\u00e4inen oma koirani oli musta labradorinnoutaja, jonka my\u00f6t\u00e4 alkoi kiinnostukseni koiran\u00e4yttelyihin sek\u00e4 jalostukseen. Minulla olikin yksi labradoripentue vuonna 1982. N\u00e4in skotlanninhirvikoiran ensimm\u00e4ist\u00e4 kertaa joskus 70-luvun puoliv\u00e4liss\u00e4 ja tiesin heti, ett\u00e4 &hellip; <\/p>\n<p class=\"link-more\"><a href=\"https:\/\/skotlanninhirvikoirat.fi\/?page_id=4249\" class=\"more-link\">Continue reading<span class=\"screen-reader-text\"> &#8221;Tuomariesittely Club Show 2023&#8221;<\/span><\/a><\/p>\n","protected":false},"author":12,"featured_media":0,"parent":4240,"menu_order":0,"comment_status":"closed","ping_status":"closed","template":"","meta":{"footnotes":""},"class_list":["post-4249","page","type-page","status-publish","hentry"],"_links":{"self":[{"href":"https:\/\/skotlanninhirvikoirat.fi\/index.php?rest_route=\/wp\/v2\/pages\/4249","targetHints":{"allow":["GET"]}}],"collection":[{"href":"https:\/\/skotlanninhirvikoirat.fi\/index.php?rest_route=\/wp\/v2\/pages"}],"about":[{"href":"https:\/\/skotlanninhirvikoirat.fi\/index.php?rest_route=\/wp\/v2\/types\/page"}],"author":[{"embeddable":true,"href":"https:\/\/skotlanninhirvikoirat.fi\/index.php?rest_route=\/wp\/v2\/users\/12"}],"replies":[{"embeddable":true,"href":"https:\/\/skotlanninhirvikoirat.fi\/index.php?rest_route=%2Fwp%2Fv2%2Fcomments&post=4249"}],"version-history":[{"count":1,"href":"https:\/\/skotlanninhirvikoirat.fi\/index.php?rest_route=\/wp\/v2\/pages\/4249\/revisions"}],"predecessor-version":[{"id":4250,"href":"https:\/\/skotlanninhirvikoirat.fi\/index.php?rest_route=\/wp\/v2\/pages\/4249\/revisions\/4250"}],"up":[{"embeddable":true,"href":"https:\/\/skotlanninhirvikoirat.fi\/index.php?rest_route=\/wp\/v2\/pages\/4240"}],"wp:attachment":[{"href":"https:\/\/skotlanninhirvikoirat.fi\/index.php?rest_route=%2Fwp%2Fv2%2Fmedia&parent=4249"}],"curies":[{"name":"wp","href":"https:\/\/api.w.org\/{rel}","templated":true}]}}