{"id":4255,"date":"2023-06-04T20:07:23","date_gmt":"2023-06-04T17:07:23","guid":{"rendered":"https:\/\/skotlanninhirvikoirat.fi\/?page_id=4255"},"modified":"2023-06-04T20:07:23","modified_gmt":"2023-06-04T17:07:23","slug":"haluatko-kennelmainoksen-club-shown-luetteloon","status":"publish","type":"page","link":"https:\/\/skotlanninhirvikoirat.fi\/?page_id=4255","title":{"rendered":"Haluatko kennelmainoksen Club Shown luetteloon?"},"content":{"rendered":"\n<p>Mainoksen hinta on 10 \u20ac\/sivu (sivun koko A5) ja se maksetaan viitteell\u00e4 23003<\/p>\n\n\n\n<p>Skotlanninhirvikoirakerhon tilille FI 54 4510 7720 0142 57.<\/p>\n\n\n\n<p>Valmis, painokelpoinen aineisto l\u00e4hetet\u00e4\u00e4n n\u00e4yttelytoimikunnan s\u00e4hk\u00f6postiin osoitteella<\/p>\n\n\n\n<p><a href=\"mailto:nayttelytoimikunta@skotlanninhirvikoirat.fi\">nayttelytoimikunta@skotlanninhirvikoirat.fi<\/a><\/p>\n\n\n\n<figure class=\"wp-block-image size-full\"><img loading=\"lazy\" decoding=\"async\" width=\"612\" height=\"662\" src=\"https:\/\/skotlanninhirvikoirat.fi\/wp-content\/uploads\/2023\/06\/Luettelo.jpg\" alt=\"\" class=\"wp-image-4256\" srcset=\"https:\/\/skotlanninhirvikoirat.fi\/wp-content\/uploads\/2023\/06\/Luettelo.jpg 612w, https:\/\/skotlanninhirvikoirat.fi\/wp-content\/uploads\/2023\/06\/Luettelo-277x300.jpg 277w, https:\/\/skotlanninhirvikoirat.fi\/wp-content\/uploads\/2023\/06\/Luettelo-250x270.jpg 250w\" sizes=\"auto, (max-width: 612px) 100vw, 612px\" \/><\/figure>\n","protected":false},"excerpt":{"rendered":"<p>Mainoksen hinta on 10 \u20ac\/sivu (sivun koko A5) ja se maksetaan viitteell\u00e4 23003 Skotlanninhirvikoirakerhon tilille FI 54 4510 7720 0142 57. Valmis, painokelpoinen aineisto l\u00e4hetet\u00e4\u00e4n n\u00e4yttelytoimikunnan s\u00e4hk\u00f6postiin osoitteella nayttelytoimikunta@skotlanninhirvikoirat.fi<\/p>\n","protected":false},"author":12,"featured_media":0,"parent":0,"menu_order":0,"comment_status":"closed","ping_status":"closed","template":"","meta":{"footnotes":""},"class_list":["post-4255","page","type-page","status-publish","hentry"],"_links":{"self":[{"href":"https:\/\/skotlanninhirvikoirat.fi\/index.php?rest_route=\/wp\/v2\/pages\/4255","targetHints":{"allow":["GET"]}}],"collection":[{"href":"https:\/\/skotlanninhirvikoirat.fi\/index.php?rest_route=\/wp\/v2\/pages"}],"about":[{"href":"https:\/\/skotlanninhirvikoirat.fi\/index.php?rest_route=\/wp\/v2\/types\/page"}],"author":[{"embeddable":true,"href":"https:\/\/skotlanninhirvikoirat.fi\/index.php?rest_route=\/wp\/v2\/users\/12"}],"replies":[{"embeddable":true,"href":"https:\/\/skotlanninhirvikoirat.fi\/index.php?rest_route=%2Fwp%2Fv2%2Fcomments&post=4255"}],"version-history":[{"count":1,"href":"https:\/\/skotlanninhirvikoirat.fi\/index.php?rest_route=\/wp\/v2\/pages\/4255\/revisions"}],"predecessor-version":[{"id":4257,"href":"https:\/\/skotlanninhirvikoirat.fi\/index.php?rest_route=\/wp\/v2\/pages\/4255\/revisions\/4257"}],"wp:attachment":[{"href":"https:\/\/skotlanninhirvikoirat.fi\/index.php?rest_route=%2Fwp%2Fv2%2Fmedia&parent=4255"}],"curies":[{"name":"wp","href":"https:\/\/api.w.org\/{rel}","templated":true}]}}