{"id":4739,"date":"2025-08-12T23:48:36","date_gmt":"2025-08-12T20:48:36","guid":{"rendered":"https:\/\/skotlanninhirvikoirat.fi\/?page_id=4739"},"modified":"2026-03-18T20:25:33","modified_gmt":"2026-03-18T18:25:33","slug":"pentuvalitys","status":"publish","type":"page","link":"https:\/\/skotlanninhirvikoirat.fi\/?page_id=4739","title":{"rendered":"Pentuv\u00e4litys"},"content":{"rendered":"\n<figure class=\"wp-block-image size-large\"><img loading=\"lazy\" decoding=\"async\" width=\"1024\" height=\"583\" src=\"https:\/\/skotlanninhirvikoirat.fi\/wp-content\/uploads\/2025\/09\/Dellan-pennut2-1024x583.jpg\" alt=\"\" class=\"wp-image-4801\" srcset=\"https:\/\/skotlanninhirvikoirat.fi\/wp-content\/uploads\/2025\/09\/Dellan-pennut2-1024x583.jpg 1024w, https:\/\/skotlanninhirvikoirat.fi\/wp-content\/uploads\/2025\/09\/Dellan-pennut2-300x171.jpg 300w, https:\/\/skotlanninhirvikoirat.fi\/wp-content\/uploads\/2025\/09\/Dellan-pennut2-768x437.jpg 768w, https:\/\/skotlanninhirvikoirat.fi\/wp-content\/uploads\/2025\/09\/Dellan-pennut2-1536x874.jpg 1536w, https:\/\/skotlanninhirvikoirat.fi\/wp-content\/uploads\/2025\/09\/Dellan-pennut2-2048x1165.jpg 2048w\" sizes=\"auto, (max-width: 767px) 89vw, (max-width: 1000px) 54vw, (max-width: 1071px) 543px, 580px\" \/><figcaption class=\"wp-element-caption\">Nora Stockmari<\/figcaption><\/figure>\n\n\n\n<p style=\"font-size:16px\"><br>T\u00e4ll\u00e4 sivustolla julkaistaan SHKK:n j\u00e4senkasvattajien pentueilmoituksia ja ilmoituksia kotia vaihtavista koirista. L\u00e4het\u00e4 ilmoitukset osoitteeseen webmaster(at)skotlanninhirvikoirat.fi.<br><br>Pentueilmoituksia vastaanotetaan my\u00f6s osoitteessa pentuvalitys(at)skotlanninhirvikoirat.fi ja ilmoituksia kodinvaihtajista osoitteessa kodinvaihtajat(at)skotlanninhirvikoirat.fi<br><br><\/p>\n\n\n\n<p style=\"font-size:16px\">&#8211; Ei ilmoitettuja pentueita<\/p>\n\n\n\n<p><\/p>\n","protected":false},"excerpt":{"rendered":"<p>T\u00e4ll\u00e4 sivustolla julkaistaan SHKK:n j\u00e4senkasvattajien pentueilmoituksia ja ilmoituksia kotia vaihtavista koirista. L\u00e4het\u00e4 ilmoitukset osoitteeseen webmaster(at)skotlanninhirvikoirat.fi. Pentueilmoituksia vastaanotetaan my\u00f6s osoitteessa pentuvalitys(at)skotlanninhirvikoirat.fi ja ilmoituksia kodinvaihtajista osoitteessa kodinvaihtajat(at)skotlanninhirvikoirat.fi &#8211; Ei ilmoitettuja pentueita<\/p>\n","protected":false},"author":13,"featured_media":0,"parent":0,"menu_order":0,"comment_status":"closed","ping_status":"closed","template":"","meta":{"footnotes":""},"class_list":["post-4739","page","type-page","status-publish","hentry"],"_links":{"self":[{"href":"https:\/\/skotlanninhirvikoirat.fi\/index.php?rest_route=\/wp\/v2\/pages\/4739","targetHints":{"allow":["GET"]}}],"collection":[{"href":"https:\/\/skotlanninhirvikoirat.fi\/index.php?rest_route=\/wp\/v2\/pages"}],"about":[{"href":"https:\/\/skotlanninhirvikoirat.fi\/index.php?rest_route=\/wp\/v2\/types\/page"}],"author":[{"embeddable":true,"href":"https:\/\/skotlanninhirvikoirat.fi\/index.php?rest_route=\/wp\/v2\/users\/13"}],"replies":[{"embeddable":true,"href":"https:\/\/skotlanninhirvikoirat.fi\/index.php?rest_route=%2Fwp%2Fv2%2Fcomments&post=4739"}],"version-history":[{"count":9,"href":"https:\/\/skotlanninhirvikoirat.fi\/index.php?rest_route=\/wp\/v2\/pages\/4739\/revisions"}],"predecessor-version":[{"id":5029,"href":"https:\/\/skotlanninhirvikoirat.fi\/index.php?rest_route=\/wp\/v2\/pages\/4739\/revisions\/5029"}],"wp:attachment":[{"href":"https:\/\/skotlanninhirvikoirat.fi\/index.php?rest_route=%2Fwp%2Fv2%2Fmedia&parent=4739"}],"curies":[{"name":"wp","href":"https:\/\/api.w.org\/{rel}","templated":true}]}}