{"id":4921,"date":"2025-11-02T18:57:32","date_gmt":"2025-11-02T16:57:32","guid":{"rendered":"https:\/\/skotlanninhirvikoirat.fi\/?page_id=4921"},"modified":"2025-11-02T18:57:32","modified_gmt":"2025-11-02T16:57:32","slug":"special-utstallningens-domarpresentation","status":"publish","type":"page","link":"https:\/\/skotlanninhirvikoirat.fi\/?page_id=4921","title":{"rendered":"Special utst\u00e4llningens domarpresentation"},"content":{"rendered":"\n<p><strong>Mitt namn \u00e4r Anthony Antunes, och jag \u00e4r vice ordf\u00f6rande i den franska klubben f\u00f6r irl\u00e4ndska varghundar och skotska hjorthundar, samt uppf\u00f6dare av hjorthundar under kennelnamnet Antonius Vertragus.<\/strong><\/p>\n\n\n\n<p>Mitt \u00e4ventyr med rashundar och deras uppf\u00f6dning b\u00f6rjade redan i min barndom. Vid tio \u00e5rs \u00e5lder hade jag redan satt i minnet rasstandarder och egenskaper hos raser som fascinerade mig. Tv\u00e5 \u00e5r senare v\u00e4lkomnade jag min f\u00f6rsta hund och fick uppleva min allra f\u00f6rsta valpkull under kommande \u00e5ren.<\/p>\n\n\n\n<p>Vinthundarna har alltid haft en s\u00e4rskild plats i mitt hj\u00e4rta. Att f\u00f6rst\u00e5 historiken, ursprungliga \u00e4ndam\u00e5let och de unika morfologiska dragen hos varje ras var avg\u00f6rande f\u00f6r att fullt kunna uppskatta deras unikhet och olikhet. Efter mycket forskning och eftertanke var jag tvungen att g\u00f6ra ett val. S\u00e4rskilt mellan greyhound och hjorthund och jag valde till slut den mera grova. Det var n\u00e4mligen den grova elegansen, den \u00e4dla utstr\u00e5lningen och temperamentet hos hjorthunden som slutligen ledde till mitt val.<\/p>\n\n\n\n<p>Jag beh\u00f6ll dock ett starkt intresse f\u00f6r alla vinthundar, s\u00e4rskilt greyhound, irl\u00e4ndsk varghund och whippet. Jag f\u00f6ljde noggrant arbetet som v\u00e4lk\u00e4nda uppf\u00f6dare runt v\u00e4rlden gjorde, h\u00f6ll koll p\u00e5 deras blodslinjer och utst\u00e4llningsresultat. Med tiden byggde jag starka f\u00f6rh\u00e5llanden med framst\u00e5ende uppf\u00f6dare av dessa raser, vilket har gjort att jag har kunnat beh\u00e5lla en stark f\u00f6rh\u00e5llande till dem.<\/p>\n\n\n\n<p>N\u00e4r hjorthundshanen <em>Brackenland Rumba<\/em>, son till <em>Greyflax Myth to Kilbourne<\/em>, en hund jag beundrade mycket, importerades till Frankrike, reserverade jag genast en tik fr\u00e5n hans f\u00f6rsta kull. Den tiken blev min presentation till utst\u00e4llningsv\u00e4rlden. Kort d\u00e4refter tog jag \u00f6ver ledningen av <em>RALIE Magazine<\/em>, och n\u00e5gra \u00e5r senare gick jag med i styrelsen f\u00f6r RALIE-klubben.<\/p>\n\n\n\n<p>Det var en engelsk tik, <em>Kilbourne Odette<\/em>, importerad till Tyskland, som ledde till min f\u00f6rsta import. Jag var djupt imponerad av hennes stamtavla, och en av hennes d\u00f6ttrar, <em>Indian Summer von der Oelmuehle<\/em>, gjorde ett starkt intryck p\u00e5 mig. En av hennes d\u00f6ttrar, <em>Passion<\/em>, blev en del av v\u00e5rt hem, snart f\u00f6ljd av hennes halvsyster,<em> Rihanna<\/em>.<\/p>\n\n\n\n<p>Sedan dessa tv\u00e5 f\u00f6rsta tikimporter har flera andra ocks\u00e5 kommit under \u00e5ren, inklusive n\u00e5gra intressanta hanar, och hittills har jag f\u00f6tt upp omkring hundra hjorthundar under kennelnamnet <em>Antonius Vertragus<\/em>. Under detta namn har jag producerat flera franska och europeiska vinnare samt v\u00e4rldsvinnare. Under namnet har jag ocks\u00e5 producerat vinnare av nationella specialutst\u00e4llningar, Best in Show vinnare p\u00e5 olika utst\u00e4llningar samt rasvinnare utomlands. Vi har exporterat valpar till olika l\u00e4nder, och v\u00e5ra avelshanar har anv\u00e4nts av flera uppf\u00f6dare runt v\u00e4rlden. Idag \u00e4r jag stolt \u00f6ver att vi har flera hundar som \u00e4r internationell champion, samt flera amerikanska champion och grandchampion.<\/p>\n\n\n\n<p>Femton \u00e5r eller fem generationer av hundar senare har min passion och fascination f\u00f6r dessa raser bara vuxit. &nbsp;Jag har l\u00e4rt mig mera genom erfarenheten och noggrannheten som kr\u00e4vts f\u00f6r att f\u00f6da upp v\u00e5ra raser.<\/p>\n\n\n\n<p>Nyligen hade jag \u00e4ran att bli inbjuden att d\u00f6ma hjorthundar och irl\u00e4ndska varghundar vid <em>RALIE nationella specialutst\u00e4llning<\/em> &#8211; den mest respekterade evenemanget som \u00e5rdnas \u00e5rligen f\u00f6r dessa tv\u00e5 raser i Frankrike, samt vid vinthundsspecialen i Tjeckien i samband med klubbens 30-\u00e5rsjubileum. Det var en mycket berikande upplevelse. Jag \u00e4r djupt hedrad \u00f6ver att nu bli inbjuden att d\u00f6ma <em>himlens mest perfekta varelse<\/em> i ert vackra land. Jag tackar er kommitt\u00e9 f\u00f6r ert erk\u00e4nnande och f\u00f6rtroende. Jag ser fram emot med stor stolthet att tr\u00e4ffa m\u00e5nga av er vid rasens viktiga specialutst\u00e4llning.<\/p>\n\n\n\n<p>Vi ses snart!<\/p>\n\n\n\n<p><strong>Anthony Antunes<\/strong><strong><\/strong><\/p>\n","protected":false},"excerpt":{"rendered":"<p>Mitt namn \u00e4r Anthony Antunes, och jag \u00e4r vice ordf\u00f6rande i den franska klubben f\u00f6r irl\u00e4ndska varghundar och skotska hjorthundar, samt uppf\u00f6dare av hjorthundar under kennelnamnet Antonius Vertragus. Mitt \u00e4ventyr med rashundar och deras uppf\u00f6dning b\u00f6rjade redan i min barndom. Vid tio \u00e5rs \u00e5lder hade jag redan satt i minnet rasstandarder och egenskaper hos raser &hellip; <\/p>\n<p class=\"link-more\"><a href=\"https:\/\/skotlanninhirvikoirat.fi\/?page_id=4921\" class=\"more-link\">Continue reading<span class=\"screen-reader-text\"> &#8221;Special utst\u00e4llningens domarpresentation&#8221;<\/span><\/a><\/p>\n","protected":false},"author":12,"featured_media":0,"parent":0,"menu_order":0,"comment_status":"closed","ping_status":"closed","template":"","meta":{"footnotes":""},"class_list":["post-4921","page","type-page","status-publish","hentry"],"_links":{"self":[{"href":"https:\/\/skotlanninhirvikoirat.fi\/index.php?rest_route=\/wp\/v2\/pages\/4921","targetHints":{"allow":["GET"]}}],"collection":[{"href":"https:\/\/skotlanninhirvikoirat.fi\/index.php?rest_route=\/wp\/v2\/pages"}],"about":[{"href":"https:\/\/skotlanninhirvikoirat.fi\/index.php?rest_route=\/wp\/v2\/types\/page"}],"author":[{"embeddable":true,"href":"https:\/\/skotlanninhirvikoirat.fi\/index.php?rest_route=\/wp\/v2\/users\/12"}],"replies":[{"embeddable":true,"href":"https:\/\/skotlanninhirvikoirat.fi\/index.php?rest_route=%2Fwp%2Fv2%2Fcomments&post=4921"}],"version-history":[{"count":1,"href":"https:\/\/skotlanninhirvikoirat.fi\/index.php?rest_route=\/wp\/v2\/pages\/4921\/revisions"}],"predecessor-version":[{"id":4923,"href":"https:\/\/skotlanninhirvikoirat.fi\/index.php?rest_route=\/wp\/v2\/pages\/4921\/revisions\/4923"}],"wp:attachment":[{"href":"https:\/\/skotlanninhirvikoirat.fi\/index.php?rest_route=%2Fwp%2Fv2%2Fmedia&parent=4921"}],"curies":[{"name":"wp","href":"https:\/\/api.w.org\/{rel}","templated":true}]}}