{"id":4992,"date":"2026-02-24T23:28:39","date_gmt":"2026-02-24T21:28:39","guid":{"rendered":"https:\/\/skotlanninhirvikoirat.fi\/?page_id=4992"},"modified":"2026-02-25T13:31:38","modified_gmt":"2026-02-25T11:31:38","slug":"erikoisnayttely","status":"publish","type":"page","link":"https:\/\/skotlanninhirvikoirat.fi\/?page_id=4992","title":{"rendered":"Erikoisn\u00e4yttely"},"content":{"rendered":"\n<p>Skotlanninhirvikoirakerhon ensimm\u00e4inen virallinen erikoisn\u00e4yttely j\u00e4rjestet\u00e4\u00e4n 4.7.2026 Riihim\u00e4en seudun kennelkerhon Kennelmajalla, <a href=\"https:\/\/maps.app.goo.gl\/a4qoBtYszae78PoR9\">Kennelmajantie 12210 HAUSJ\u00c4R<\/a>VI<\/p>\n\n\n\n<p>Tuomarina rodun kasvattajatuomari, ranskalainen <strong>Anthony Antunes<\/strong>, <a href=\"https:\/\/antoniusvertragus.chiens-de-france.com\/levrier-ecossais\">Kennel Antonius Vertragus.<\/a><\/p>\n\n\n\n<p><a href=\"https:\/\/skotlanninhirvikoirat.fi\/?page_id=4908\">Lue Anthonyn esittely t\u00e4\u00e4lt\u00e4 &gt;&gt;<\/a><\/p>\n\n\n\n<figure class=\"wp-block-image\"><img loading=\"lazy\" decoding=\"async\" width=\"408\" height=\"479\" src=\"https:\/\/skotlanninhirvikoirat.fi\/wp-content\/uploads\/2025\/10\/Picture-1.jpg\" alt=\"\" class=\"wp-image-4902\" srcset=\"https:\/\/skotlanninhirvikoirat.fi\/wp-content\/uploads\/2025\/10\/Picture-1.jpg 408w, https:\/\/skotlanninhirvikoirat.fi\/wp-content\/uploads\/2025\/10\/Picture-1-256x300.jpg 256w\" sizes=\"auto, (max-width: 408px) 100vw, 408px\" \/><\/figure>\n\n\n\n<p><strong>ILMOITTAUTUMINEN<\/strong><br><strong>Ilmoittautuminen viimeist\u00e4\u00e4n 20.6.2026 menness\u00e4!<\/strong><br><br><strong>Ilmoittautumishinnat<\/strong><\/p>\n\n\n\n<figure class=\"wp-block-table\"><table class=\"has-fixed-layout\"><thead><tr><td>Luokka<\/td><td><strong>J\u00e4sen<\/strong><\/td><td><strong>Ei j\u00e4sen<\/strong><\/td><\/tr><\/thead><tbody><tr><td>Pennut<\/td><td>20 \u20ac<\/td><td>25 \u20ac<\/td><\/tr><tr><td>Jun, nuo, avo, valio, k\u00e4yt.<\/td><td>30 \u20ac<\/td><td>35 \u20ac<\/td><\/tr><tr><td>2. koira<\/td><td>25 \u20ac<\/td><td>30 \u20ac<\/td><\/tr><tr><td>3. koira ja sit\u00e4 seuraavat<\/td><td>20 \u20ac<\/td><td>25 \u20ac<\/td><\/tr><tr><td>Veteraanit (yli 8 vuotta)<\/td><td>0 \u20ac<\/td><td>0 \u20ac<\/td><\/tr><\/tbody><\/table><\/figure>\n\n\n\n<p><br>Skotlanninhirvikoirakerhon j\u00e4senille on k\u00e4yt\u00f6ss\u00e4 <a href=\"https:\/\/ilmoittautuminen.kennelliitto.fi\/frmIlmoittautuminen.aspx?N=13901&amp;Lang=FIN\">Showlinkin online-ilmoittautuminen<\/a><br><br><strong>EI J\u00c4SENTEN ilmoittautuminen vain s\u00e4hk\u00f6postitse tai kirjeitse!<\/strong> K\u00e4yt\u00e4 Kennelliiton lomaketta <a href=\"https:\/\/www.kennelliitto.fi\/lomakkeet\/ilmoittautumislomake-nayttelyyn-0\">https:\/\/www.kennelliitto.fi\/lomakkeet\/ilmoittautumislomake-nayttelyyn-0<\/a> Palauta s\u00e4hk\u00f6isesti t\u00e4ytetty lomake mieluiten s\u00e4hk\u00f6postilla <a href=\"mailto:nayttelytoimikunta@skotlanninhirvikoirat.fi\">nayttelytoimikunta@skotlanninhirvikoirat.fi<\/a> tai postilla Anki Lahtinen, Renumintie 155 B, 06200 Porvoo. HUOM! Ilman riitt\u00e4v\u00e4\u00e4 postimaksua olevia kirjeit\u00e4 ei lunasteta.<br><strong><br>Numerolaput toimitetaan vain s\u00e4hk\u00f6isesti!<\/strong><br><br><strong><a href=\"https:\/\/fb.me\/e\/3EsbZUhjt\">Seuraa tapahtuman ilmoittelua Facebookissa!<\/a><\/strong><\/p>\n","protected":false},"excerpt":{"rendered":"<p>Skotlanninhirvikoirakerhon ensimm\u00e4inen virallinen erikoisn\u00e4yttely j\u00e4rjestet\u00e4\u00e4n 4.7.2026 Riihim\u00e4en seudun kennelkerhon Kennelmajalla, Kennelmajantie 12210 HAUSJ\u00c4RVI Tuomarina rodun kasvattajatuomari, ranskalainen Anthony Antunes, Kennel Antonius Vertragus. Lue Anthonyn esittely t\u00e4\u00e4lt\u00e4 &gt;&gt; ILMOITTAUTUMINENIlmoittautuminen viimeist\u00e4\u00e4n 20.6.2026 menness\u00e4! Ilmoittautumishinnat Luokka J\u00e4sen Ei j\u00e4sen Pennut 20 \u20ac 25 \u20ac Jun, nuo, avo, valio, k\u00e4yt. 30 \u20ac 35 \u20ac 2. koira 25 \u20ac 30 &hellip; <\/p>\n<p class=\"link-more\"><a href=\"https:\/\/skotlanninhirvikoirat.fi\/?page_id=4992\" class=\"more-link\">Continue reading<span class=\"screen-reader-text\"> &#8221;Erikoisn\u00e4yttely&#8221;<\/span><\/a><\/p>\n","protected":false},"author":13,"featured_media":0,"parent":0,"menu_order":0,"comment_status":"closed","ping_status":"closed","template":"","meta":{"footnotes":""},"class_list":["post-4992","page","type-page","status-publish","hentry"],"_links":{"self":[{"href":"https:\/\/skotlanninhirvikoirat.fi\/index.php?rest_route=\/wp\/v2\/pages\/4992","targetHints":{"allow":["GET"]}}],"collection":[{"href":"https:\/\/skotlanninhirvikoirat.fi\/index.php?rest_route=\/wp\/v2\/pages"}],"about":[{"href":"https:\/\/skotlanninhirvikoirat.fi\/index.php?rest_route=\/wp\/v2\/types\/page"}],"author":[{"embeddable":true,"href":"https:\/\/skotlanninhirvikoirat.fi\/index.php?rest_route=\/wp\/v2\/users\/13"}],"replies":[{"embeddable":true,"href":"https:\/\/skotlanninhirvikoirat.fi\/index.php?rest_route=%2Fwp%2Fv2%2Fcomments&post=4992"}],"version-history":[{"count":4,"href":"https:\/\/skotlanninhirvikoirat.fi\/index.php?rest_route=\/wp\/v2\/pages\/4992\/revisions"}],"predecessor-version":[{"id":5003,"href":"https:\/\/skotlanninhirvikoirat.fi\/index.php?rest_route=\/wp\/v2\/pages\/4992\/revisions\/5003"}],"wp:attachment":[{"href":"https:\/\/skotlanninhirvikoirat.fi\/index.php?rest_route=%2Fwp%2Fv2%2Fmedia&parent=4992"}],"curies":[{"name":"wp","href":"https:\/\/api.w.org\/{rel}","templated":true}]}}