{"id":805,"date":"2014-09-06T21:48:07","date_gmt":"2014-09-06T18:48:07","guid":{"rendered":"http:\/\/skotlanninhirvikoirat.fi\/?page_id=805"},"modified":"2024-06-11T22:08:37","modified_gmt":"2024-06-11T19:08:37","slug":"tuotetori","status":"publish","type":"page","link":"https:\/\/skotlanninhirvikoirat.fi\/?page_id=805","title":{"rendered":"Kerhokauppa"},"content":{"rendered":"<h2><span style=\"color: #682b30;\">Tuotteita on mahdollisuus ostaa kerhon tapahtumissa sek\u00e4 rahastonhoitajan kautta postitettuna. <\/span>Postittaessa lis\u00e4t\u00e4\u00e4n tuotteiden hintaan toimitus-ja pakkausmateriaalikulut. Tuotteiden alta l\u00f6ytyy tilaustiedot.<\/h2>\n<p><img loading=\"lazy\" decoding=\"async\" class=\"alignnone size-medium wp-image-4363\" src=\"https:\/\/skotlanninhirvikoirat.fi\/wp-content\/uploads\/2024\/01\/IMG-20240116-WA0010-182x300.jpg\" alt=\"\" width=\"182\" height=\"300\" srcset=\"https:\/\/skotlanninhirvikoirat.fi\/wp-content\/uploads\/2024\/01\/IMG-20240116-WA0010-182x300.jpg 182w, https:\/\/skotlanninhirvikoirat.fi\/wp-content\/uploads\/2024\/01\/IMG-20240116-WA0010-621x1024.jpg 621w, https:\/\/skotlanninhirvikoirat.fi\/wp-content\/uploads\/2024\/01\/IMG-20240116-WA0010-164x270.jpg 164w, https:\/\/skotlanninhirvikoirat.fi\/wp-content\/uploads\/2024\/01\/IMG-20240116-WA0010.jpg 669w\" sizes=\"auto, (max-width: 182px) 100vw, 182px\" \/> <img loading=\"lazy\" decoding=\"async\" class=\"alignnone size-medium wp-image-4364\" src=\"https:\/\/skotlanninhirvikoirat.fi\/wp-content\/uploads\/2024\/01\/IMG-20240116-WA0011-182x300.jpg\" alt=\"\" width=\"182\" height=\"300\" srcset=\"https:\/\/skotlanninhirvikoirat.fi\/wp-content\/uploads\/2024\/01\/IMG-20240116-WA0011-182x300.jpg 182w, https:\/\/skotlanninhirvikoirat.fi\/wp-content\/uploads\/2024\/01\/IMG-20240116-WA0011-620x1024.jpg 620w, https:\/\/skotlanninhirvikoirat.fi\/wp-content\/uploads\/2024\/01\/IMG-20240116-WA0011-163x270.jpg 163w, https:\/\/skotlanninhirvikoirat.fi\/wp-content\/uploads\/2024\/01\/IMG-20240116-WA0011.jpg 674w\" sizes=\"auto, (max-width: 182px) 100vw, 182px\" \/><img loading=\"lazy\" decoding=\"async\" class=\"alignnone size-medium wp-image-4362\" src=\"https:\/\/skotlanninhirvikoirat.fi\/wp-content\/uploads\/2024\/01\/IMG-20240116-WA0009-162x300.jpg\" alt=\"\" width=\"162\" height=\"300\" srcset=\"https:\/\/skotlanninhirvikoirat.fi\/wp-content\/uploads\/2024\/01\/IMG-20240116-WA0009-162x300.jpg 162w, https:\/\/skotlanninhirvikoirat.fi\/wp-content\/uploads\/2024\/01\/IMG-20240116-WA0009-553x1024.jpg 553w, https:\/\/skotlanninhirvikoirat.fi\/wp-content\/uploads\/2024\/01\/IMG-20240116-WA0009-146x270.jpg 146w, https:\/\/skotlanninhirvikoirat.fi\/wp-content\/uploads\/2024\/01\/IMG-20240116-WA0009.jpg 720w\" sizes=\"auto, (max-width: 162px) 100vw, 162px\" \/><\/p>\n<p><img loading=\"lazy\" decoding=\"async\" class=\"alignnone size-medium wp-image-4357\" src=\"https:\/\/skotlanninhirvikoirat.fi\/wp-content\/uploads\/2024\/01\/IMG-20240116-WA0003-224x300.jpg\" alt=\"\" width=\"224\" height=\"300\" srcset=\"https:\/\/skotlanninhirvikoirat.fi\/wp-content\/uploads\/2024\/01\/IMG-20240116-WA0003-224x300.jpg 224w, https:\/\/skotlanninhirvikoirat.fi\/wp-content\/uploads\/2024\/01\/IMG-20240116-WA0003-766x1024.jpg 766w, https:\/\/skotlanninhirvikoirat.fi\/wp-content\/uploads\/2024\/01\/IMG-20240116-WA0003-768x1027.jpg 768w, https:\/\/skotlanninhirvikoirat.fi\/wp-content\/uploads\/2024\/01\/IMG-20240116-WA0003-202x270.jpg 202w, https:\/\/skotlanninhirvikoirat.fi\/wp-content\/uploads\/2024\/01\/IMG-20240116-WA0003.jpg 777w\" sizes=\"auto, (max-width: 224px) 100vw, 224px\" \/> Lyhdyt koon mukaan 20-25-30\u20ac<\/p>\n<p><img loading=\"lazy\" decoding=\"async\" class=\"alignnone size-medium wp-image-4390\" src=\"https:\/\/skotlanninhirvikoirat.fi\/wp-content\/uploads\/2024\/02\/FB_IMG_1709228061034-300x240.jpg\" alt=\"\" width=\"300\" height=\"240\" srcset=\"https:\/\/skotlanninhirvikoirat.fi\/wp-content\/uploads\/2024\/02\/FB_IMG_1709228061034-300x240.jpg 300w, https:\/\/skotlanninhirvikoirat.fi\/wp-content\/uploads\/2024\/02\/FB_IMG_1709228061034-1024x818.jpg 1024w, https:\/\/skotlanninhirvikoirat.fi\/wp-content\/uploads\/2024\/02\/FB_IMG_1709228061034-768x614.jpg 768w, https:\/\/skotlanninhirvikoirat.fi\/wp-content\/uploads\/2024\/02\/FB_IMG_1709228061034-338x270.jpg 338w, https:\/\/skotlanninhirvikoirat.fi\/wp-content\/uploads\/2024\/02\/FB_IMG_1709228061034.jpg 1080w\" sizes=\"auto, (max-width: 300px) 100vw, 300px\" \/><\/p>\n<p>Tarrat 2e\/kpl<\/p>\n<p><img loading=\"lazy\" decoding=\"async\" class=\"alignnone size-medium wp-image-4356\" src=\"https:\/\/skotlanninhirvikoirat.fi\/wp-content\/uploads\/2024\/01\/IMG-20240116-WA0002-209x300.jpg\" alt=\"\" width=\"209\" height=\"300\" srcset=\"https:\/\/skotlanninhirvikoirat.fi\/wp-content\/uploads\/2024\/01\/IMG-20240116-WA0002-209x300.jpg 209w, https:\/\/skotlanninhirvikoirat.fi\/wp-content\/uploads\/2024\/01\/IMG-20240116-WA0002-712x1024.jpg 712w, https:\/\/skotlanninhirvikoirat.fi\/wp-content\/uploads\/2024\/01\/IMG-20240116-WA0002-768x1104.jpg 768w, https:\/\/skotlanninhirvikoirat.fi\/wp-content\/uploads\/2024\/01\/IMG-20240116-WA0002-188x270.jpg 188w, https:\/\/skotlanninhirvikoirat.fi\/wp-content\/uploads\/2024\/01\/IMG-20240116-WA0002.jpg 777w\" sizes=\"auto, (max-width: 209px) 100vw, 209px\" \/><\/p>\n<p>Painokuva 25\u20ac (Capitana Art:n Skotlanninhirvikoirakerholle piirt\u00e4m\u00e4 kuva, koko A3. Kuva on taiteilijan signeerama, painokset numeroitu.)<\/p>\n<p>Postikortti 1\u20ac<\/p>\n<p>Tarra 2\u20ac<\/p>\n<p>Avaimenper\u00e4 4\u20ac<\/p>\n<p>Parkkikiekko 5\u20ac<\/p>\n<p><img loading=\"lazy\" decoding=\"async\" class=\"alignnone size-medium wp-image-4360\" src=\"https:\/\/skotlanninhirvikoirat.fi\/wp-content\/uploads\/2024\/01\/IMG-20240116-WA0007-300x230.jpg\" alt=\"\" width=\"300\" height=\"230\" srcset=\"https:\/\/skotlanninhirvikoirat.fi\/wp-content\/uploads\/2024\/01\/IMG-20240116-WA0007-300x230.jpg 300w, https:\/\/skotlanninhirvikoirat.fi\/wp-content\/uploads\/2024\/01\/IMG-20240116-WA0007-768x588.jpg 768w, https:\/\/skotlanninhirvikoirat.fi\/wp-content\/uploads\/2024\/01\/IMG-20240116-WA0007-352x270.jpg 352w, https:\/\/skotlanninhirvikoirat.fi\/wp-content\/uploads\/2024\/01\/IMG-20240116-WA0007.jpg 1014w\" sizes=\"auto, (max-width: 300px) 100vw, 300px\" \/><\/p>\n<p>Pipo(eri v\u00e4rej\u00e4), tuubihuivi tai k\u00e4\u00e4nt\u00f6huivi 10\u20ac\/kpl<\/p>\n<p>Metallinen avaimenper\u00e4 5\u20ac<\/p>\n<p><img loading=\"lazy\" decoding=\"async\" class=\"alignnone size-medium wp-image-4361\" src=\"https:\/\/skotlanninhirvikoirat.fi\/wp-content\/uploads\/2024\/01\/IMG-20240116-WA0008-300x163.jpg\" alt=\"\" width=\"300\" height=\"163\" srcset=\"https:\/\/skotlanninhirvikoirat.fi\/wp-content\/uploads\/2024\/01\/IMG-20240116-WA0008-300x163.jpg 300w, https:\/\/skotlanninhirvikoirat.fi\/wp-content\/uploads\/2024\/01\/IMG-20240116-WA0008-1024x556.jpg 1024w, https:\/\/skotlanninhirvikoirat.fi\/wp-content\/uploads\/2024\/01\/IMG-20240116-WA0008-768x417.jpg 768w, https:\/\/skotlanninhirvikoirat.fi\/wp-content\/uploads\/2024\/01\/IMG-20240116-WA0008-498x270.jpg 498w, https:\/\/skotlanninhirvikoirat.fi\/wp-content\/uploads\/2024\/01\/IMG-20240116-WA0008.jpg 1432w\" sizes=\"auto, (max-width: 300px) 100vw, 300px\" \/><\/p>\n<p>Muistikirja (musta tai harmaa) 6\u20ac<\/p>\n<p>Pannunalusta 6\u20ac<\/p>\n<p>Mukin alusta 4\u20ac<\/p>\n<p>Namipussi 16\u20ac<\/p>\n<p><img loading=\"lazy\" decoding=\"async\" class=\"alignnone size-medium wp-image-4359\" src=\"https:\/\/skotlanninhirvikoirat.fi\/wp-content\/uploads\/2024\/01\/IMG-20240116-WA0006-300x229.jpg\" alt=\"\" width=\"300\" height=\"229\" srcset=\"https:\/\/skotlanninhirvikoirat.fi\/wp-content\/uploads\/2024\/01\/IMG-20240116-WA0006-300x229.jpg 300w, https:\/\/skotlanninhirvikoirat.fi\/wp-content\/uploads\/2024\/01\/IMG-20240116-WA0006-768x587.jpg 768w, https:\/\/skotlanninhirvikoirat.fi\/wp-content\/uploads\/2024\/01\/IMG-20240116-WA0006-353x270.jpg 353w, https:\/\/skotlanninhirvikoirat.fi\/wp-content\/uploads\/2024\/01\/IMG-20240116-WA0006.jpg 1017w\" sizes=\"auto, (max-width: 300px) 100vw, 300px\" \/><\/p>\n<p>Huopashopper 25\u20ac<\/p>\n<p><img loading=\"lazy\" decoding=\"async\" class=\"wp-image-4005 size-medium\" src=\"https:\/\/skotlanninhirvikoirat.fi\/wp-content\/uploads\/2021\/04\/FB_IMG_1592900906407-216x300.jpg\" alt=\"Kangaskassi\" width=\"216\" height=\"300\" srcset=\"https:\/\/skotlanninhirvikoirat.fi\/wp-content\/uploads\/2021\/04\/FB_IMG_1592900906407-216x300.jpg 216w, https:\/\/skotlanninhirvikoirat.fi\/wp-content\/uploads\/2021\/04\/FB_IMG_1592900906407-768x1067.jpg 768w, https:\/\/skotlanninhirvikoirat.fi\/wp-content\/uploads\/2021\/04\/FB_IMG_1592900906407-737x1024.jpg 737w, https:\/\/skotlanninhirvikoirat.fi\/wp-content\/uploads\/2021\/04\/FB_IMG_1592900906407-194x270.jpg 194w, https:\/\/skotlanninhirvikoirat.fi\/wp-content\/uploads\/2021\/04\/FB_IMG_1592900906407.jpg 1069w\" sizes=\"auto, (max-width: 216px) 100vw, 216px\" \/> Kangaskassi 2\u20ac<\/p>\n<p><em><span style=\"color: inherit; font-size: 1.95em;\">Tilaukset<\/span><\/em><\/p>\n<p><span style=\"font-size: inherit;\">Tilaus osoitteeseen: rahastonhoitaja(at)skotlanninhirvikoirat.fi. Tilaukseen tuotetiedot, toimitusosoite sek\u00e4 tilaajan nimi ja puhelinnumero pakettiseurantaa varten.\u00a0<\/span><\/p>\n<p>Tuote ja toimituskulut ja pakkausmateriaalikulut maksetaan tilille: FI5445107720014257 ja viitenumerona k\u00e4ytet\u00e4\u00e4n 23016. Maksun saaja SHKK ry ja viestiin tilattavat tuotteet ja tilaajan nimi jos se on eri kuin maksaja.<\/p>\n\n\n<p><\/p>\n","protected":false},"excerpt":{"rendered":"<p>Tuotteita on mahdollisuus ostaa kerhon tapahtumissa sek\u00e4 rahastonhoitajan kautta postitettuna. Postittaessa lis\u00e4t\u00e4\u00e4n tuotteiden hintaan toimitus-ja pakkausmateriaalikulut. Tuotteiden alta l\u00f6ytyy tilaustiedot. Lyhdyt koon mukaan 20-25-30\u20ac Tarrat 2e\/kpl Painokuva 25\u20ac (Capitana Art:n Skotlanninhirvikoirakerholle piirt\u00e4m\u00e4 kuva, koko A3. Kuva on taiteilijan signeerama, painokset numeroitu.) Postikortti 1\u20ac Tarra 2\u20ac Avaimenper\u00e4 4\u20ac Parkkikiekko 5\u20ac Pipo(eri v\u00e4rej\u00e4), tuubihuivi tai k\u00e4\u00e4nt\u00f6huivi 10\u20ac\/kpl &hellip; <\/p>\n<p class=\"link-more\"><a href=\"https:\/\/skotlanninhirvikoirat.fi\/?page_id=805\" class=\"more-link\">Continue reading<span class=\"screen-reader-text\"> &#8221;Kerhokauppa&#8221;<\/span><\/a><\/p>\n","protected":false},"author":1,"featured_media":0,"parent":0,"menu_order":0,"comment_status":"closed","ping_status":"open","template":"","meta":{"footnotes":""},"class_list":["post-805","page","type-page","status-publish","hentry"],"_links":{"self":[{"href":"https:\/\/skotlanninhirvikoirat.fi\/index.php?rest_route=\/wp\/v2\/pages\/805","targetHints":{"allow":["GET"]}}],"collection":[{"href":"https:\/\/skotlanninhirvikoirat.fi\/index.php?rest_route=\/wp\/v2\/pages"}],"about":[{"href":"https:\/\/skotlanninhirvikoirat.fi\/index.php?rest_route=\/wp\/v2\/types\/page"}],"author":[{"embeddable":true,"href":"https:\/\/skotlanninhirvikoirat.fi\/index.php?rest_route=\/wp\/v2\/users\/1"}],"replies":[{"embeddable":true,"href":"https:\/\/skotlanninhirvikoirat.fi\/index.php?rest_route=%2Fwp%2Fv2%2Fcomments&post=805"}],"version-history":[{"count":25,"href":"https:\/\/skotlanninhirvikoirat.fi\/index.php?rest_route=\/wp\/v2\/pages\/805\/revisions"}],"predecessor-version":[{"id":4492,"href":"https:\/\/skotlanninhirvikoirat.fi\/index.php?rest_route=\/wp\/v2\/pages\/805\/revisions\/4492"}],"wp:attachment":[{"href":"https:\/\/skotlanninhirvikoirat.fi\/index.php?rest_route=%2Fwp%2Fv2%2Fmedia&parent=805"}],"curies":[{"name":"wp","href":"https:\/\/api.w.org\/{rel}","templated":true}]}}