{"id":9,"date":"2014-06-11T23:15:51","date_gmt":"2014-06-11T20:15:51","guid":{"rendered":"http:\/\/skotlanninhirvikoirat.fi\/?page_id=9"},"modified":"2024-06-11T22:14:53","modified_gmt":"2024-06-11T19:14:53","slug":"rotu","status":"publish","type":"page","link":"https:\/\/skotlanninhirvikoirat.fi\/?page_id=9","title":{"rendered":"Skotlanninhirvikoira"},"content":{"rendered":"<div class=\"fw-paragraph\">\n<h1 class=\"fw-title\" style=\"color: #682b30;\"><\/h1>\n<div class=\"fw-text\">\n<div align=\"center\">\n<figure id=\"attachment_74\" aria-describedby=\"caption-attachment-74\" style=\"width: 520px\" class=\"wp-caption alignnone\"><a href=\"http:\/\/skotlanninhirvikoirat.fi\/wp-content\/uploads\/2014\/06\/SKOTTI3_rotusivulle.jpg\"><img loading=\"lazy\" decoding=\"async\" class=\"wp-image-74 size-full\" src=\"http:\/\/skotlanninhirvikoirat.fi\/wp-content\/uploads\/2014\/06\/SKOTTI3_rotusivulle.jpg\" alt=\"\" width=\"520\" height=\"350\" srcset=\"https:\/\/skotlanninhirvikoirat.fi\/wp-content\/uploads\/2014\/06\/SKOTTI3_rotusivulle.jpg 520w, https:\/\/skotlanninhirvikoirat.fi\/wp-content\/uploads\/2014\/06\/SKOTTI3_rotusivulle-401x270.jpg 401w, https:\/\/skotlanninhirvikoirat.fi\/wp-content\/uploads\/2014\/06\/SKOTTI3_rotusivulle-300x202.jpg 300w\" sizes=\"auto, (max-width: 520px) 100vw, 520px\" \/><\/a><figcaption id=\"caption-attachment-74\" class=\"wp-caption-text\">Rodunomainen skotlanninhirvikoira<\/figcaption><\/figure>\n<\/div>\n<p>Skotlanninhirvikoira kuuluu vinttikoirien ryhm\u00e4\u00e4n, joka on yksi maailman vanhimmista koiraryhmist\u00e4. Viitteit\u00e4 vinttikoirista l\u00f6ytyy Afrikasta sek\u00e4 L\u00e4hi- ja Keski-Aasiasta ainakin 5000 vuoden takaa. Vinttikoirat mets\u00e4st\u00e4v\u00e4t avoimessa maastossa tarkan n\u00e4k\u00f6ns\u00e4 avulla juosten saalinsa kiinni. T\u00e4m\u00e4n vuoksi ne ovat kehittyneet kapeiksi ja sulavalinjaisiksi. Juuri t\u00e4h\u00e4n linjakkuuteen ja arvokkuuteen ovat monet ihastuneet ja ehk\u00e4 juuri siksi eri vinttikoirarodut ovat olleet ylimyst\u00f6n koiria miltein n\u00e4ihin aikoihin asti. Vinttikoirien voisi v\u00e4itt\u00e4\u00e4 olevan my\u00f6s luonteeltaan kaikista koirista eniten kissamaisia. T\u00e4st\u00e4 esimerkkin\u00e4 toisinaan kyseenalaistettu omistajan pyynn\u00f6n j\u00e4rkevyys, joka saattaa j\u00e4\u00e4d\u00e4 esim. mukavuudenhaluiselta skotilta t\u00e4ytt\u00e4m\u00e4tt\u00e4, mik\u00e4li koira pit\u00e4\u00e4 teht\u00e4v\u00e4\u00e4 t\u00e4ysin typer\u00e4n\u00e4.<\/p>\n<p>Kenen mukana ja milloin vinttikoirat ovat kulkeutuneet Brittein saarille on monia arviota. Skotlanninhirvikoiran alkuper\u00e4st\u00e4 ei ole tarkkaa tietoa, mutta rodusta on mainintoja jo ennen keskiaikaa ja koirat ovat olleet ylimyst\u00f6n omistamia eri aikoina. Skotlannissa klaanip\u00e4\u00e4llik\u00f6iden aikaan hirvikoira on ollut arvostettu ja rohkea mets\u00e4st\u00e4j\u00e4, joka on hillitty ja charmikas kotioloissa. N\u00e4m\u00e4 hyveet ovat edelleen osa skotteja.<\/p>\n<p>Lukum\u00e4\u00e4r\u00e4isesti skotlanninhirvikoirat ovat melko harvinaisia Suomessa ja muualla. Pariin otteeseen rotu on l\u00e4hes kadonnut sukupuuttoon. Esimerkiksi klaanij\u00e4rjestelm\u00e4n kaatuessa Skotlannissa 1700-luvun puoliv\u00e4liss\u00e4 my\u00f6s koirakanta vaarantui. Onneksi rodun olemassaolo on saatu aina elvytetty\u00e4. Ensimm\u00e4inen skotti tuotiin Suomeen 1960-luvulla.<\/p>\n<p>Skotlanninhirvikoiran ulkon\u00e4k\u00f6 puhuttelee samalla karuudellaan ja kauneudellaan. Skotin karkea turkki suojaa kosteudelta sek\u00e4 koleudelta ja on ulkon\u00e4\u00f6st\u00e4\u00e4n huolimatta helppohoitoinen. Rotu on olemukseltaan lempe\u00e4, s\u00e4yse\u00e4 ja is\u00e4nt\u00e4v\u00e4keen kiintyv\u00e4. Toisaalta joskus skotti saattaa luoda varautuneen katseen vieraita ihmisi\u00e4 ja el\u00e4imi\u00e4 kohtaan. Skotti sopii hyvin suomalaiseen luontoon ja luonteeseen. Se pit\u00e4\u00e4 yht\u00e4 paljon luonnossa liikkumisesta kuin kotisohvastaankin ja on siis suorastaan inhimillinen koirarotu.<\/p>\n<\/div>\n<\/div>\n<div class=\"fw-paragraph\">\n<h1 class=\"fw-title\" style=\"color: #682b30;\"><span style=\"color: #682b30;\">Rotum\u00e4\u00e4ritelm\u00e4<\/span><\/h1>\n<p>Skotlanninhirvikoira, deerhound<br \/>\nAlkuper\u00e4maa: Iso-Britannia<br \/>\nRyhm\u00e4: 10 vinttikoirat, alaryhm\u00e4 2, karkeakarvaiset vinttikoirat<br \/>\nFCI-numero: 164<br \/>\nHyv\u00e4ksytty: FCI 5.12.2012<br \/>\nKennelliitto: 19.2.2013<\/p>\n<\/div>\n<p>K\u00c4YTT\u00d6TARKOITUS: Rata- ja maastojuoksija, n\u00e4\u00f6ll\u00e4\u00e4n mets\u00e4st\u00e4v\u00e4\u00a0vinttikoira sek\u00e4 seurakoira.\u00a0K\u00e4ytt\u00f6koetulosta ei vaadita.<\/p>\n<p>LYHYT HISTORIAOSUUS: Historian h\u00e4m\u00e4r\u00e4 peitt\u00e4\u00e4 skotlanninhirvikoiran\u00a0alkuper\u00e4\u00e4, mutta voidaan perustellusti arvella, ett\u00e4 rotu on mahdollisesti saapunut\u00a0Skotlantiin foinikialaisten kauppiaiden mukana. Varmasti kuitenkin tiedet\u00e4\u00e4n, ett\u00e4\u00a0Skotlannissa oli t\u00e4m\u00e4ntyyppisi\u00e4 nopeita mets\u00e4styskoiria jo roomalaisten tullessa\u00a0maahan. Rotua on k\u00e4ytetty saksanhirven mets\u00e4stykseen jo tuhannen vuoden ajan.<br \/>\nVaikka rotua nykyisin n\u00e4keekin useammin n\u00e4yttelykehiss\u00e4, tyyppi on pysynyt\u00a0samana vuosisatoja.<\/p>\n<p>YLEISVAIKUTELMA: Muistuttaa karkeakarvaista englanninvinttikoiraa mutta\u00a0on sit\u00e4 kookkaampi ja vahvaluustoisempi.<\/p>\n<p>K\u00c4YTT\u00c4YTYMINEN \/ LUONNE: Koiran ulkomuodossa kiteytyy\u00a0ainutlaatuinen nopeuden, voiman ja kest\u00e4vyyden yhdistelm\u00e4, jota vaaditaan\u00a0aikuisen saksanhirven kaatamiseen, mutta sen olemus kuvastaa kuitenkin lempe\u00e4\u00e4\u00a0arvokkuutta. Yst\u00e4v\u00e4llinen ja lempe\u00e4, tottelevainen ja miellytt\u00e4mishalunsa vuoksi\u00a0helposti koulutettava. Rauhallinen ja luonteeltaan tasainen, ei koskaan\u00a0ep\u00e4luuloinen, vihainen tai hermostunut. K\u00e4ytt\u00e4ytyy rauhallisen arvokkaasti.<\/p>\n<p>P\u00c4\u00c4: Pitk\u00e4.<br \/>\nKallo: Tasainen, ei py\u00f6re\u00e4, kohoaa hieman silmien yl\u00e4puolella. Kallo levein\u00a0korvien kohdalla; kapenee hieman silmi\u00e4 kohden. Kalloa peitt\u00e4\u00e4 kohtalaisen pitk\u00e4\u00a0karva, joka on pehme\u00e4mp\u00e4\u00e4 kuin muu karvapeite.<br \/>\nOtsapenger: Ei otsapengert\u00e4.<br \/>\nKirsu: Hieman ulkoneva ja v\u00e4rilt\u00e4\u00e4n musta.<br \/>\nKuono: Kapenee selv\u00e4sti kirsua kohden. Vaaleilla koirilla musta kuono suotava.<br \/>\nHuulet: Tasaiset. Selv\u00e4t, melko silkkiset viikset ja hieman partaa.<br \/>\nLeuat \/ hampaat \/ purenta: Leuat ovat voimakkaat. T\u00e4ydellinen, s\u00e4\u00e4nn\u00f6llinen ja\u00a0t\u00e4ysihampainen leikkaava purenta, ts. alaleuan etuhampaat koskettavat kevyesti\u00a0yl\u00e4leuan etuhampaiden takapintaa; hampaat ovat suorassa kulmassa leukoihin\u00a0n\u00e4hden.<br \/>\nSilm\u00e4t: Tummat, yleens\u00e4 tumman- tai p\u00e4hkin\u00e4nruskeat. Vaaleat silm\u00e4t eiv\u00e4t\u00a0toivottavat. Kohtuullisen py\u00f6re\u00e4t. Rauhallisen koiran ilme on pehme\u00e4,\u00a0valpastuneen koiran ter\u00e4v\u00e4 ja et\u00e4inen. Luomien reunat mustat.<br \/>\nKorvat: Korkealle kiinnittyneet ruusukorvat, levossa taakse taittuneet. Koiran\u00a0innostuessa korvat nousevat p\u00e4\u00e4n yl\u00e4puolelle menett\u00e4m\u00e4tt\u00e4 taitettaan, joskus\u00a0puolipystyt. Korvat mahdollisimman pienet. Karva pehme\u00e4\u00e4, kiilt\u00e4v\u00e4\u00e4,\u00a0kosketettaessa muistuttaa hiiren karvaa, ei pitk\u00e4\u00e4 karvaa tai hapsuja.\u00a0Suuret, paksut, litte\u00e4sti p\u00e4\u00e4n sivuilla riippuvat tai pystyt korvat ovat eritt\u00e4in\u00a0ep\u00e4toivottavat. V\u00e4rilt\u00e4\u00e4n mustat tai tummat.<\/p>\n<p>KAULA: Eritt\u00e4in voimakas ja pitk\u00e4, joskus harjan peitt\u00e4m\u00e4. Niskan ja p\u00e4\u00e4n\u00a0liittym\u00e4kohta hyvin erottuva. Ei l\u00f6ys\u00e4\u00e4 kaulanahkaa.<\/p>\n<p>RUNKO: Runko ja rakenne kuin kookkaalla ja voimakasluustoisella \u00a0englanninvinttikoiralla.<br \/>\nSelk\u00e4: Tasainen yl\u00e4linja ei ole toivottavaa.<br \/>\nLanne: Hyvin kaareutuva ja h\u00e4nt\u00e4\u00e4 kohden laskeva.<br \/>\nLantio: Laskeva, leve\u00e4 ja voimakas. Sarvennaiset kaukana toisistaan.<br \/>\nRintakeh\u00e4: Syv\u00e4 ennemmin kuin leve\u00e4, ei liian kapea eik\u00e4 litte\u00e4.<\/p>\n<p>H\u00c4NT\u00c4: Pitk\u00e4, tyvest\u00e4 paksu, ohenee k\u00e4rke\u00e4 kohden ja ulottuu l\u00e4hes maahan asti.\u00a0Koiran seistess\u00e4 h\u00e4nt\u00e4 riippuu suorana alas tai kaareutuu, koiran liikkuessa h\u00e4nt\u00e4\u00a0kaareutuu, mutta ei koskaan nouse selk\u00e4linjan yl\u00e4puolelle. Kauttaaltaan karvainen,\u00a0h\u00e4nn\u00e4n yl\u00e4pinnalla karva on tihe\u00e4\u00e4 ja karkeaa, alapuolella pitemp\u00e4\u00e4; k\u00e4rjen\u00a0v\u00e4h\u00e4iset hapsut eiv\u00e4t ole virhe. Kierteinen tai silmukkah\u00e4nt\u00e4 ei toivottava.<\/p>\n<p>RAAJAT<br \/>\nETURAAJAT:<br \/>\nYleisvaikutelma: Suorat, leve\u00e4t ja litte\u00e4luiset.<br \/>\nLavat: Viistot, eiv\u00e4t liian kaukana toisistaan. Raskaat ja pystyt lavat ei toivottavat.<br \/>\nKyyn\u00e4rp\u00e4\u00e4t: Luustoltaan leve\u00e4t kyyn\u00e4rp\u00e4\u00e4t toivottavat.<br \/>\nKyyn\u00e4rvarret: Luustoltaan leve\u00e4t kyyn\u00e4rvarret toivottavat.<br \/>\nEtuk\u00e4p\u00e4l\u00e4t: Tiiviit; varpaat hyvin kaareutuvat. Kynnet vahvat.<\/p>\n<p>TAKARAAJAT:<br \/>\nYleisvaikutelma: Lonkan ja kintereen v\u00e4li hyvin pitk\u00e4. Luut leve\u00e4t ja litte\u00e4t.<br \/>\nPolvet: Hyvin kulmautuneet.<br \/>\nTakak\u00e4p\u00e4l\u00e4t: Tiiviit; varpaat hyvin kaareutuvat. Kynnet vahvat.<\/p>\n<p>LIIKKEET: Vaivattomat, tehokkaat, yhdensuuntaiset; pitk\u00e4 sivuaskel.<\/p>\n<p>KARVAPEITE:<br \/>\nKarva: Karhea, pitk\u00e4hk\u00f6 mutta ei liian runsas. Paksu, ihonmy\u00f6t\u00e4inen ja karkea,\u00a0kosketettaessa karhea tai kova. Karvapeite rungossa, kaulassa ja reisiss\u00e4 karkeaa ja\u00a0kovaa, n. 8\u201310 cm pitk\u00e4\u00e4; p\u00e4\u00e4ss\u00e4, rinnassa ja vatsassa paljon pehme\u00e4mp\u00e4\u00e4. Etu- ja\u00a0takaraajojen sis\u00e4pinnoilla hieman hapsuja. Villava turkki ei ole hyv\u00e4ksytt\u00e4v\u00e4.<br \/>\nV\u00e4ri: Tumman siniharmaa, tummemman tai vaaleamman harmaa, juovikas\u00a0(brindle) tai keltainen, hiekan- tai kellanpunainen, jolla kuono ja korvat mustat\u00a0(black points).<br \/>\nValkea rinta, valkeat varpaat ja pieni valkea merkki h\u00e4nn\u00e4np\u00e4\u00e4ss\u00e4 ovat sallittuja,\u00a0mutta mit\u00e4 v\u00e4hemm\u00e4n valkoista, sen parempi, sill\u00e4 kyseess\u00e4 on yksiv\u00e4rinen koira.<br \/>\nValkoinen l\u00e4ikk\u00e4 p\u00e4\u00e4ss\u00e4 tai valkoinen kaulus eiv\u00e4t ole hyv\u00e4ksytt\u00e4vi\u00e4.<\/p>\n<p>KOKO:<br \/>\nS\u00e4k\u00e4korkeus: Uroksilla v\u00e4hint\u00e4\u00e4n 76 cm, nartuilla 71 cm.<br \/>\nPaino: Uroksilla n. 45,5 kg, nartuilla n. 36,5 kg.<\/p>\n<p>VIRHEET: Kaikki poikkeamat edell\u00e4 mainituista kohdista luetaan virheiksi\u00a0suhteutettuna virheen vakavuuteen ja sen vaikutukseen koiran terveyteen ja\u00a0hyvinvointiin sek\u00e4 kykyyn toimia perinteisess\u00e4 k\u00e4ytt\u00f6tarkoituksessa.<\/p>\n<p>HYLK\u00c4\u00c4V\u00c4T VIRHEET:<br \/>\n\u2022 Vihaisuus tai liiallinen arkuus<br \/>\n\u2022 Selv\u00e4sti ep\u00e4normaali rakenne tai k\u00e4ytt\u00e4ytyminen.<br \/>\nHUOM. Uroksilla tulee olla kaksi normaalisti kehittynytt\u00e4 kivest\u00e4 t\u00e4ysin\u00a0laskeutuneina kivespussiin.<br \/>\nJalostukseen tulee k\u00e4ytt\u00e4\u00e4 vain toiminnallisesti ja kliinisesti terveit\u00e4, rakenteeltaan<br \/>\nrodunomaisia koiria.<\/p>\n<p><a href=\"http:\/\/www.kennelliitto.fi\/sites\/default\/files\/attachments\/rotumaaritelmat\/fci_10\/10skotlanninhirvikoira.pdf\" target=\"_blank\" rel=\"noopener\">Rotum\u00e4\u00e4ritelm\u00e4-PDF<\/a><\/p>\n<div class=\"fw-paragraph\"><\/div>\n","protected":false},"excerpt":{"rendered":"<p>Skotlanninhirvikoira kuuluu vinttikoirien ryhm\u00e4\u00e4n, joka on yksi maailman vanhimmista koiraryhmist\u00e4. Viitteit\u00e4 vinttikoirista l\u00f6ytyy Afrikasta sek\u00e4 L\u00e4hi- ja Keski-Aasiasta ainakin 5000 vuoden takaa. Vinttikoirat mets\u00e4st\u00e4v\u00e4t avoimessa maastossa tarkan n\u00e4k\u00f6ns\u00e4 avulla juosten saalinsa kiinni. T\u00e4m\u00e4n vuoksi ne ovat kehittyneet kapeiksi ja sulavalinjaisiksi. Juuri t\u00e4h\u00e4n linjakkuuteen ja arvokkuuteen ovat monet ihastuneet ja ehk\u00e4 juuri siksi eri vinttikoirarodut ovat &hellip; <\/p>\n<p class=\"link-more\"><a href=\"https:\/\/skotlanninhirvikoirat.fi\/?page_id=9\" class=\"more-link\">Continue reading<span class=\"screen-reader-text\"> &#8221;Skotlanninhirvikoira&#8221;<\/span><\/a><\/p>\n","protected":false},"author":1,"featured_media":0,"parent":0,"menu_order":2,"comment_status":"closed","ping_status":"open","template":"","meta":{"footnotes":""},"class_list":["post-9","page","type-page","status-publish","hentry"],"_links":{"self":[{"href":"https:\/\/skotlanninhirvikoirat.fi\/index.php?rest_route=\/wp\/v2\/pages\/9","targetHints":{"allow":["GET"]}}],"collection":[{"href":"https:\/\/skotlanninhirvikoirat.fi\/index.php?rest_route=\/wp\/v2\/pages"}],"about":[{"href":"https:\/\/skotlanninhirvikoirat.fi\/index.php?rest_route=\/wp\/v2\/types\/page"}],"author":[{"embeddable":true,"href":"https:\/\/skotlanninhirvikoirat.fi\/index.php?rest_route=\/wp\/v2\/users\/1"}],"replies":[{"embeddable":true,"href":"https:\/\/skotlanninhirvikoirat.fi\/index.php?rest_route=%2Fwp%2Fv2%2Fcomments&post=9"}],"version-history":[{"count":1,"href":"https:\/\/skotlanninhirvikoirat.fi\/index.php?rest_route=\/wp\/v2\/pages\/9\/revisions"}],"predecessor-version":[{"id":4496,"href":"https:\/\/skotlanninhirvikoirat.fi\/index.php?rest_route=\/wp\/v2\/pages\/9\/revisions\/4496"}],"wp:attachment":[{"href":"https:\/\/skotlanninhirvikoirat.fi\/index.php?rest_route=%2Fwp%2Fv2%2Fmedia&parent=9"}],"curies":[{"name":"wp","href":"https:\/\/api.w.org\/{rel}","templated":true}]}}